{"id":14806,"date":"2018-01-09T16:49:40","date_gmt":"2018-01-09T16:49:40","guid":{"rendered":"https:\/\/abalis-traduction.com\/?page_id=14806"},"modified":"2019-03-19T11:22:58","modified_gmt":"2019-03-19T11:22:58","slug":"kundenbereich","status":"publish","type":"page","link":"https:\/\/abalis-traduction.com\/de\/kundenbereich\/","title":{"rendered":"Kundenbereich"},"content":{"rendered":"<div class=\"wpb-content-wrapper\"><p>[vc_row css=&#8221;.vc_custom_1448194157402{margin-bottom: 0px !important;}&#8221;][vc_column]<div id=\"ultimate-heading-361369e33f6bc3bc3\" class=\"uvc-heading ult-adjust-bottom-margin ultimate-heading-361369e33f6bc3bc3 uvc-6132 \" data-hspacer=\"line_only\"  data-halign=\"center\" style=\"text-align:center\"><div class=\"uvc-main-heading ult-responsive\"  data-ultimate-target='.uvc-heading.ultimate-heading-361369e33f6bc3bc3 h1'  data-responsive-json-new='{\"font-size\":\"desktop:26px;\",\"line-height\":\"desktop:45px;\"}' ><h1 style=\"font-family:&#039;Roboto&#039;;font-weight:normal;font-style:normal;color:#1557a3;margin-top:0px;margin-bottom:0px;\">KUNDENBEREICH<\/h1><\/div><div class=\"uvc-heading-spacer line_only\" style=\"margin-top:20px;margin-bottom:0px;height:5px;\"><span class=\"uvc-headings-line\" style=\"border-style:solid;border-bottom-width:5px;border-color:#e85c0d;width:30px;\"><\/span><\/div><\/div>[vc_separator color=&#8221;custom&#8221; el_width=&#8221;70&#8243; css=&#8221;.vc_custom_1508419530249{margin-top: -11px !important;margin-bottom: 0px !important;}&#8221; accent_color=&#8221;#1557a3&#8243;]<div class=\"ult-spacer spacer-69e33f6bc3c24\" data-id=\"69e33f6bc3c24\" data-height=\"20\" data-height-mobile=\"10\" data-height-tab=\"10\" data-height-tab-portrait=\"10\" data-height-mobile-landscape=\"10\" style=\"clear:both;display:block;\"><\/div><div id=\"ultimate-heading-286069e33f6bc3c5e\" class=\"uvc-heading ult-adjust-bottom-margin ultimate-heading-286069e33f6bc3c5e uvc-3235 \" data-hspacer=\"no_spacer\"  data-halign=\"center\" style=\"text-align:center\"><div class=\"uvc-heading-spacer no_spacer\" style=\"top\"><\/div><div class=\"uvc-main-heading ult-responsive\"  data-ultimate-target='.uvc-heading.ultimate-heading-286069e33f6bc3c5e h2'  data-responsive-json-new='{\"font-size\":\"\",\"line-height\":\"\"}' ><h2 style=\"font-family:&#039;Roboto&#039;;font-weight:normal;font-style:normal;color:#1557a3;margin-top:0px;margin-bottom:0px;\">ABALIS stellt Ihnen eine gesicherte, verschl\u00fcsselte Plattform f\u00fcr den sicheren Dateiaustausch zur Verf\u00fcgung<\/h2><\/div><\/div><div class=\"ult-spacer spacer-69e33f6bc3ca9\" data-id=\"69e33f6bc3ca9\" data-height=\"30\" data-height-mobile=\"15\" data-height-tab=\"15\" data-height-tab-portrait=\"15\" data-height-mobile-landscape=\"15\" style=\"clear:both;display:block;\"><\/div>[\/vc_column][\/vc_row][vc_row css=&#8221;.vc_custom_1515488809290{margin-top: 0px !important;margin-bottom: 0px !important;}&#8221;][vc_column][vc_row_inner][vc_column_inner]<div class=\"ult-spacer spacer-69e33f6bc3cca\" data-id=\"69e33f6bc3cca\" data-height=\"20\" data-height-mobile=\"20\" data-height-tab=\"20\" data-height-tab-portrait=\"\" data-height-mobile-landscape=\"\" style=\"clear:both;display:block;\"><\/div>[vc_column_text el_class=&#8221;p&#8221;]Wir wissen, dass strenge Vertraulichkeit und optimale Sicherheit beim Austausch von Dateien wesentliche Faktoren f\u00fcr unsere Kunden sind. Daher bietet ABALIS seinen Kunden die Nutzung einer gesicherten, personalisierten und bedarfsgerechten FTP-Plattform an.[\/vc_column_text][\/vc_column_inner][\/vc_row_inner][\/vc_column][\/vc_row][vc_row full_width=&#8221;stretch_row&#8221; bg_type=&#8221;image&#8221; parallax_style=&#8221;vcpb-default&#8221; bg_image_new=&#8221;id^14441|url^https:\/\/abalis-traduction.com\/wp-content\/uploads\/2018\/01\/bg-espace-client.jpg|caption^null|alt^null|title^bg-espace-client|description^null&#8221; bg_image_repeat=&#8221;no-repeat&#8221; bg_image_size=&#8221;initial&#8221; css=&#8221;.vc_custom_1515668944500{padding-top: 0px !important;padding-bottom: 40px !important;background-color: #f2f2f2 !important;}&#8221;][vc_column][vc_icon icon_fontawesome=&#8221;fa fa-sort-desc&#8221; color=&#8221;custom&#8221; align=&#8221;center&#8221; custom_color=&#8221;#1557a3&#8243; css=&#8221;.vc_custom_1515667456834{margin-top: 0px !important;margin-bottom: 0px !important;padding-top: 0px !important;padding-bottom: 0px !important;}&#8221;]<div id=\"ultimate-heading-475369e33f6bc3cf1\" class=\"uvc-heading ult-adjust-bottom-margin ultimate-heading-475369e33f6bc3cf1 uvc-8430 \" data-hspacer=\"no_spacer\"  data-halign=\"center\" style=\"text-align:center\"><div class=\"uvc-heading-spacer no_spacer\" style=\"top\"><\/div><div class=\"uvc-main-heading ult-responsive\"  data-ultimate-target='.uvc-heading.ultimate-heading-475369e33f6bc3cf1 h3'  data-responsive-json-new='{\"font-size\":\"\",\"line-height\":\"\"}' ><h3 style=\"font-family:&#039;Roboto&#039;;font-weight:500;color:#1557a3;margin-top:0px;margin-bottom:0px;\">Funktionsweise der ABALIS-Plattform:<\/h3><\/div><\/div><div class=\"ult-spacer spacer-69e33f6bc3d28\" data-id=\"69e33f6bc3d28\" data-height=\"50\" data-height-mobile=\"20\" data-height-tab=\"20\" data-height-tab-portrait=\"20\" data-height-mobile-landscape=\"20\" style=\"clear:both;display:block;\"><\/div>[vc_row_inner][vc_column_inner width=&#8221;1\/4&#8243;][vc_single_image image=&#8221;14425&#8243; img_size=&#8221;full&#8221; alignment=&#8221;center&#8221;][vc_column_text css=&#8221;.vc_custom_1545400031288{margin-bottom: 0px !important;}&#8221;]<\/p>\n<p style=\"text-align: center;\">Fordern Sie \u00fcber das Kontaktformular einen pers\u00f6nlichen Zugang zum <strong>ABALIS<\/strong> Kundenbereich<\/p>\n<p>[\/vc_column_text]<div class=\"ult-spacer spacer-69e33f6bc3d46\" data-id=\"69e33f6bc3d46\" data-height=\"15\" data-height-mobile=\"10\" data-height-tab=\"10\" data-height-tab-portrait=\"10\" data-height-mobile-landscape=\"10\" style=\"clear:both;display:block;\"><\/div>[\/vc_column_inner][vc_column_inner width=&#8221;1\/4&#8243;][vc_single_image image=&#8221;14424&#8243; img_size=&#8221;full&#8221; alignment=&#8221;center&#8221;][vc_column_text]<\/p>\n<p style=\"text-align: center;\">\u00a0Die Angabe einer g\u00fcltigen E-Mail-Adresse gen\u00fcgt, um Ihre pers\u00f6nlichen Zugangsdaten zu erhalten<\/p>\n<p>[\/vc_column_text][\/vc_column_inner][vc_column_inner width=&#8221;1\/4&#8243;][vc_single_image image=&#8221;14423&#8243; img_size=&#8221;full&#8221; alignment=&#8221;center&#8221;][vc_column_text]<\/p>\n<p style=\"text-align: center;\">Sie erhalten umgehend einen Benutzernamen und ein vorl\u00e4ufiges Passwort<\/p>\n<p>[\/vc_column_text][\/vc_column_inner][vc_column_inner width=&#8221;1\/4&#8243;][vc_single_image image=&#8221;14422&#8243; img_size=&#8221;full&#8221; alignment=&#8221;center&#8221;][vc_column_text]<\/p>\n<p style=\"text-align: center;\">Sie k\u00f6nnen jederzeit auf die Plattform zugreifen und eine von 3 Sprachen ausw\u00e4hlen<\/p>\n<p>[\/vc_column_text][\/vc_column_inner][\/vc_row_inner][vc_row_inner][vc_column_inner width=&#8221;1\/3&#8243;][\/vc_column_inner][vc_column_inner width=&#8221;1\/3&#8243;]<div class=\" ubtn-ctn-center \"><a class=\"ubtn-link ult-adjust-bottom-margin ubtn-center ubtn-small \"  rel='' href = \"http:\/\/portail.abalis-traduction.com\/\" ><button type=\"button\" id=\"ubtn-9692\" class=\"ubtn ult-adjust-bottom-margin ult-responsive ubtn-small ubtn-fade-bg  none  ubtn-center   tooltip-69e33f6bc3d82\"  data-hover=\"#ffffff\" data-border-color=\"\" data-bg=\"#e85c0d\" data-hover-bg=\"#1557a3\" data-border-hover=\"\" data-shadow-hover=\"\" data-shadow-click=\"none\" data-shadow=\"\" data-shd-shadow=\"\"  data-ultimate-target='#ubtn-9692'  data-responsive-json-new='{\"font-size\":\"\",\"line-height\":\"\"}'  style=\"font-weight:normal;border:none;background: #e85c0d;color: #ffffff;\"><span class=\"ubtn-hover\" style=\"background-color:#1557a3\"><\/span><span class=\"ubtn-data ubtn-text \" >ZUGANGSDATEN FORDERN<\/span><\/button><\/a><\/div>[\/vc_column_inner][vc_column_inner width=&#8221;1\/3&#8243;][\/vc_column_inner][\/vc_row_inner][\/vc_column][\/vc_row][vc_row css=&#8221;.vc_custom_1448194157402{margin-bottom: 0px !important;}&#8221;][vc_column]<div id=\"ultimate-heading-102869e33f6bc3e22\" class=\"uvc-heading ult-adjust-bottom-margin ultimate-heading-102869e33f6bc3e22 uvc-3794 \" data-hspacer=\"line_only\"  data-halign=\"center\" style=\"text-align:center\"><div class=\"uvc-main-heading ult-responsive\"  data-ultimate-target='.uvc-heading.ultimate-heading-102869e33f6bc3e22 h2'  data-responsive-json-new='{\"font-size\":\"desktop:26px;\",\"line-height\":\"desktop:45px;\"}' ><h2 style=\"font-family:&#039;Roboto&#039;;font-weight:500;color:#1557a3;margin-top:0px;margin-bottom:0px;\">F\u00fcr welchen Fall ist die ABALIS-Plattform gedacht?<\/h2><\/div><div class=\"uvc-heading-spacer line_only\" style=\"margin-top:20px;margin-bottom:0px;height:5px;\"><span class=\"uvc-headings-line\" style=\"border-style:solid;border-bottom-width:5px;border-color:#e85c0d;width:30px;\"><\/span><\/div><\/div>[vc_separator color=&#8221;custom&#8221; el_width=&#8221;70&#8243; css=&#8221;.vc_custom_1508419530249{margin-top: -11px !important;margin-bottom: 0px !important;}&#8221; accent_color=&#8221;#1557a3&#8243;]<div class=\"ult-spacer spacer-69e33f6bc3e54\" data-id=\"69e33f6bc3e54\" data-height=\"50\" data-height-mobile=\"20\" data-height-tab=\"20\" data-height-tab-portrait=\"20\" data-height-mobile-landscape=\"20\" style=\"clear:both;display:block;\"><\/div>[vc_row_inner css=&#8221;.vc_custom_1515679310897{margin-bottom: 0px !important;padding-bottom: 0px !important;}&#8221;][vc_column_inner width=&#8221;1\/2&#8243;][vc_single_image image=&#8221;14269&#8243; img_size=&#8221;full&#8221; alignment=&#8221;center&#8221; css=&#8221;.vc_custom_1515680977168{margin-bottom: 10px !important;}&#8221;][vc_single_image image=&#8221;14445&#8243; img_size=&#8221;114&#215;94&#8243; alignment=&#8221;center&#8221; css=&#8221;.vc_custom_1515681029029{margin-top: 10px !important;margin-bottom: 0px !important;}&#8221;]<div class=\"ult-spacer spacer-69e33f6bc3e6d\" data-id=\"69e33f6bc3e6d\" data-height=\"40\" data-height-mobile=\"40\" data-height-tab=\"40\" data-height-tab-portrait=\"\" data-height-mobile-landscape=\"\" style=\"clear:both;display:block;\"><\/div>[vc_column_text css=&#8221;.vc_custom_1552989317200{margin-top: 0px !important;}&#8221;]<\/p>\n<p style=\"text-align: center;\">Sobald die Anh\u00e4nge, die Sie uns per E-Mail senden m\u00f6chten, die <strong><span style=\"color: #1557a3;\">maximale Gr\u00f6\u00dfe von 10 MO \u00fcberschreiten<\/span>,<\/strong> die f\u00fcr Standardmails g\u00fcltig ist.<\/p>\n<p>[\/vc_column_text][\/vc_column_inner][vc_column_inner width=&#8221;1\/2&#8243;][vc_single_image image=&#8221;14269&#8243; img_size=&#8221;full&#8221; alignment=&#8221;center&#8221; css=&#8221;.vc_custom_1515680981768{margin-bottom: 10px !important;}&#8221;][vc_single_image image=&#8221;14446&#8243; img_size=&#8221;122&#215;92&#8243; alignment=&#8221;center&#8221; css=&#8221;.vc_custom_1515681032160{margin-top: 10px !important;margin-bottom: 0px !important;}&#8221;]<div class=\"ult-spacer spacer-69e33f6bc3e89\" data-id=\"69e33f6bc3e89\" data-height=\"40\" data-height-mobile=\"40\" data-height-tab=\"40\" data-height-tab-portrait=\"\" data-height-mobile-landscape=\"\" style=\"clear:both;display:block;\"><\/div>[vc_column_text css=&#8221;.vc_custom_1552989277681{margin-top: 0px !important;}&#8221;]<\/p>\n<p style=\"text-align: center;\">Bei <span style=\"color: #1557A3;\"><strong>Projekten mit hoher Dateianzahl<\/strong><\/span> ist unsere Plattform ein einfaches und sicheres \u00dcbertragungsmittel. <span class=\"txt-bleu\"><strong>*<\/strong><\/span><\/p>\n<p>[\/vc_column_text][\/vc_column_inner][\/vc_row_inner][vc_row_inner css=&#8221;.vc_custom_1515679275109{margin-top: 0px !important;}&#8221;][vc_column_inner][vc_column_text]<\/p>\n<h4 style=\"text-align: center;\">* Wir raten Ihnen, einen einzigen komprimierten Ordner mit Ihren Dateien zu erstellen (z.B. .zip), um den Datentransfer zu erleichtern.<\/h4>\n<p>[\/vc_column_text][\/vc_column_inner][\/vc_row_inner][\/vc_column][\/vc_row][vc_row full_width=&#8221;stretch_row&#8221; bg_type=&#8221;image&#8221; parallax_style=&#8221;vcpb-default&#8221; bg_image_new=&#8221;id^14206|url^https:\/\/abalis-traduction.com\/wp-content\/uploads\/2018\/01\/bg_call_to_action.jpg|caption^null|alt^null|title^bg_call_to_action|description^null&#8221; bg_image_repeat=&#8221;no-repeat&#8221; bg_image_size=&#8221;initial&#8221; css=&#8221;.vc_custom_1515487807584{margin-top: 0px !important;padding-top: 5px !important;padding-bottom: 5px !important;background-color: #1557a3 !important;}&#8221;][vc_column css=&#8221;.vc_custom_1515402301992{margin-top: 0px !important;}&#8221;][vc_row_inner content_placement=&#8221;middle&#8221;][vc_column_inner width=&#8221;1\/6&#8243;][vc_single_image image=&#8221;13999&#8243; img_size=&#8221;full&#8221; alignment=&#8221;center&#8221;][\/vc_column_inner][vc_column_inner width=&#8221;2\/3&#8243;]<div id=\"ultimate-heading-247669e33f6bc3eab\" class=\"uvc-heading ult-adjust-bottom-margin ultimate-heading-247669e33f6bc3eab uvc-1721 \" data-hspacer=\"no_spacer\"  data-halign=\"left\" style=\"text-align:left\"><div class=\"uvc-heading-spacer no_spacer\" style=\"top\"><\/div><div class=\"uvc-main-heading ult-responsive\"  data-ultimate-target='.uvc-heading.ultimate-heading-247669e33f6bc3eab h3'  data-responsive-json-new='{\"font-size\":\"\",\"line-height\":\"\"}' ><h3 style=\"font-family:&#039;Roboto&#039;;font-weight:700;color:#ffffff;\">ABALIS, Ihr idealer Partner f\u00fcr internationale Unternehmenskommunikation!<\/h3><\/div><div class=\"uvc-sub-heading ult-responsive\"  data-ultimate-target='.uvc-heading.ultimate-heading-247669e33f6bc3eab .uvc-sub-heading '  data-responsive-json-new='{\"font-size\":\"\",\"line-height\":\"\"}'  style=\"font-family:&#039;Roboto&#039;;font-weight:normal;color:#f2f2f2;\">Sie k\u00f6nnen uns jederzeit f\u00fcr weitere Ausk\u00fcnfte kontaktieren!<\/div><\/div>[\/vc_column_inner][vc_column_inner width=&#8221;1\/6&#8243;]<div class=\" ubtn-ctn-center \"><a class=\"ubtn-link ult-adjust-bottom-margin ubtn-center ubtn-small \"  rel='' href = \"https:\/\/abalis-traduction.com\/de\/kontakt\/\" ><button type=\"button\" id=\"ubtn-1744\" class=\"ubtn ult-adjust-bottom-margin ult-responsive ubtn-small ubtn-fade-bg  none  ubtn-center   tooltip-69e33f6bc3ee7\"  data-hover=\"#ffffff\" data-border-color=\"\" data-bg=\"#ffffff\" data-hover-bg=\"#e85c0d\" data-border-hover=\"\" data-shadow-hover=\"\" data-shadow-click=\"none\" data-shadow=\"\" data-shd-shadow=\"\"  data-ultimate-target='#ubtn-1744'  data-responsive-json-new='{\"font-size\":\"\",\"line-height\":\"\"}'  style=\"font-weight:normal;border:none;background: #ffffff;color: #1557a3;\"><span class=\"ubtn-hover\" style=\"background-color:#e85c0d\"><\/span><span class=\"ubtn-data ubtn-text \" >KONTAKTIEREN SIE UNS<\/span><\/button><\/a><\/div>[\/vc_column_inner][\/vc_row_inner][\/vc_column][\/vc_row]<\/p>\n<\/div>","protected":false},"excerpt":{"rendered":"<p>[vc_row css=&#8221;.vc_custom_1448194157402{margin-bottom: 0px !important;}&#8221;][vc_column][vc_separator color=&#8221;custom&#8221; el_width=&#8221;70&#8243; css=&#8221;.vc_custom_1508419530249{margin-top: -11px !important;margin-bottom: 0px !important;}&#8221; accent_color=&#8221;#1557a3&#8243;][\/vc_column][\/vc_row][vc_row css=&#8221;.vc_custom_1515488809290{margin-top: 0px !important;margin-bottom: 0px !important;}&#8221;][vc_column][vc_row_inner][vc_column_inner][vc_column_text el_class=&#8221;p&#8221;]Wir wissen, dass strenge Vertraulichkeit und optimale Sicherheit beim Austausch von Dateien wesentliche&nbsp;<a href=\"https:\/\/abalis-traduction.com\/de\/kundenbereich\/\">[&hellip;]<\/a><\/p>\n","protected":false},"author":17,"featured_media":0,"parent":0,"menu_order":0,"comment_status":"closed","ping_status":"closed","template":"template-fullwidth.php","meta":{"footnotes":""},"class_list":["post-14806","page","type-page","status-publish","hentry"],"yoast_head":"<!-- This site is optimized with the Yoast SEO plugin v26.0 - https:\/\/yoast.com\/wordpress\/plugins\/seo\/ -->\n<title>Kundenbereich | Abalis Traduction | \u00dcbersetzen und Dolmetschen<\/title>\n<meta name=\"description\" content=\"Abalis Traduction bietet Ihnen eine gesicherte Plattform, um risikolos Ihre Dateien zu \u00fcbermitteln. | \u00dcbersetzungs- und Dolmetschagentur\" \/>\n<meta name=\"robots\" content=\"index, follow, max-snippet:-1, max-image-preview:large, max-video-preview:-1\" \/>\n<link rel=\"canonical\" href=\"https:\/\/abalis-traduction.com\/portail-client\/\" \/>\n<meta property=\"og:locale\" content=\"de_DE\" \/>\n<meta property=\"og:type\" content=\"article\" \/>\n<meta property=\"og:title\" content=\"Kundenbereich | Abalis Traduction | \u00dcbersetzen und Dolmetschen\" \/>\n<meta property=\"og:description\" content=\"Abalis Traduction bietet Ihnen eine gesicherte Plattform, um risikolos Ihre Dateien zu \u00fcbermitteln. | \u00dcbersetzungs- und Dolmetschagentur\" \/>\n<meta property=\"og:url\" content=\"https:\/\/abalis-traduction.com\/portail-client\/\" \/>\n<meta property=\"og:site_name\" content=\"Abalis Traduction\" \/>\n<meta property=\"article:modified_time\" content=\"2019-03-19T11:22:58+00:00\" \/>\n<meta name=\"twitter:card\" content=\"summary_large_image\" \/>\n<meta name=\"twitter:label1\" content=\"Gesch\u00e4tzte Lesezeit\" \/>\n\t<meta name=\"twitter:data1\" content=\"7\u00a0Minuten\" \/>\n<script type=\"application\/ld+json\" class=\"yoast-schema-graph\">{\"@context\":\"https:\/\/schema.org\",\"@graph\":[{\"@type\":\"WebPage\",\"@id\":\"https:\/\/abalis-traduction.com\/portail-client\/\",\"url\":\"https:\/\/abalis-traduction.com\/portail-client\/\",\"name\":\"Kundenbereich | Abalis Traduction | \u00dcbersetzen und Dolmetschen\",\"isPartOf\":{\"@id\":\"https:\/\/abalis-traduction.com\/#website\"},\"datePublished\":\"2018-01-09T16:49:40+00:00\",\"dateModified\":\"2019-03-19T11:22:58+00:00\",\"description\":\"Abalis Traduction bietet Ihnen eine gesicherte Plattform, um risikolos Ihre Dateien zu \u00fcbermitteln. | \u00dcbersetzungs- und Dolmetschagentur\",\"breadcrumb\":{\"@id\":\"https:\/\/abalis-traduction.com\/portail-client\/#breadcrumb\"},\"inLanguage\":\"de\",\"potentialAction\":[{\"@type\":\"ReadAction\",\"target\":[\"https:\/\/abalis-traduction.com\/portail-client\/\"]}]},{\"@type\":\"BreadcrumbList\",\"@id\":\"https:\/\/abalis-traduction.com\/portail-client\/#breadcrumb\",\"itemListElement\":[{\"@type\":\"ListItem\",\"position\":1,\"name\":\"Accueil\",\"item\":\"https:\/\/abalis-traduction.com\/de\/\"},{\"@type\":\"ListItem\",\"position\":2,\"name\":\"Kundenbereich\"}]},{\"@type\":\"WebSite\",\"@id\":\"https:\/\/abalis-traduction.com\/#website\",\"url\":\"https:\/\/abalis-traduction.com\/\",\"name\":\"Abalis Traduction\",\"description\":\"L&#039;intelligence humaine pour accompagner votre d\u00e9veloppement international\",\"potentialAction\":[{\"@type\":\"SearchAction\",\"target\":{\"@type\":\"EntryPoint\",\"urlTemplate\":\"https:\/\/abalis-traduction.com\/?s={search_term_string}\"},\"query-input\":{\"@type\":\"PropertyValueSpecification\",\"valueRequired\":true,\"valueName\":\"search_term_string\"}}],\"inLanguage\":\"de\"}]}<\/script>\n<!-- \/ Yoast SEO plugin. -->","yoast_head_json":{"title":"Kundenbereich | Abalis Traduction | \u00dcbersetzen und Dolmetschen","description":"Abalis Traduction bietet Ihnen eine gesicherte Plattform, um risikolos Ihre Dateien zu \u00fcbermitteln. | \u00dcbersetzungs- und Dolmetschagentur","robots":{"index":"index","follow":"follow","max-snippet":"max-snippet:-1","max-image-preview":"max-image-preview:large","max-video-preview":"max-video-preview:-1"},"canonical":"https:\/\/abalis-traduction.com\/portail-client\/","og_locale":"de_DE","og_type":"article","og_title":"Kundenbereich | Abalis Traduction | \u00dcbersetzen und Dolmetschen","og_description":"Abalis Traduction bietet Ihnen eine gesicherte Plattform, um risikolos Ihre Dateien zu \u00fcbermitteln. | \u00dcbersetzungs- und Dolmetschagentur","og_url":"https:\/\/abalis-traduction.com\/portail-client\/","og_site_name":"Abalis Traduction","article_modified_time":"2019-03-19T11:22:58+00:00","twitter_card":"summary_large_image","twitter_misc":{"Gesch\u00e4tzte Lesezeit":"7\u00a0Minuten"},"schema":{"@context":"https:\/\/schema.org","@graph":[{"@type":"WebPage","@id":"https:\/\/abalis-traduction.com\/portail-client\/","url":"https:\/\/abalis-traduction.com\/portail-client\/","name":"Kundenbereich | Abalis Traduction | \u00dcbersetzen und Dolmetschen","isPartOf":{"@id":"https:\/\/abalis-traduction.com\/#website"},"datePublished":"2018-01-09T16:49:40+00:00","dateModified":"2019-03-19T11:22:58+00:00","description":"Abalis Traduction bietet Ihnen eine gesicherte Plattform, um risikolos Ihre Dateien zu \u00fcbermitteln. | \u00dcbersetzungs- und Dolmetschagentur","breadcrumb":{"@id":"https:\/\/abalis-traduction.com\/portail-client\/#breadcrumb"},"inLanguage":"de","potentialAction":[{"@type":"ReadAction","target":["https:\/\/abalis-traduction.com\/portail-client\/"]}]},{"@type":"BreadcrumbList","@id":"https:\/\/abalis-traduction.com\/portail-client\/#breadcrumb","itemListElement":[{"@type":"ListItem","position":1,"name":"Accueil","item":"https:\/\/abalis-traduction.com\/de\/"},{"@type":"ListItem","position":2,"name":"Kundenbereich"}]},{"@type":"WebSite","@id":"https:\/\/abalis-traduction.com\/#website","url":"https:\/\/abalis-traduction.com\/","name":"Abalis Traduction","description":"L&#039;intelligence humaine pour accompagner votre d\u00e9veloppement international","potentialAction":[{"@type":"SearchAction","target":{"@type":"EntryPoint","urlTemplate":"https:\/\/abalis-traduction.com\/?s={search_term_string}"},"query-input":{"@type":"PropertyValueSpecification","valueRequired":true,"valueName":"search_term_string"}}],"inLanguage":"de"}]}},"_links":{"self":[{"href":"https:\/\/abalis-traduction.com\/de\/wp-json\/wp\/v2\/pages\/14806","targetHints":{"allow":["GET"]}}],"collection":[{"href":"https:\/\/abalis-traduction.com\/de\/wp-json\/wp\/v2\/pages"}],"about":[{"href":"https:\/\/abalis-traduction.com\/de\/wp-json\/wp\/v2\/types\/page"}],"author":[{"embeddable":true,"href":"https:\/\/abalis-traduction.com\/de\/wp-json\/wp\/v2\/users\/17"}],"replies":[{"embeddable":true,"href":"https:\/\/abalis-traduction.com\/de\/wp-json\/wp\/v2\/comments?post=14806"}],"version-history":[{"count":0,"href":"https:\/\/abalis-traduction.com\/de\/wp-json\/wp\/v2\/pages\/14806\/revisions"}],"wp:attachment":[{"href":"https:\/\/abalis-traduction.com\/de\/wp-json\/wp\/v2\/media?parent=14806"}],"curies":[{"name":"wp","href":"https:\/\/api.w.org\/{rel}","templated":true}]}}