{"id":14827,"date":"2018-01-22T14:38:52","date_gmt":"2018-01-22T14:38:52","guid":{"rendered":"https:\/\/abalis-traduction.com\/?page_id=14827"},"modified":"2019-01-31T19:09:23","modified_gmt":"2019-01-31T19:09:23","slug":"ubersetzer-netzwerk","status":"publish","type":"page","link":"https:\/\/abalis-traduction.com\/de\/ubersetzer-netzwerk\/","title":{"rendered":"\u00dcbersetzer-Netzwerk"},"content":{"rendered":"<div class=\"wpb-content-wrapper\"><p>[vc_row css=&#8221;.vc_custom_1448194157402{margin-bottom: 0px !important;}&#8221;][vc_column 0=&#8221;&#8221;]<div id=\"ultimate-heading-27666a0377778d815\" class=\"uvc-heading ult-adjust-bottom-margin ultimate-heading-27666a0377778d815 uvc-9626 \" data-hspacer=\"line_only\"  data-halign=\"center\" style=\"text-align:center\"><div class=\"uvc-main-heading ult-responsive\"  data-ultimate-target='.uvc-heading.ultimate-heading-27666a0377778d815 h1'  data-responsive-json-new='{\"font-size\":\"desktop:26px;\",\"line-height\":\"desktop:45px;\"}' ><h1 style=\"font-family:&#039;Roboto&#039;;font-weight:500;color:#1557a3;margin-top:0px;margin-bottom:0px;\">\u00dcBERSETZER-NETZWERK<\/h1><\/div><div class=\"uvc-heading-spacer line_only\" style=\"margin-top:20px;margin-bottom:0px;height:5px;\"><span class=\"uvc-headings-line\" style=\"border-style:solid;border-bottom-width:5px;border-color:#e85c0d;width:30px;\"><\/span><\/div><\/div>[vc_separator color=&#8221;custom&#8221; el_width=&#8221;70&#8243; css=&#8221;.vc_custom_1508419530249{margin-top: -11px !important;margin-bottom: 0px !important;}&#8221; accent_color=&#8221;#1557a3&#8243;]<div class=\"ult-spacer spacer-6a0377778d889\" data-id=\"6a0377778d889\" data-height=\"10\" data-height-mobile=\"10\" data-height-tab=\"10\" data-height-tab-portrait=\"\" data-height-mobile-landscape=\"\" style=\"clear:both;display:block;\"><\/div><div id=\"ultimate-heading-23766a0377778d8bf\" class=\"uvc-heading ult-adjust-bottom-margin ultimate-heading-23766a0377778d8bf uvc-6658 \" data-hspacer=\"no_spacer\"  data-halign=\"center\" style=\"text-align:center\"><div class=\"uvc-heading-spacer no_spacer\" style=\"top\"><\/div><div class=\"uvc-main-heading ult-responsive\"  data-ultimate-target='.uvc-heading.ultimate-heading-23766a0377778d8bf h2'  data-responsive-json-new='{\"font-size\":\"desktop:26px;\",\"line-height\":\"desktop:45px;\"}' ><h2 style=\"font-family:&#039;Roboto&#039;;font-weight:normal;font-style:normal;color:#1557a3;margin-top:0px;margin-bottom:0px;\">ABALIS: Ein weltweites, professionelles \u00dcbersetzer-Netzwerk<\/h2><\/div><\/div><div class=\"ult-spacer spacer-6a0377778d8f9\" data-id=\"6a0377778d8f9\" data-height=\"30\" data-height-mobile=\"15\" data-height-tab=\"15\" data-height-tab-portrait=\"15\" data-height-mobile-landscape=\"15\" style=\"clear:both;display:block;\"><\/div>[\/vc_column][\/vc_row][vc_row css=&#8221;.vc_custom_1515488809290{margin-top: 0px !important;margin-bottom: 0px !important;}&#8221;][vc_column 0=&#8221;&#8221;][vc_row_inner 0=&#8221;&#8221;][vc_column_inner 0=&#8221;&#8221;]<div class=\"ult-spacer spacer-6a0377778d916\" data-id=\"6a0377778d916\" data-height=\"20\" data-height-mobile=\"20\" data-height-tab=\"20\" data-height-tab-portrait=\"\" data-height-mobile-landscape=\"\" style=\"clear:both;display:block;\"><\/div>[vc_column_text el_class=&#8221;p&#8221;]Unsere Aufgabe ist es, weltweit die gr\u00f6\u00dften Talente in den Bereichen \u00dcbersetzen und Dolmetschen ausfindig zu machen und eine Weltkarte mit muttersprachlichen Sprachexperten f\u00fcr s\u00e4mtliche Fachgebiete zu erstellen, einschlie\u00dflich Spitzentechnologien und Neue Technologien.<\/p>\n<p>Denn nicht jeder \u00dcbersetzer ist gleich ein professioneller \u00dcbersetzer. Wobei die Berufserfahrung alleine nicht unbedingt das ausschlagende Kriterium f\u00fcr die Wahl des &#8220;<strong>richtigen \u00dcbersetzers&#8221;<\/strong>\u00a0oder des &#8220;<strong>richtigen Dolmetschers&#8221;<\/strong>\u00a0ist. <strong>ABALIS<\/strong> verpflichtet sich zu einer partnerschaftlichen Zusammenarbeit mit Ihrem Unternehmen, um Ihre Projekte f\u00fcr Ihre Zukunft erfolgreich durchzuf\u00fchren.[\/vc_column_text][\/vc_column_inner][\/vc_row_inner][vc_row_inner 0=&#8221;&#8221;][vc_column_inner width=&#8221;1\/2&#8243;][vc_column_text css=&#8221;.vc_custom_1545833016838{margin-bottom: 0px !important;}&#8221;]Vor der Aufnahme in den <span style=\"color: #ff6600;\"><strong>\u00dcbersetzer- und Dolmetscherpool<\/strong><\/span> von <strong>ABALIS<\/strong> wird ein strenges Verfahren gem\u00e4\u00df der <strong>Norm ISO 17100<\/strong>\u00a0angewendet, das jeden Bewerber zur Erf\u00fcllung folgender Kriterien verpflichtet:[\/vc_column_text]<div class=\"uavc-list-icon uavc-list-icon-wrapper ult-adjust-bottom-margin p  vc_custom_1515489049691  vc_custom_1515489049691\"><ul class=\"uavc-list\"><li><div class=\"uavc-list-content\" id=\"list-icon-wrap-7767\">\n<div class=\"uavc-list-icon bulle-orange \" data-animation=\"\" data-animation-delay=\"03\" style=\"margin-right:15px;\"><div class=\"ult-just-icon-wrapper  \"><div class=\"align-icon\" style=\"text-align:center;\">\n<div class=\"aio-icon-img \" style=\"font-size:22px;display:inline-block;\" >\n\t<img decoding=\"async\" class=\"img-icon\" alt=\"null\" src=\"https:\/\/abalis-traduction.com\/wp-content\/uploads\/2018\/01\/picto-bulle-orange.png\"\/>\n<\/div><\/div><\/div>\n<\/div><span  data-ultimate-target='#list-icon-wrap-7767 .uavc-list-desc'  data-responsive-json-new='{\"font-size\":\"\",\"line-height\":\"\"}'  class=\"uavc-list-desc ult-responsive\" style=\"\"><span style=\"color: #ff6600;\"><strong>Erhalt eines ausf\u00fchrlichen Lebenslaufs<\/strong><\/span>: Familienstand, Wohnort, Diplom, Berufserfahrung, Referenzen, CAT-Tools, Sprachkombinationen, Muttersprache, Fachgebiete und\/oder Gesch\u00e4ftssegment in absteigender Reihenfolge, Preistabelle<\/span><\/div><\/li><li><div class=\"uavc-list-content\" id=\"list-icon-wrap-5225\">\n<div class=\"uavc-list-icon bulle-orange \" data-animation=\"\" data-animation-delay=\"03\" style=\"margin-right:15px;\"><div class=\"ult-just-icon-wrapper  \"><div class=\"align-icon\" style=\"text-align:center;\">\n<div class=\"aio-icon-img \" style=\"font-size:22px;display:inline-block;\" >\n\t<img decoding=\"async\" class=\"img-icon\" alt=\"null\" src=\"https:\/\/abalis-traduction.com\/wp-content\/uploads\/2018\/01\/picto-bulle-orange.png\"\/>\n<\/div><\/div><\/div>\n<\/div><span  data-ultimate-target='#list-icon-wrap-5225 .uavc-list-desc'  data-responsive-json-new='{\"font-size\":\"\",\"line-height\":\"\"}'  class=\"uavc-list-desc ult-responsive\" style=\"\"><span style=\"color: #ff6600;\"><strong>Bestehen des Tests und\/oder des Pr\u00fcfauftrags<\/strong><\/span> entsprechend der jeweiligen Sprachkombinationen und Fachgebiete<\/span><\/div><\/li><li><div class=\"uavc-list-content\" id=\"list-icon-wrap-1991\">\n<div class=\"uavc-list-icon bulle-orange \" data-animation=\"\" data-animation-delay=\"03\" style=\"margin-right:15px;\"><div class=\"ult-just-icon-wrapper  \"><div class=\"align-icon\" style=\"text-align:center;\">\n<div class=\"aio-icon-img \" style=\"font-size:22px;display:inline-block;\" >\n\t<img decoding=\"async\" class=\"img-icon\" alt=\"null\" src=\"https:\/\/abalis-traduction.com\/wp-content\/uploads\/2018\/01\/picto-bulle-orange.png\"\/>\n<\/div><\/div><\/div>\n<\/div><span  data-ultimate-target='#list-icon-wrap-1991 .uavc-list-desc'  data-responsive-json-new='{\"font-size\":\"\",\"line-height\":\"\"}'  class=\"uavc-list-desc ult-responsive\" style=\"\">Unterzeichnung einer &#8220;<strong><span style=\"color: #ff6600;\">Vertraulichkeitserkl\u00e4rung<\/span>&#8220;<\/strong><\/span><\/div><\/li><\/ul><\/div>[\/vc_column_inner][vc_column_inner width=&#8221;1\/2&#8243;][vc_column_text el_class=&#8221;p&#8221;]Das \u00dcbersetzer- oder Dolmetscherprofil wird nach Annahme in die <strong>ABALIS<\/strong>-Datenbank aufgenommen und mit der Note A, B oder C versehen (A = Hervorragend, B = Gut, C = Standard).<\/p>\n<p>Alle \u00dcbersetzer und\/oder Dolmetscher der\u00a0<strong>ABALIS<\/strong>-Datenbank werden einer st\u00e4ndigen Qualit\u00e4tskontrolle unterzogen, die gegebenenfalls zu einer besseren oder schlechteren Note f\u00fchren kann.[\/vc_column_text][\/vc_column_inner][\/vc_row_inner]<div class=\"ult-spacer spacer-6a0377778dfa1\" data-id=\"6a0377778dfa1\" data-height=\"30\" data-height-mobile=\"15\" data-height-tab=\"15\" data-height-tab-portrait=\"15\" data-height-mobile-landscape=\"15\" style=\"clear:both;display:block;\"><\/div>[vc_row_inner css=&#8221;.vc_custom_1515489031187{padding-right: 15px !important;padding-bottom: 15px !important;padding-left: 15px !important;background-color: #e85c0d !important;}&#8221;][vc_column_inner 0=&#8221;&#8221;]<div id=\"ultimate-heading-34416a0377778dfcc\" class=\"uvc-heading ult-adjust-bottom-margin ultimate-heading-34416a0377778dfcc uvc-7826 \" data-hspacer=\"no_spacer\"  data-halign=\"center\" style=\"text-align:center\"><div class=\"uvc-heading-spacer no_spacer\" style=\"top\"><\/div><div class=\"uvc-main-heading ult-responsive\"  data-ultimate-target='.uvc-heading.ultimate-heading-34416a0377778dfcc h2'  data-responsive-json-new='{\"font-size\":\"\",\"line-height\":\"\"}' ><h2 style=\"font-family:&#039;Roboto&#039;;font-weight:700;color:#ffffff;margin-bottom:20px;\">SIE M\u00d6CHTEN IN DIE WELTWEITE ABALIS-DATENBANK AUFGENOMMEN WERDEN?<\/h2><\/div><div class=\"uvc-sub-heading ult-responsive\"  data-ultimate-target='.uvc-heading.ultimate-heading-34416a0377778dfcc .uvc-sub-heading '  data-responsive-json-new='{\"font-size\":\"\",\"line-height\":\"\"}'  style=\"font-family:&#039;Roboto&#039;;font-weight:normal;color:#ffffff;\">Senden Sie uns Ihre Bewerbung an unsere zentrale E-Mail-Adresse contact@abalis-traduction.com oder f\u00fcllen Sie das Angebotsanfrage-Formular auf unserer Startseite aus.<\/p>\n<p>Bitte geben Sie Ihre Motivation an und senden uns Ihren ausf\u00fchrlichen Lebenslauf mit Referenzen und\/oder Empfehlungen mit Angabe der Kontaktdaten.<\/div><\/div>[\/vc_column_inner][\/vc_row_inner][\/vc_column][\/vc_row][vc_row full_width=&#8221;stretch_row&#8221; css=&#8221;.vc_custom_1516178919745{margin-top: 60px !important;margin-bottom: 0px !important;padding-top: 30px !important;padding-bottom: 30px !important;background-color: #f7f7f7 !important;}&#8221;][vc_column 0=&#8221;&#8221;]<div id=\"ultimate-heading-63276a0377778e01b\" class=\"uvc-heading ult-adjust-bottom-margin ultimate-heading-63276a0377778e01b uvc-2570 \" data-hspacer=\"line_only\"  data-halign=\"center\" style=\"text-align:center\"><div class=\"uvc-main-heading ult-responsive\"  data-ultimate-target='.uvc-heading.ultimate-heading-63276a0377778e01b h1'  data-responsive-json-new='{\"font-size\":\"desktop:26px;\",\"line-height\":\"desktop:45px;\"}' ><h1 style=\"font-family:&#039;Roboto&#039;;font-weight:500;color:#1557a3;margin-top:0px;margin-bottom:0px;\">ABALIS bietet auch seinen Sprachexperten Support-Services<\/h1><\/div><div class=\"uvc-heading-spacer line_only\" style=\"margin-top:20px;margin-bottom:0px;height:5px;\"><span class=\"uvc-headings-line\" style=\"border-style:solid;border-bottom-width:5px;border-color:#e85c0d;width:30px;\"><\/span><\/div><\/div>[vc_separator color=&#8221;custom&#8221; el_width=&#8221;70&#8243; css=&#8221;.vc_custom_1508419530249{margin-top: -11px !important;margin-bottom: 0px !important;}&#8221; accent_color=&#8221;#1557a3&#8243;]<div class=\"ult-spacer spacer-6a0377778e043\" data-id=\"6a0377778e043\" data-height=\"10\" data-height-mobile=\"10\" data-height-tab=\"10\" data-height-tab-portrait=\"\" data-height-mobile-landscape=\"\" style=\"clear:both;display:block;\"><\/div>[vc_column_text 0=&#8221;&#8221;]<\/p>\n<div id=\"tinyMCE\">\n<p style=\"text-align: center;\"><strong>ABALIS<\/strong> ist sich der Bedeutung einer dauerhaften Partnerschaft mit seinen Fach\u00fcbersetzern bewusst. Daher bieten wir unseren Dienstleistern Support-Services f\u00fcr die t\u00e4gliche Arbeit.<br \/>\nSupport f\u00fcr \u00dcbersetzung und Layout:<\/p>\n<\/div>\n<div class=\"column standard\"><\/div>\n<div class=\"column standard\"><\/div>\n<p>[\/vc_column_text]<div class=\"ult-spacer spacer-6a0377778e05d\" data-id=\"6a0377778e05d\" data-height=\"30\" data-height-mobile=\"15\" data-height-tab=\"15\" data-height-tab-portrait=\"15\" data-height-mobile-landscape=\"15\" style=\"clear:both;display:block;\"><\/div>[vc_row_inner gap=&#8221;20&#8243;][vc_column_inner width=&#8221;1\/4&#8243;][vc_single_image image=&#8221;14230&#8243; img_size=&#8221;163&#215;163&#8243; alignment=&#8221;center&#8221;][vc_column_text 0=&#8221;&#8221;]<\/p>\n<p style=\"text-align: center;\">Alignment Ihrer bestehenden Dokumente<\/p>\n<p>[\/vc_column_text][\/vc_column_inner][vc_column_inner width=&#8221;1\/4&#8243;][vc_single_image image=&#8221;14231&#8243; img_size=&#8221;163&#215;163&#8243; alignment=&#8221;center&#8221;][vc_column_text 0=&#8221;&#8221;]<\/p>\n<p style=\"text-align: center;\">Erstellung von Fachglossaren und Multiterm-Datenbanken<\/p>\n<p>[\/vc_column_text][\/vc_column_inner][vc_column_inner width=&#8221;1\/4&#8243;][vc_single_image image=&#8221;14232&#8243; img_size=&#8221;163&#215;163&#8243; alignment=&#8221;center&#8221;][vc_column_text 0=&#8221;&#8221;]<\/p>\n<p style=\"text-align: center;\">Vorbereitung und\/oder Erstellung und\/oder Aktualisierung Ihrer Dateien (z.B. Office-Paket)<\/p>\n<p>[\/vc_column_text][\/vc_column_inner][vc_column_inner width=&#8221;1\/4&#8243;][vc_single_image image=&#8221;15177&#8243; img_size=&#8221;163&#215;163&#8243; alignment=&#8221;center&#8221;][vc_column_text 0=&#8221;&#8221;]<\/p>\n<p style=\"text-align: center;\">Dateikonvertierung<\/p>\n<p>[\/vc_column_text][\/vc_column_inner][\/vc_row_inner][\/vc_column][\/vc_row][vc_row full_width=&#8221;stretch_row&#8221; bg_type=&#8221;image&#8221; parallax_style=&#8221;vcpb-default&#8221; bg_image_new=&#8221;id^14206|url^https:\/\/abalis-traduction.com\/wp-content\/uploads\/2018\/01\/bg_call_to_action.jpg|caption^null|alt^null|title^bg_call_to_action|description^null&#8221; bg_image_repeat=&#8221;no-repeat&#8221; bg_image_size=&#8221;initial&#8221; css=&#8221;.vc_custom_1515487807584{margin-top: 0px !important;padding-top: 5px !important;padding-bottom: 5px !important;background-color: #1557a3 !important;}&#8221;][vc_column css=&#8221;.vc_custom_1515402301992{margin-top: 0px !important;}&#8221;][vc_row_inner content_placement=&#8221;middle&#8221;][vc_column_inner width=&#8221;1\/6&#8243;][vc_single_image image=&#8221;13999&#8243; img_size=&#8221;full&#8221; alignment=&#8221;center&#8221;][\/vc_column_inner][vc_column_inner width=&#8221;2\/3&#8243;]<div id=\"ultimate-heading-87786a0377778e07e\" class=\"uvc-heading ult-adjust-bottom-margin ultimate-heading-87786a0377778e07e uvc-1300 \" data-hspacer=\"no_spacer\"  data-halign=\"left\" style=\"text-align:left\"><div class=\"uvc-heading-spacer no_spacer\" style=\"top\"><\/div><div class=\"uvc-main-heading ult-responsive\"  data-ultimate-target='.uvc-heading.ultimate-heading-87786a0377778e07e h3'  data-responsive-json-new='{\"font-size\":\"\",\"line-height\":\"\"}' ><h3 style=\"font-family:&#039;Roboto&#039;;font-weight:700;color:#ffffff;\">ABALIS, Ihr idealer Partner f\u00fcr internationale Unternehmenskommunikation!<\/h3><\/div><div class=\"uvc-sub-heading ult-responsive\"  data-ultimate-target='.uvc-heading.ultimate-heading-87786a0377778e07e .uvc-sub-heading '  data-responsive-json-new='{\"font-size\":\"\",\"line-height\":\"\"}'  style=\"font-family:&#039;Roboto&#039;;font-weight:normal;color:#f2f2f2;\">Sie k\u00f6nnen uns jederzeit f\u00fcr weitere Ausk\u00fcnfte kontaktieren!<\/div><\/div>[\/vc_column_inner][vc_column_inner width=&#8221;1\/6&#8243;]<div class=\" ubtn-ctn-center \"><a class=\"ubtn-link ult-adjust-bottom-margin ubtn-center ubtn-small \"  rel='' href = \"https:\/\/abalis-traduction.com\/de\/kontakt\/\" ><button type=\"button\" id=\"ubtn-2907\" class=\"ubtn ult-adjust-bottom-margin ult-responsive ubtn-small ubtn-fade-bg  none  ubtn-center   tooltip-6a0377778e0c2\"  data-hover=\"#ffffff\" data-border-color=\"\" data-bg=\"#ffffff\" data-hover-bg=\"#e85c0d\" data-border-hover=\"\" data-shadow-hover=\"\" data-shadow-click=\"none\" data-shadow=\"\" data-shd-shadow=\"\"  data-ultimate-target='#ubtn-2907'  data-responsive-json-new='{\"font-size\":\"\",\"line-height\":\"\"}'  style=\"font-weight:normal;border:none;background: #ffffff;color: #1557a3;\"><span class=\"ubtn-hover\" style=\"background-color:#e85c0d\"><\/span><span class=\"ubtn-data ubtn-text \" >KONTAKTIEREN SIE UNS<\/span><\/button><\/a><\/div>[\/vc_column_inner][\/vc_row_inner][\/vc_column][\/vc_row]<\/p>\n<\/div>","protected":false},"excerpt":{"rendered":"<p>[vc_row css=&#8221;.vc_custom_1448194157402{margin-bottom: 0px !important;}&#8221;][vc_column 0=&#8221;&#8221;][vc_separator color=&#8221;custom&#8221; el_width=&#8221;70&#8243; css=&#8221;.vc_custom_1508419530249{margin-top: -11px !important;margin-bottom: 0px !important;}&#8221; accent_color=&#8221;#1557a3&#8243;][\/vc_column][\/vc_row][vc_row css=&#8221;.vc_custom_1515488809290{margin-top: 0px !important;margin-bottom: 0px !important;}&#8221;][vc_column 0=&#8221;&#8221;][vc_row_inner 0=&#8221;&#8221;][vc_column_inner 0=&#8221;&#8221;][vc_column_text el_class=&#8221;p&#8221;]Unsere Aufgabe ist es, weltweit die gr\u00f6\u00dften Talente in&nbsp;<a href=\"https:\/\/abalis-traduction.com\/de\/ubersetzer-netzwerk\/\">[&hellip;]<\/a><\/p>\n","protected":false},"author":17,"featured_media":0,"parent":0,"menu_order":0,"comment_status":"closed","ping_status":"closed","template":"template-fullwidth.php","meta":{"footnotes":""},"class_list":["post-14827","page","type-page","status-publish","hentry"],"yoast_head":"<!-- This site is optimized with the Yoast SEO plugin v26.0 - https:\/\/yoast.com\/wordpress\/plugins\/seo\/ -->\n<title>\u00dcbersetzer-Netzwerk | Abalis Traduction | \u00dcbersetzungs- und Dolmetschagentur<\/title>\n<meta name=\"description\" content=\"Abalis Traduction st\u00fctzt sich auf sein \u00dcbersetzer-Netzwerk, um f\u00e4hige Fachleute zu finden, die Ihre Dokumente qualitativ gut \u00fcbersetzen. | Loiret\" \/>\n<meta name=\"robots\" content=\"index, follow, max-snippet:-1, max-image-preview:large, max-video-preview:-1\" \/>\n<link rel=\"canonical\" href=\"https:\/\/abalis-traduction.com\/reseau-traducteur\/\" \/>\n<meta property=\"og:locale\" content=\"de_DE\" \/>\n<meta property=\"og:type\" content=\"article\" \/>\n<meta property=\"og:title\" content=\"\u00dcbersetzer-Netzwerk | Abalis Traduction | \u00dcbersetzungs- und Dolmetschagentur\" \/>\n<meta property=\"og:description\" content=\"Abalis Traduction st\u00fctzt sich auf sein \u00dcbersetzer-Netzwerk, um f\u00e4hige Fachleute zu finden, die Ihre Dokumente qualitativ gut \u00fcbersetzen. | Loiret\" \/>\n<meta property=\"og:url\" content=\"https:\/\/abalis-traduction.com\/reseau-traducteur\/\" \/>\n<meta property=\"og:site_name\" content=\"Abalis Traduction\" \/>\n<meta property=\"article:modified_time\" content=\"2019-01-31T19:09:23+00:00\" \/>\n<meta name=\"twitter:card\" content=\"summary_large_image\" \/>\n<meta name=\"twitter:label1\" content=\"Gesch\u00e4tzte Lesezeit\" \/>\n\t<meta name=\"twitter:data1\" content=\"7\u00a0Minuten\" \/>\n<script type=\"application\/ld+json\" class=\"yoast-schema-graph\">{\"@context\":\"https:\/\/schema.org\",\"@graph\":[{\"@type\":\"WebPage\",\"@id\":\"https:\/\/abalis-traduction.com\/reseau-traducteur\/\",\"url\":\"https:\/\/abalis-traduction.com\/reseau-traducteur\/\",\"name\":\"\u00dcbersetzer-Netzwerk | Abalis Traduction | \u00dcbersetzungs- und Dolmetschagentur\",\"isPartOf\":{\"@id\":\"https:\/\/abalis-traduction.com\/#website\"},\"datePublished\":\"2018-01-22T14:38:52+00:00\",\"dateModified\":\"2019-01-31T19:09:23+00:00\",\"description\":\"Abalis Traduction st\u00fctzt sich auf sein \u00dcbersetzer-Netzwerk, um f\u00e4hige Fachleute zu finden, die Ihre Dokumente qualitativ gut \u00fcbersetzen. | Loiret\",\"breadcrumb\":{\"@id\":\"https:\/\/abalis-traduction.com\/reseau-traducteur\/#breadcrumb\"},\"inLanguage\":\"de\",\"potentialAction\":[{\"@type\":\"ReadAction\",\"target\":[\"https:\/\/abalis-traduction.com\/reseau-traducteur\/\"]}]},{\"@type\":\"BreadcrumbList\",\"@id\":\"https:\/\/abalis-traduction.com\/reseau-traducteur\/#breadcrumb\",\"itemListElement\":[{\"@type\":\"ListItem\",\"position\":1,\"name\":\"Accueil\",\"item\":\"https:\/\/abalis-traduction.com\/de\/\"},{\"@type\":\"ListItem\",\"position\":2,\"name\":\"\u00dcbersetzer-Netzwerk\"}]},{\"@type\":\"WebSite\",\"@id\":\"https:\/\/abalis-traduction.com\/#website\",\"url\":\"https:\/\/abalis-traduction.com\/\",\"name\":\"Abalis Traduction\",\"description\":\"L&#039;intelligence humaine pour accompagner votre d\u00e9veloppement international\",\"potentialAction\":[{\"@type\":\"SearchAction\",\"target\":{\"@type\":\"EntryPoint\",\"urlTemplate\":\"https:\/\/abalis-traduction.com\/?s={search_term_string}\"},\"query-input\":{\"@type\":\"PropertyValueSpecification\",\"valueRequired\":true,\"valueName\":\"search_term_string\"}}],\"inLanguage\":\"de\"}]}<\/script>\n<!-- \/ Yoast SEO plugin. -->","yoast_head_json":{"title":"\u00dcbersetzer-Netzwerk | Abalis Traduction | \u00dcbersetzungs- und Dolmetschagentur","description":"Abalis Traduction st\u00fctzt sich auf sein \u00dcbersetzer-Netzwerk, um f\u00e4hige Fachleute zu finden, die Ihre Dokumente qualitativ gut \u00fcbersetzen. | Loiret","robots":{"index":"index","follow":"follow","max-snippet":"max-snippet:-1","max-image-preview":"max-image-preview:large","max-video-preview":"max-video-preview:-1"},"canonical":"https:\/\/abalis-traduction.com\/reseau-traducteur\/","og_locale":"de_DE","og_type":"article","og_title":"\u00dcbersetzer-Netzwerk | Abalis Traduction | \u00dcbersetzungs- und Dolmetschagentur","og_description":"Abalis Traduction st\u00fctzt sich auf sein \u00dcbersetzer-Netzwerk, um f\u00e4hige Fachleute zu finden, die Ihre Dokumente qualitativ gut \u00fcbersetzen. | Loiret","og_url":"https:\/\/abalis-traduction.com\/reseau-traducteur\/","og_site_name":"Abalis Traduction","article_modified_time":"2019-01-31T19:09:23+00:00","twitter_card":"summary_large_image","twitter_misc":{"Gesch\u00e4tzte Lesezeit":"7\u00a0Minuten"},"schema":{"@context":"https:\/\/schema.org","@graph":[{"@type":"WebPage","@id":"https:\/\/abalis-traduction.com\/reseau-traducteur\/","url":"https:\/\/abalis-traduction.com\/reseau-traducteur\/","name":"\u00dcbersetzer-Netzwerk | Abalis Traduction | \u00dcbersetzungs- und Dolmetschagentur","isPartOf":{"@id":"https:\/\/abalis-traduction.com\/#website"},"datePublished":"2018-01-22T14:38:52+00:00","dateModified":"2019-01-31T19:09:23+00:00","description":"Abalis Traduction st\u00fctzt sich auf sein \u00dcbersetzer-Netzwerk, um f\u00e4hige Fachleute zu finden, die Ihre Dokumente qualitativ gut \u00fcbersetzen. | Loiret","breadcrumb":{"@id":"https:\/\/abalis-traduction.com\/reseau-traducteur\/#breadcrumb"},"inLanguage":"de","potentialAction":[{"@type":"ReadAction","target":["https:\/\/abalis-traduction.com\/reseau-traducteur\/"]}]},{"@type":"BreadcrumbList","@id":"https:\/\/abalis-traduction.com\/reseau-traducteur\/#breadcrumb","itemListElement":[{"@type":"ListItem","position":1,"name":"Accueil","item":"https:\/\/abalis-traduction.com\/de\/"},{"@type":"ListItem","position":2,"name":"\u00dcbersetzer-Netzwerk"}]},{"@type":"WebSite","@id":"https:\/\/abalis-traduction.com\/#website","url":"https:\/\/abalis-traduction.com\/","name":"Abalis Traduction","description":"L&#039;intelligence humaine pour accompagner votre d\u00e9veloppement international","potentialAction":[{"@type":"SearchAction","target":{"@type":"EntryPoint","urlTemplate":"https:\/\/abalis-traduction.com\/?s={search_term_string}"},"query-input":{"@type":"PropertyValueSpecification","valueRequired":true,"valueName":"search_term_string"}}],"inLanguage":"de"}]}},"_links":{"self":[{"href":"https:\/\/abalis-traduction.com\/de\/wp-json\/wp\/v2\/pages\/14827","targetHints":{"allow":["GET"]}}],"collection":[{"href":"https:\/\/abalis-traduction.com\/de\/wp-json\/wp\/v2\/pages"}],"about":[{"href":"https:\/\/abalis-traduction.com\/de\/wp-json\/wp\/v2\/types\/page"}],"author":[{"embeddable":true,"href":"https:\/\/abalis-traduction.com\/de\/wp-json\/wp\/v2\/users\/17"}],"replies":[{"embeddable":true,"href":"https:\/\/abalis-traduction.com\/de\/wp-json\/wp\/v2\/comments?post=14827"}],"version-history":[{"count":0,"href":"https:\/\/abalis-traduction.com\/de\/wp-json\/wp\/v2\/pages\/14827\/revisions"}],"wp:attachment":[{"href":"https:\/\/abalis-traduction.com\/de\/wp-json\/wp\/v2\/media?parent=14827"}],"curies":[{"name":"wp","href":"https:\/\/api.w.org\/{rel}","templated":true}]}}