{"id":14831,"date":"2018-01-09T10:27:58","date_gmt":"2018-01-09T10:27:58","guid":{"rendered":"https:\/\/abalis-traduction.com\/?page_id=14831"},"modified":"2019-02-12T14:05:00","modified_gmt":"2019-02-12T14:05:00","slug":"unsere-geschichte","status":"publish","type":"page","link":"https:\/\/abalis-traduction.com\/de\/unsere-geschichte\/","title":{"rendered":"Unsere Geschichte"},"content":{"rendered":"<div class=\"wpb-content-wrapper\"><p>[vc_row css=&#8221;.vc_custom_1448194157402{margin-bottom: 0px !important;}&#8221;][vc_column]<div id=\"ultimate-heading-205269ea5de899ce6\" class=\"uvc-heading ult-adjust-bottom-margin ultimate-heading-205269ea5de899ce6 uvc-3540 \" data-hspacer=\"line_only\"  data-halign=\"center\" style=\"text-align:center\"><div class=\"uvc-main-heading ult-responsive\"  data-ultimate-target='.uvc-heading.ultimate-heading-205269ea5de899ce6 h1'  data-responsive-json-new='{\"font-size\":\"desktop:26px;\",\"line-height\":\"desktop:45px;\"}' ><h1 style=\"font-family:&#039;Roboto&#039;;font-weight:700;color:#1557a3;margin-top:0px;margin-bottom:0px;\">UNSERE GESCHICHTE<\/h1><\/div><div class=\"uvc-heading-spacer line_only\" style=\"margin-top:20px;margin-bottom:0px;height:5px;\"><span class=\"uvc-headings-line\" style=\"border-style:solid;border-bottom-width:5px;border-color:#e85c0d;width:30px;\"><\/span><\/div><\/div>[vc_separator color=&#8221;custom&#8221; el_width=&#8221;70&#8243; css=&#8221;.vc_custom_1515495104045{margin-top: -11px !important;margin-bottom: 0px !important;}&#8221; accent_color=&#8221;#1557a3&#8243;]<div class=\"ult-spacer spacer-69ea5de899d45\" data-id=\"69ea5de899d45\" data-height=\"30\" data-height-mobile=\"30\" data-height-tab=\"30\" data-height-tab-portrait=\"\" data-height-mobile-landscape=\"\" style=\"clear:both;display:block;\"><\/div>[vc_column_text]<\/p>\n<p style=\"text-align: center; color: #1557a3; font-size: 22px; line-height: 24px;\"><strong>Ein unaufhaltsames Wachstum<\/strong><\/p>\n<p>[\/vc_column_text][\/vc_column][\/vc_row][vc_row][vc_column][vc_row_inner][vc_column_inner][vc_single_image image=&#8221;16039&#8243; img_size=&#8221;full&#8221; alignment=&#8221;center&#8221;][\/vc_column_inner][\/vc_row_inner][\/vc_column][\/vc_row][vc_row css=&#8221;.vc_custom_1540490635785{margin-top: 50px !important;}&#8221;][vc_column css=&#8221;.vc_custom_1455187709067{margin-bottom: 0px !important;padding-bottom: 0px !important;}&#8221;][vc_row_inner][vc_column_inner width=&#8221;1\/4&#8243;]<div class=\"stats-block stats-top  orange1 \"><div class=\"aio-icon-top\"><div class=\"ult-just-icon-wrapper  \"><div class=\"align-icon\" style=\"text-align:center;\"><\/div><\/div><\/div><div class=\"stats-desc\" id=\"counter-responsv-wrap-2529\"><div id=\"counter_93943681769ea5de899f42\" data-id=\"counter_93943681769ea5de899f42\"  data-ultimate-target='#counter-responsv-wrap-2529 .stats-number'  data-responsive-json-new='{\"font-size\":\"\",\"line-height\":\"\"}'  class=\"stats-number ult-responsive\" style=\"font-size:28px;  \" data-speed=\"3\" data-counter-value=\"1998\" data-separator=\"none\" data-decimal=\".\">0<\/div><div counter-responsv-wrap-2529  data-ultimate-target='#counter-responsv-wrap-2529 .stats-text'  data-responsive-json-new='{\"font-size\":\"\",\"line-height\":\"\"}'  class=\"stats-text ult-responsive\" style=\"font-size:18px;  \"><\/div><\/div><\/div>[\/vc_column_inner][vc_column_inner width=&#8221;3\/4&#8243;][vc_column_text el_class=&#8221;p&#8221; css=&#8221;.vc_custom_1549980290121{padding-top: 40px !important;}&#8221;]<strong>ABALIS<\/strong>, Spezialist f\u00fcr \u00dcbersetzungs- und Dolmetscherdienstleistungen, wird 1998 in Orl\u00e9ans von Philippe Vion gegr\u00fcndet, einem Unternehmer, der 25 Jahre internationale Berufserfahrung mitbringt.[\/vc_column_text][\/vc_column_inner][\/vc_row_inner][vc_row_inner css=&#8221;.vc_custom_1540490642377{margin-top: 35px !important;}&#8221;][vc_column_inner width=&#8221;3\/4&#8243;][vc_column_text el_class=&#8221;p&#8221; css=&#8221;.vc_custom_1545299277781{padding-top: 40px !important;}&#8221;]<\/p>\n<p style=\"text-align: right;\">Im Laufe des Jahres 2007 erwirbt das Unternehmen neue B\u00fcror\u00e4ume, g\u00fcnstig gelegen am Loire-Ufer im Zentrum von Orl\u00e9ans, unter der Adresse 8 Quai de la Madelaine.<\/p>\n<p>[\/vc_column_text][\/vc_column_inner][vc_column_inner width=&#8221;1\/4&#8243;]<div class=\"stats-block stats-top  blue1 \"><div class=\"aio-icon-top\"><div class=\"ult-just-icon-wrapper  \"><div class=\"align-icon\" style=\"text-align:center;\"><\/div><\/div><\/div><div class=\"stats-desc\" id=\"counter-responsv-wrap-9521\"><div id=\"counter_20577187169ea5de899fd6\" data-id=\"counter_20577187169ea5de899fd6\"  data-ultimate-target='#counter-responsv-wrap-9521 .stats-number'  data-responsive-json-new='{\"font-size\":\"\",\"line-height\":\"\"}'  class=\"stats-number ult-responsive\" style=\"font-size:28px;  \" data-speed=\"3\" data-counter-value=\"2007\" data-separator=\"none\" data-decimal=\".\">0<\/div><div counter-responsv-wrap-9521  data-ultimate-target='#counter-responsv-wrap-9521 .stats-text'  data-responsive-json-new='{\"font-size\":\"\",\"line-height\":\"\"}'  class=\"stats-text ult-responsive\" style=\"font-size:18px;  \"><\/div><\/div><\/div>[\/vc_column_inner][\/vc_row_inner][vc_row_inner css=&#8221;.vc_custom_1540490646041{margin-top: 35px !important;}&#8221;][vc_column_inner width=&#8221;1\/4&#8243;]<div class=\"stats-block stats-top  orange1 \"><div class=\"aio-icon-top\"><div class=\"ult-just-icon-wrapper  \"><div class=\"align-icon\" style=\"text-align:center;\"><\/div><\/div><\/div><div class=\"stats-desc\" id=\"counter-responsv-wrap-9609\"><div id=\"counter_111955798369ea5de89a049\" data-id=\"counter_111955798369ea5de89a049\"  data-ultimate-target='#counter-responsv-wrap-9609 .stats-number'  data-responsive-json-new='{\"font-size\":\"\",\"line-height\":\"\"}'  class=\"stats-number ult-responsive\" style=\"font-size:28px;  \" data-speed=\"3\" data-counter-value=\"2014\" data-separator=\"none\" data-decimal=\".\">0<\/div><div counter-responsv-wrap-9609  data-ultimate-target='#counter-responsv-wrap-9609 .stats-text'  data-responsive-json-new='{\"font-size\":\"\",\"line-height\":\"\"}'  class=\"stats-text ult-responsive\" style=\"font-size:18px;  \"><\/div><\/div><\/div>[\/vc_column_inner][vc_column_inner width=&#8221;3\/4&#8243;][vc_column_text el_class=&#8221;p&#8221; css=&#8221;.vc_custom_1545320273095{padding-top: 40px !important;}&#8221;]Im dritten Quartal des Jahres 2014 bezieht das ABALIS-Team ein 600 m\u00b2 gro\u00dfes Gesch\u00e4ftsgeb\u00e4ude und stellt damit sein Streben nach einer verst\u00e4rkten Unternehmensentwicklung f\u00fcr die kommenden Jahre unter Beweis.[\/vc_column_text][\/vc_column_inner][\/vc_row_inner][vc_row_inner css=&#8221;.vc_custom_1540490649746{margin-top: 35px !important;margin-bottom: 35px !important;}&#8221;][vc_column_inner width=&#8221;3\/4&#8243;][vc_column_text el_class=&#8221;p&#8221; css=&#8221;.vc_custom_1545320312050{padding-top: 40px !important;}&#8221;]<\/p>\n<p style=\"text-align: right;\">Dank seiner Partnerschaften mit zahlreichen CAC 40-notierten Unternehmensgruppen und seinen insgesamt \u00fcber 300 internationalen Kunden geh\u00f6rt <strong>ABALIS<\/strong> sowohl innerhalb als auch au\u00dferhalb Frankreichs zu den wichtigsten Akteuren im Bereich \u00dcbersetzen und Dolmetschen.<\/p>\n<p>[\/vc_column_text][\/vc_column_inner][vc_column_inner width=&#8221;1\/4&#8243;]<div class=\"stats-block stats-top  blue1 \"><div class=\"aio-icon-top\"><div class=\"ult-just-icon-wrapper  \"><div class=\"align-icon\" style=\"text-align:center;\"><\/div><\/div><\/div><div class=\"stats-desc\" id=\"counter-responsv-wrap-9749\"><div id=\"counter_15795963369ea5de89a0b1\" data-id=\"counter_15795963369ea5de89a0b1\"  data-ultimate-target='#counter-responsv-wrap-9749 .stats-number'  data-responsive-json-new='{\"font-size\":\"\",\"line-height\":\"\"}'  class=\"stats-number ult-responsive\" style=\"font-size:28px;  \" data-speed=\"3\" data-counter-value=\"2019\" data-separator=\"none\" data-decimal=\".\">0<\/div><div counter-responsv-wrap-9749  data-ultimate-target='#counter-responsv-wrap-9749 .stats-text'  data-responsive-json-new='{\"font-size\":\"\",\"line-height\":\"\"}'  class=\"stats-text ult-responsive\" style=\"font-size:18px;  \"><\/div><\/div><\/div>[\/vc_column_inner][\/vc_row_inner][\/vc_column][\/vc_row][vc_row full_width=&#8221;stretch_row&#8221; bg_type=&#8221;image&#8221; parallax_style=&#8221;vcpb-default&#8221; bg_image_new=&#8221;id^14206|url^https:\/\/abalis-traduction.com\/wp-content\/uploads\/2018\/01\/bg_call_to_action.jpg|caption^null|alt^null|title^bg_call_to_action|description^null&#8221; bg_image_repeat=&#8221;no-repeat&#8221; bg_image_size=&#8221;initial&#8221; css=&#8221;.vc_custom_1515487807584{margin-top: 0px !important;padding-top: 5px !important;padding-bottom: 5px !important;background-color: #1557a3 !important;}&#8221;][vc_column css=&#8221;.vc_custom_1515402301992{margin-top: 0px !important;}&#8221;][vc_row_inner content_placement=&#8221;middle&#8221;][vc_column_inner width=&#8221;1\/6&#8243;][vc_single_image image=&#8221;13999&#8243; img_size=&#8221;full&#8221; alignment=&#8221;center&#8221;][\/vc_column_inner][vc_column_inner width=&#8221;2\/3&#8243;]<div id=\"ultimate-heading-630469ea5de89a0e2\" class=\"uvc-heading ult-adjust-bottom-margin ultimate-heading-630469ea5de89a0e2 uvc-9004 \" data-hspacer=\"no_spacer\"  data-halign=\"left\" style=\"text-align:left\"><div class=\"uvc-heading-spacer no_spacer\" style=\"top\"><\/div><div class=\"uvc-main-heading ult-responsive\"  data-ultimate-target='.uvc-heading.ultimate-heading-630469ea5de89a0e2 h3'  data-responsive-json-new='{\"font-size\":\"\",\"line-height\":\"\"}' ><h3 style=\"font-family:&#039;Roboto&#039;;font-weight:700;color:#ffffff;\">ABALIS, Ihr idealer Partner f\u00fcr internationale Unternehmenskommunikation!<\/h3><\/div><div class=\"uvc-sub-heading ult-responsive\"  data-ultimate-target='.uvc-heading.ultimate-heading-630469ea5de89a0e2 .uvc-sub-heading '  data-responsive-json-new='{\"font-size\":\"\",\"line-height\":\"\"}'  style=\"font-family:&#039;Roboto&#039;;font-weight:normal;color:#f2f2f2;\">Sie k\u00f6nnen uns jederzeit f\u00fcr weitere Ausk\u00fcnfte kontaktieren!<\/div><\/div>[\/vc_column_inner][vc_column_inner width=&#8221;1\/6&#8243;]<div class=\" ubtn-ctn-center \"><a class=\"ubtn-link ult-adjust-bottom-margin ubtn-center ubtn-small \"  rel='' href = \"https:\/\/abalis-traduction.com\/de\/kontakt\/\" ><button type=\"button\" id=\"ubtn-1958\" class=\"ubtn ult-adjust-bottom-margin ult-responsive ubtn-small ubtn-fade-bg  none  ubtn-center   tooltip-69ea5de89a126\"  data-hover=\"#ffffff\" data-border-color=\"\" data-bg=\"#ffffff\" data-hover-bg=\"#e85c0d\" data-border-hover=\"\" data-shadow-hover=\"\" data-shadow-click=\"none\" data-shadow=\"\" data-shd-shadow=\"\"  data-ultimate-target='#ubtn-1958'  data-responsive-json-new='{\"font-size\":\"\",\"line-height\":\"\"}'  style=\"font-weight:normal;border:none;background: #ffffff;color: #1557a3;\"><span class=\"ubtn-hover\" style=\"background-color:#e85c0d\"><\/span><span class=\"ubtn-data ubtn-text \" >KONTAKTIEREN SIE UNS<\/span><\/button><\/a><\/div>[\/vc_column_inner][\/vc_row_inner][\/vc_column][\/vc_row]<\/p>\n<\/div>","protected":false},"excerpt":{"rendered":"<p>[vc_row css=&#8221;.vc_custom_1448194157402{margin-bottom: 0px !important;}&#8221;][vc_column][vc_separator color=&#8221;custom&#8221; el_width=&#8221;70&#8243; css=&#8221;.vc_custom_1515495104045{margin-top: -11px !important;margin-bottom: 0px !important;}&#8221; accent_color=&#8221;#1557a3&#8243;][vc_column_text] Ein unaufhaltsames Wachstum [\/vc_column_text][\/vc_column][\/vc_row][vc_row][vc_column][vc_row_inner][vc_column_inner][vc_single_image image=&#8221;16039&#8243; img_size=&#8221;full&#8221; alignment=&#8221;center&#8221;][\/vc_column_inner][\/vc_row_inner][\/vc_column][\/vc_row][vc_row css=&#8221;.vc_custom_1540490635785{margin-top: 50px !important;}&#8221;][vc_column css=&#8221;.vc_custom_1455187709067{margin-bottom: 0px !important;padding-bottom: 0px !important;}&#8221;][vc_row_inner][vc_column_inner width=&#8221;1\/4&#8243;][\/vc_column_inner][vc_column_inner width=&#8221;3\/4&#8243;][vc_column_text el_class=&#8221;p&#8221;&nbsp;<a href=\"https:\/\/abalis-traduction.com\/de\/unsere-geschichte\/\">[&hellip;]<\/a><\/p>\n","protected":false},"author":17,"featured_media":0,"parent":0,"menu_order":0,"comment_status":"closed","ping_status":"closed","template":"template-fullwidth.php","meta":{"footnotes":""},"class_list":["post-14831","page","type-page","status-publish","hentry"],"yoast_head":"<!-- This site is optimized with the Yoast SEO plugin v26.0 - https:\/\/yoast.com\/wordpress\/plugins\/seo\/ -->\n<title>Unsere Geschichte | \u00dcbersetzungsagentur | ABALIS TRADUCTION<\/title>\n<meta name=\"description\" content=\"Als Experte f\u00fcr \u00dcbersetzen und Dolmetschen ist unsere Agentur in Frankreich und im Ausland einer der wichtigsten Akteure in diesem Sektor. | ABALIS TRADUCTION\" \/>\n<meta name=\"robots\" content=\"index, follow, max-snippet:-1, max-image-preview:large, max-video-preview:-1\" \/>\n<link rel=\"canonical\" href=\"https:\/\/abalis-traduction.com\/notre-histoire\/\" \/>\n<meta property=\"og:locale\" content=\"de_DE\" \/>\n<meta property=\"og:type\" content=\"article\" \/>\n<meta property=\"og:title\" content=\"Unsere Geschichte | \u00dcbersetzungsagentur | ABALIS TRADUCTION\" \/>\n<meta property=\"og:description\" content=\"Als Experte f\u00fcr \u00dcbersetzen und Dolmetschen ist unsere Agentur in Frankreich und im Ausland einer der wichtigsten Akteure in diesem Sektor. | ABALIS TRADUCTION\" \/>\n<meta property=\"og:url\" content=\"https:\/\/abalis-traduction.com\/notre-histoire\/\" \/>\n<meta property=\"og:site_name\" content=\"Abalis Traduction\" \/>\n<meta property=\"article:modified_time\" content=\"2019-02-12T14:05:00+00:00\" \/>\n<meta name=\"twitter:card\" content=\"summary_large_image\" \/>\n<meta name=\"twitter:label1\" content=\"Gesch\u00e4tzte Lesezeit\" \/>\n\t<meta name=\"twitter:data1\" content=\"4\u00a0Minuten\" \/>\n<script type=\"application\/ld+json\" class=\"yoast-schema-graph\">{\"@context\":\"https:\/\/schema.org\",\"@graph\":[{\"@type\":\"WebPage\",\"@id\":\"https:\/\/abalis-traduction.com\/notre-histoire\/\",\"url\":\"https:\/\/abalis-traduction.com\/notre-histoire\/\",\"name\":\"Unsere Geschichte | \u00dcbersetzungsagentur | ABALIS TRADUCTION\",\"isPartOf\":{\"@id\":\"https:\/\/abalis-traduction.com\/#website\"},\"datePublished\":\"2018-01-09T10:27:58+00:00\",\"dateModified\":\"2019-02-12T14:05:00+00:00\",\"description\":\"Als Experte f\u00fcr \u00dcbersetzen und Dolmetschen ist unsere Agentur in Frankreich und im Ausland einer der wichtigsten Akteure in diesem Sektor. | ABALIS TRADUCTION\",\"breadcrumb\":{\"@id\":\"https:\/\/abalis-traduction.com\/notre-histoire\/#breadcrumb\"},\"inLanguage\":\"de\",\"potentialAction\":[{\"@type\":\"ReadAction\",\"target\":[\"https:\/\/abalis-traduction.com\/notre-histoire\/\"]}]},{\"@type\":\"BreadcrumbList\",\"@id\":\"https:\/\/abalis-traduction.com\/notre-histoire\/#breadcrumb\",\"itemListElement\":[{\"@type\":\"ListItem\",\"position\":1,\"name\":\"Accueil\",\"item\":\"https:\/\/abalis-traduction.com\/de\/\"},{\"@type\":\"ListItem\",\"position\":2,\"name\":\"Unsere Geschichte\"}]},{\"@type\":\"WebSite\",\"@id\":\"https:\/\/abalis-traduction.com\/#website\",\"url\":\"https:\/\/abalis-traduction.com\/\",\"name\":\"Abalis Traduction\",\"description\":\"L&#039;intelligence humaine pour accompagner votre d\u00e9veloppement international\",\"potentialAction\":[{\"@type\":\"SearchAction\",\"target\":{\"@type\":\"EntryPoint\",\"urlTemplate\":\"https:\/\/abalis-traduction.com\/?s={search_term_string}\"},\"query-input\":{\"@type\":\"PropertyValueSpecification\",\"valueRequired\":true,\"valueName\":\"search_term_string\"}}],\"inLanguage\":\"de\"}]}<\/script>\n<!-- \/ Yoast SEO plugin. -->","yoast_head_json":{"title":"Unsere Geschichte | \u00dcbersetzungsagentur | ABALIS TRADUCTION","description":"Als Experte f\u00fcr \u00dcbersetzen und Dolmetschen ist unsere Agentur in Frankreich und im Ausland einer der wichtigsten Akteure in diesem Sektor. | ABALIS TRADUCTION","robots":{"index":"index","follow":"follow","max-snippet":"max-snippet:-1","max-image-preview":"max-image-preview:large","max-video-preview":"max-video-preview:-1"},"canonical":"https:\/\/abalis-traduction.com\/notre-histoire\/","og_locale":"de_DE","og_type":"article","og_title":"Unsere Geschichte | \u00dcbersetzungsagentur | ABALIS TRADUCTION","og_description":"Als Experte f\u00fcr \u00dcbersetzen und Dolmetschen ist unsere Agentur in Frankreich und im Ausland einer der wichtigsten Akteure in diesem Sektor. | ABALIS TRADUCTION","og_url":"https:\/\/abalis-traduction.com\/notre-histoire\/","og_site_name":"Abalis Traduction","article_modified_time":"2019-02-12T14:05:00+00:00","twitter_card":"summary_large_image","twitter_misc":{"Gesch\u00e4tzte Lesezeit":"4\u00a0Minuten"},"schema":{"@context":"https:\/\/schema.org","@graph":[{"@type":"WebPage","@id":"https:\/\/abalis-traduction.com\/notre-histoire\/","url":"https:\/\/abalis-traduction.com\/notre-histoire\/","name":"Unsere Geschichte | \u00dcbersetzungsagentur | ABALIS TRADUCTION","isPartOf":{"@id":"https:\/\/abalis-traduction.com\/#website"},"datePublished":"2018-01-09T10:27:58+00:00","dateModified":"2019-02-12T14:05:00+00:00","description":"Als Experte f\u00fcr \u00dcbersetzen und Dolmetschen ist unsere Agentur in Frankreich und im Ausland einer der wichtigsten Akteure in diesem Sektor. | ABALIS TRADUCTION","breadcrumb":{"@id":"https:\/\/abalis-traduction.com\/notre-histoire\/#breadcrumb"},"inLanguage":"de","potentialAction":[{"@type":"ReadAction","target":["https:\/\/abalis-traduction.com\/notre-histoire\/"]}]},{"@type":"BreadcrumbList","@id":"https:\/\/abalis-traduction.com\/notre-histoire\/#breadcrumb","itemListElement":[{"@type":"ListItem","position":1,"name":"Accueil","item":"https:\/\/abalis-traduction.com\/de\/"},{"@type":"ListItem","position":2,"name":"Unsere Geschichte"}]},{"@type":"WebSite","@id":"https:\/\/abalis-traduction.com\/#website","url":"https:\/\/abalis-traduction.com\/","name":"Abalis Traduction","description":"L&#039;intelligence humaine pour accompagner votre d\u00e9veloppement international","potentialAction":[{"@type":"SearchAction","target":{"@type":"EntryPoint","urlTemplate":"https:\/\/abalis-traduction.com\/?s={search_term_string}"},"query-input":{"@type":"PropertyValueSpecification","valueRequired":true,"valueName":"search_term_string"}}],"inLanguage":"de"}]}},"_links":{"self":[{"href":"https:\/\/abalis-traduction.com\/de\/wp-json\/wp\/v2\/pages\/14831","targetHints":{"allow":["GET"]}}],"collection":[{"href":"https:\/\/abalis-traduction.com\/de\/wp-json\/wp\/v2\/pages"}],"about":[{"href":"https:\/\/abalis-traduction.com\/de\/wp-json\/wp\/v2\/types\/page"}],"author":[{"embeddable":true,"href":"https:\/\/abalis-traduction.com\/de\/wp-json\/wp\/v2\/users\/17"}],"replies":[{"embeddable":true,"href":"https:\/\/abalis-traduction.com\/de\/wp-json\/wp\/v2\/comments?post=14831"}],"version-history":[{"count":0,"href":"https:\/\/abalis-traduction.com\/de\/wp-json\/wp\/v2\/pages\/14831\/revisions"}],"wp:attachment":[{"href":"https:\/\/abalis-traduction.com\/de\/wp-json\/wp\/v2\/media?parent=14831"}],"curies":[{"name":"wp","href":"https:\/\/api.w.org\/{rel}","templated":true}]}}