{"id":14843,"date":"2018-01-09T14:24:46","date_gmt":"2018-01-09T14:24:46","guid":{"rendered":"https:\/\/abalis-traduction.com\/?page_id=14843"},"modified":"2019-03-19T09:52:32","modified_gmt":"2019-03-19T09:52:32","slug":"soziale-verantwortung","status":"publish","type":"page","link":"https:\/\/abalis-traduction.com\/de\/soziale-verantwortung\/","title":{"rendered":"Soziale Verantwortung"},"content":{"rendered":"<div class=\"wpb-content-wrapper\"><p>[vc_row css=&#8221;.vc_custom_1448194157402{margin-bottom: 0px !important;}&#8221;][vc_column 0=&#8221;&#8221;]<div id=\"ultimate-heading-73536a04734213b41\" class=\"uvc-heading ult-adjust-bottom-margin ultimate-heading-73536a04734213b41 uvc-6801 \" data-hspacer=\"line_only\"  data-halign=\"center\" style=\"text-align:center\"><div class=\"uvc-main-heading ult-responsive\"  data-ultimate-target='.uvc-heading.ultimate-heading-73536a04734213b41 h1'  data-responsive-json-new='{\"font-size\":\"desktop:26px;\",\"line-height\":\"desktop:45px;\"}' ><h1 style=\"font-family:&#039;Roboto&#039;;font-weight:500;color:#1557a3;margin-top:0px;margin-bottom:0px;\">SOZIALE VERANTWORTUNG<\/h1><\/div><div class=\"uvc-heading-spacer line_only\" style=\"margin-top:20px;margin-bottom:0px;height:5px;\"><span class=\"uvc-headings-line\" style=\"border-style:solid;border-bottom-width:5px;border-color:#e85c0d;width:30px;\"><\/span><\/div><\/div>[vc_separator color=&#8221;custom&#8221; el_width=&#8221;70&#8243; css=&#8221;.vc_custom_1508419530249{margin-top: -11px !important;margin-bottom: 0px !important;}&#8221; accent_color=&#8221;#1557a3&#8243;]<div class=\"ult-spacer spacer-6a04734213b9c\" data-id=\"6a04734213b9c\" data-height=\"10\" data-height-mobile=\"10\" data-height-tab=\"10\" data-height-tab-portrait=\"\" data-height-mobile-landscape=\"\" style=\"clear:both;display:block;\"><\/div><div id=\"ultimate-heading-76486a04734213bcc\" class=\"uvc-heading ult-adjust-bottom-margin ultimate-heading-76486a04734213bcc uvc-3534 \" data-hspacer=\"no_spacer\"  data-halign=\"center\" style=\"text-align:center\"><div class=\"uvc-heading-spacer no_spacer\" style=\"top\"><\/div><div class=\"uvc-main-heading ult-responsive\"  data-ultimate-target='.uvc-heading.ultimate-heading-76486a04734213bcc h2'  data-responsive-json-new='{\"font-size\":\"desktop:26px;\",\"line-height\":\"desktop:45px;\"}' ><h2 style=\"font-family:&#039;Roboto&#039;;font-weight:normal;font-style:normal;color:#1557a3;margin-top:0px;margin-bottom:0px;\">Soziale Verantwortung bei ABALIS<\/h2><\/div><\/div><div class=\"ult-spacer spacer-6a04734213c00\" data-id=\"6a04734213c00\" data-height=\"30\" data-height-mobile=\"15\" data-height-tab=\"15\" data-height-tab-portrait=\"15\" data-height-mobile-landscape=\"15\" style=\"clear:both;display:block;\"><\/div>[\/vc_column][\/vc_row][vc_row css=&#8221;.vc_custom_1515488809290{margin-top: 0px !important;margin-bottom: 0px !important;}&#8221;][vc_column 0=&#8221;&#8221;][vc_row_inner 0=&#8221;&#8221;][vc_column_inner 0=&#8221;&#8221;][vc_single_image image=&#8221;16018&#8243; img_size=&#8221;full&#8221; alignment=&#8221;center&#8221;]<div class=\"ult-spacer spacer-6a04734213c1a\" data-id=\"6a04734213c1a\" data-height=\"20\" data-height-mobile=\"20\" data-height-tab=\"20\" data-height-tab-portrait=\"\" data-height-mobile-landscape=\"\" style=\"clear:both;display:block;\"><\/div>[vc_column_text 0=&#8221;&#8221;]<\/p>\n<p style=\"text-align: center;\">F\u00fcr <strong>ABALIS<\/strong> sind Umweltschutz und soziale Verantwortung zunehmend wichtige Themen. Daher hat unser Unternehmen seit einigen Jahren die soziale Verantwortung zum Kernthema seines Plans zur kontinuierlichen Optimierung gemacht.<\/p>\n<p>[\/vc_column_text][\/vc_column_inner][\/vc_row_inner][vc_row_inner gap=&#8221;20&#8243;][vc_column_inner width=&#8221;1\/2&#8243;]<div id=\"ultimate-heading-41326a04734213c47\" class=\"uvc-heading ult-adjust-bottom-margin ultimate-heading-41326a04734213c47 uvc-6802 p\" data-hspacer=\"line_only\"  data-halign=\"center\" style=\"text-align:center\"><div class=\"uvc-main-heading ult-responsive\"  data-ultimate-target='.uvc-heading.ultimate-heading-41326a04734213c47 h1'  data-responsive-json-new='{\"font-size\":\"desktop:26px;\",\"line-height\":\"desktop:31px;\"}' ><h1 style=\"font-family:&#039;Roboto&#039;;font-weight:500;color:#1557a3;margin-top:0px;margin-bottom:0px;\">Unsere Ma\u00dfnahmen zum Schutz der menschlichen und sozialen Werte<\/h1><\/div><div class=\"uvc-heading-spacer line_only\" style=\"margin-top:20px;margin-bottom:0px;height:5px;\"><span class=\"uvc-headings-line\" style=\"border-style:solid;border-bottom-width:5px;border-color:#e85c0d;width:30px;\"><\/span><\/div><\/div>[vc_separator color=&#8221;custom&#8221; el_width=&#8221;70&#8243; css=&#8221;.vc_custom_1508419530249{margin-top: -11px !important;margin-bottom: 0px !important;}&#8221; accent_color=&#8221;#1557a3&#8243;]<div class=\"ult-spacer spacer-6a04734213c73\" data-id=\"6a04734213c73\" data-height=\"15\" data-height-mobile=\"10\" data-height-tab=\"10\" data-height-tab-portrait=\"10\" data-height-mobile-landscape=\"10\" style=\"clear:both;display:block;\"><\/div>[vc_column_text el_class=&#8221;p&#8221;]Seit seiner Gr\u00fcndung baut<strong> ABALIS<\/strong> seine Unternehmensphilosophie im Sinne seines Gr\u00fcnders Philippe Vion auf solide menschliche und soziale Werte auf.<\/p>\n<p>Die Verpflichtung von <strong>ABALIS<\/strong> zu Diskriminationsvermeidung, Chancengleichheit und F\u00f6rderung der Personalvielfalt ist in jedem Bereich erkennbar.[\/vc_column_text][vc_single_image image=&#8221;17994&#8243; alignment=&#8221;center&#8221;][\/vc_column_inner][vc_column_inner width=&#8221;1\/2&#8243;]<div id=\"ultimate-heading-89916a04734213c9a\" class=\"uvc-heading ult-adjust-bottom-margin ultimate-heading-89916a04734213c9a uvc-8418 p\" data-hspacer=\"line_only\"  data-halign=\"center\" style=\"text-align:center\"><div class=\"uvc-main-heading ult-responsive\"  data-ultimate-target='.uvc-heading.ultimate-heading-89916a04734213c9a h1'  data-responsive-json-new='{\"font-size\":\"desktop:26px;\",\"line-height\":\"desktop:31px;\"}' ><h1 style=\"font-family:&#039;Roboto&#039;;font-weight:500;color:#1557a3;margin-top:0px;margin-bottom:0px;\">Unsere Ma\u00dfnahmen f\u00fcr den Umweltschutz<\/h1><\/div><div class=\"uvc-heading-spacer line_only\" style=\"margin-top:20px;margin-bottom:0px;height:5px;\"><span class=\"uvc-headings-line\" style=\"border-style:solid;border-bottom-width:5px;border-color:#e85c0d;width:30px;\"><\/span><\/div><\/div>[vc_separator color=&#8221;custom&#8221; el_width=&#8221;70&#8243; css=&#8221;.vc_custom_1508419530249{margin-top: -11px !important;margin-bottom: 0px !important;}&#8221; accent_color=&#8221;#1557a3&#8243;]<div class=\"ult-spacer spacer-6a04734213cc0\" data-id=\"6a04734213cc0\" data-height=\"15\" data-height-mobile=\"10\" data-height-tab=\"10\" data-height-tab-portrait=\"10\" data-height-mobile-landscape=\"10\" style=\"clear:both;display:block;\"><\/div>[vc_column_text el_class=&#8221;p&#8221;]<strong>ABALIS<\/strong>\u00a0hat in seinen B\u00fcror\u00e4umen einfach umsetzbare Umweltschutzma\u00dfnahmen in die Wege geleitet, wie etwa M\u00fclltrennung, Verwendung von Recyclingpapier, beidseitige Ausdrucke, Verwendung von recyclingf\u00e4higen Druckerpatronen, etc.<\/p>\n<p>Seit 2009 ist der gesamte Projektmanagement-Prozess dematerialisiert.<\/p>\n<p><strong>Im Zuge dessen strebt ABALIS Schritt f\u00fcr Schritt eine vollst\u00e4ndige Dematerialisierung seiner Buchhaltung an.<\/strong>[\/vc_column_text][\/vc_column_inner][\/vc_row_inner][\/vc_column][\/vc_row][vc_row full_width=&#8221;stretch_row&#8221; bg_type=&#8221;image&#8221; parallax_style=&#8221;vcpb-default&#8221; bg_image_new=&#8221;id^14206|url^https:\/\/abalis-traduction.com\/wp-content\/uploads\/2018\/01\/bg_call_to_action.jpg|caption^null|alt^null|title^bg_call_to_action|description^null&#8221; bg_image_repeat=&#8221;no-repeat&#8221; bg_image_size=&#8221;initial&#8221; css=&#8221;.vc_custom_1515509347889{margin-top: 30px !important;padding-top: 5px !important;padding-bottom: 5px !important;background-color: #1557a3 !important;}&#8221;][vc_column css=&#8221;.vc_custom_1515402301992{margin-top: 0px !important;}&#8221;][vc_row_inner content_placement=&#8221;middle&#8221;][vc_column_inner width=&#8221;1\/6&#8243;][vc_single_image image=&#8221;13999&#8243; img_size=&#8221;full&#8221; alignment=&#8221;center&#8221;][\/vc_column_inner][vc_column_inner width=&#8221;2\/3&#8243;]<div id=\"ultimate-heading-78566a04734213d19\" class=\"uvc-heading ult-adjust-bottom-margin ultimate-heading-78566a04734213d19 uvc-4752 \" data-hspacer=\"no_spacer\"  data-halign=\"left\" style=\"text-align:left\"><div class=\"uvc-heading-spacer no_spacer\" style=\"top\"><\/div><div class=\"uvc-main-heading ult-responsive\"  data-ultimate-target='.uvc-heading.ultimate-heading-78566a04734213d19 h3'  data-responsive-json-new='{\"font-size\":\"\",\"line-height\":\"\"}' ><h3 style=\"font-family:&#039;Roboto&#039;;font-weight:700;color:#ffffff;\">ABALIS, Ihr idealer Partner f\u00fcr internationale Unternehmenskommunikation!<\/h3><\/div><div class=\"uvc-sub-heading ult-responsive\"  data-ultimate-target='.uvc-heading.ultimate-heading-78566a04734213d19 .uvc-sub-heading '  data-responsive-json-new='{\"font-size\":\"\",\"line-height\":\"\"}'  style=\"font-family:&#039;Roboto&#039;;font-weight:normal;color:#f2f2f2;\">Sie k\u00f6nnen uns jederzeit f\u00fcr weitere Ausk\u00fcnfte kontaktieren!<\/div><\/div>[\/vc_column_inner][vc_column_inner width=&#8221;1\/6&#8243;]<div class=\" ubtn-ctn-center \"><a class=\"ubtn-link ult-adjust-bottom-margin ubtn-center ubtn-small \"  rel='' href = \"https:\/\/abalis-traduction.com\/de\/kontakt\/\" ><button type=\"button\" id=\"ubtn-2975\" class=\"ubtn ult-adjust-bottom-margin ult-responsive ubtn-small ubtn-fade-bg  none  ubtn-center   tooltip-6a04734213d66\"  data-hover=\"#ffffff\" data-border-color=\"\" data-bg=\"#ffffff\" data-hover-bg=\"#e85c0d\" data-border-hover=\"\" data-shadow-hover=\"\" data-shadow-click=\"none\" data-shadow=\"\" data-shd-shadow=\"\"  data-ultimate-target='#ubtn-2975'  data-responsive-json-new='{\"font-size\":\"\",\"line-height\":\"\"}'  style=\"font-weight:normal;border:none;background: #ffffff;color: #1557a3;\"><span class=\"ubtn-hover\" style=\"background-color:#e85c0d\"><\/span><span class=\"ubtn-data ubtn-text \" >KONTAKTIEREN SIE UNS<\/span><\/button><\/a><\/div>[\/vc_column_inner][\/vc_row_inner][\/vc_column][\/vc_row]<\/p>\n<\/div>","protected":false},"excerpt":{"rendered":"<p>[vc_row css=&#8221;.vc_custom_1448194157402{margin-bottom: 0px !important;}&#8221;][vc_column 0=&#8221;&#8221;][vc_separator color=&#8221;custom&#8221; el_width=&#8221;70&#8243; css=&#8221;.vc_custom_1508419530249{margin-top: -11px !important;margin-bottom: 0px !important;}&#8221; accent_color=&#8221;#1557a3&#8243;][\/vc_column][\/vc_row][vc_row css=&#8221;.vc_custom_1515488809290{margin-top: 0px !important;margin-bottom: 0px !important;}&#8221;][vc_column 0=&#8221;&#8221;][vc_row_inner 0=&#8221;&#8221;][vc_column_inner 0=&#8221;&#8221;][vc_single_image image=&#8221;16018&#8243; img_size=&#8221;full&#8221; alignment=&#8221;center&#8221;][vc_column_text 0=&#8221;&#8221;] F\u00fcr ABALIS sind Umweltschutz und&nbsp;<a href=\"https:\/\/abalis-traduction.com\/de\/soziale-verantwortung\/\">[&hellip;]<\/a><\/p>\n","protected":false},"author":17,"featured_media":0,"parent":0,"menu_order":0,"comment_status":"closed","ping_status":"closed","template":"template-fullwidth.php","meta":{"footnotes":""},"class_list":["post-14843","page","type-page","status-publish","hentry"],"yoast_head":"<!-- This site is optimized with the Yoast SEO plugin v26.0 - https:\/\/yoast.com\/wordpress\/plugins\/seo\/ -->\n<title>CSR | Abalis Traduction | \u00dcbersetzungs- und Dolmetschagentur<\/title>\n<meta name=\"description\" content=\"Abalis Traduction ist im Bereich CSR engagiert. Wir setzen in unserem Unternehmen einfache Umweltschutzma\u00dfnahmen um. | Loiret\" \/>\n<meta name=\"robots\" content=\"index, follow, max-snippet:-1, max-image-preview:large, max-video-preview:-1\" \/>\n<link rel=\"canonical\" href=\"https:\/\/abalis-traduction.com\/rse\/\" \/>\n<meta property=\"og:locale\" content=\"de_DE\" \/>\n<meta property=\"og:type\" content=\"article\" \/>\n<meta property=\"og:title\" content=\"CSR | Abalis Traduction | \u00dcbersetzungs- und Dolmetschagentur\" \/>\n<meta property=\"og:description\" content=\"Abalis Traduction ist im Bereich CSR engagiert. Wir setzen in unserem Unternehmen einfache Umweltschutzma\u00dfnahmen um. | Loiret\" \/>\n<meta property=\"og:url\" content=\"https:\/\/abalis-traduction.com\/rse\/\" \/>\n<meta property=\"og:site_name\" content=\"Abalis Traduction\" \/>\n<meta property=\"article:modified_time\" content=\"2019-03-19T09:52:32+00:00\" \/>\n<meta name=\"twitter:card\" content=\"summary_large_image\" \/>\n<meta name=\"twitter:label1\" content=\"Gesch\u00e4tzte Lesezeit\" \/>\n\t<meta name=\"twitter:data1\" content=\"5\u00a0Minuten\" \/>\n<script type=\"application\/ld+json\" class=\"yoast-schema-graph\">{\"@context\":\"https:\/\/schema.org\",\"@graph\":[{\"@type\":\"WebPage\",\"@id\":\"https:\/\/abalis-traduction.com\/rse\/\",\"url\":\"https:\/\/abalis-traduction.com\/rse\/\",\"name\":\"CSR | Abalis Traduction | \u00dcbersetzungs- und Dolmetschagentur\",\"isPartOf\":{\"@id\":\"https:\/\/abalis-traduction.com\/#website\"},\"datePublished\":\"2018-01-09T14:24:46+00:00\",\"dateModified\":\"2019-03-19T09:52:32+00:00\",\"description\":\"Abalis Traduction ist im Bereich CSR engagiert. Wir setzen in unserem Unternehmen einfache Umweltschutzma\u00dfnahmen um. | Loiret\",\"breadcrumb\":{\"@id\":\"https:\/\/abalis-traduction.com\/rse\/#breadcrumb\"},\"inLanguage\":\"de\",\"potentialAction\":[{\"@type\":\"ReadAction\",\"target\":[\"https:\/\/abalis-traduction.com\/rse\/\"]}]},{\"@type\":\"BreadcrumbList\",\"@id\":\"https:\/\/abalis-traduction.com\/rse\/#breadcrumb\",\"itemListElement\":[{\"@type\":\"ListItem\",\"position\":1,\"name\":\"Accueil\",\"item\":\"https:\/\/abalis-traduction.com\/de\/\"},{\"@type\":\"ListItem\",\"position\":2,\"name\":\"Soziale Verantwortung\"}]},{\"@type\":\"WebSite\",\"@id\":\"https:\/\/abalis-traduction.com\/#website\",\"url\":\"https:\/\/abalis-traduction.com\/\",\"name\":\"Abalis Traduction\",\"description\":\"L&#039;intelligence humaine pour accompagner votre d\u00e9veloppement international\",\"potentialAction\":[{\"@type\":\"SearchAction\",\"target\":{\"@type\":\"EntryPoint\",\"urlTemplate\":\"https:\/\/abalis-traduction.com\/?s={search_term_string}\"},\"query-input\":{\"@type\":\"PropertyValueSpecification\",\"valueRequired\":true,\"valueName\":\"search_term_string\"}}],\"inLanguage\":\"de\"}]}<\/script>\n<!-- \/ Yoast SEO plugin. -->","yoast_head_json":{"title":"CSR | Abalis Traduction | \u00dcbersetzungs- und Dolmetschagentur","description":"Abalis Traduction ist im Bereich CSR engagiert. Wir setzen in unserem Unternehmen einfache Umweltschutzma\u00dfnahmen um. | Loiret","robots":{"index":"index","follow":"follow","max-snippet":"max-snippet:-1","max-image-preview":"max-image-preview:large","max-video-preview":"max-video-preview:-1"},"canonical":"https:\/\/abalis-traduction.com\/rse\/","og_locale":"de_DE","og_type":"article","og_title":"CSR | Abalis Traduction | \u00dcbersetzungs- und Dolmetschagentur","og_description":"Abalis Traduction ist im Bereich CSR engagiert. Wir setzen in unserem Unternehmen einfache Umweltschutzma\u00dfnahmen um. | Loiret","og_url":"https:\/\/abalis-traduction.com\/rse\/","og_site_name":"Abalis Traduction","article_modified_time":"2019-03-19T09:52:32+00:00","twitter_card":"summary_large_image","twitter_misc":{"Gesch\u00e4tzte Lesezeit":"5\u00a0Minuten"},"schema":{"@context":"https:\/\/schema.org","@graph":[{"@type":"WebPage","@id":"https:\/\/abalis-traduction.com\/rse\/","url":"https:\/\/abalis-traduction.com\/rse\/","name":"CSR | Abalis Traduction | \u00dcbersetzungs- und Dolmetschagentur","isPartOf":{"@id":"https:\/\/abalis-traduction.com\/#website"},"datePublished":"2018-01-09T14:24:46+00:00","dateModified":"2019-03-19T09:52:32+00:00","description":"Abalis Traduction ist im Bereich CSR engagiert. Wir setzen in unserem Unternehmen einfache Umweltschutzma\u00dfnahmen um. | Loiret","breadcrumb":{"@id":"https:\/\/abalis-traduction.com\/rse\/#breadcrumb"},"inLanguage":"de","potentialAction":[{"@type":"ReadAction","target":["https:\/\/abalis-traduction.com\/rse\/"]}]},{"@type":"BreadcrumbList","@id":"https:\/\/abalis-traduction.com\/rse\/#breadcrumb","itemListElement":[{"@type":"ListItem","position":1,"name":"Accueil","item":"https:\/\/abalis-traduction.com\/de\/"},{"@type":"ListItem","position":2,"name":"Soziale Verantwortung"}]},{"@type":"WebSite","@id":"https:\/\/abalis-traduction.com\/#website","url":"https:\/\/abalis-traduction.com\/","name":"Abalis Traduction","description":"L&#039;intelligence humaine pour accompagner votre d\u00e9veloppement international","potentialAction":[{"@type":"SearchAction","target":{"@type":"EntryPoint","urlTemplate":"https:\/\/abalis-traduction.com\/?s={search_term_string}"},"query-input":{"@type":"PropertyValueSpecification","valueRequired":true,"valueName":"search_term_string"}}],"inLanguage":"de"}]}},"_links":{"self":[{"href":"https:\/\/abalis-traduction.com\/de\/wp-json\/wp\/v2\/pages\/14843","targetHints":{"allow":["GET"]}}],"collection":[{"href":"https:\/\/abalis-traduction.com\/de\/wp-json\/wp\/v2\/pages"}],"about":[{"href":"https:\/\/abalis-traduction.com\/de\/wp-json\/wp\/v2\/types\/page"}],"author":[{"embeddable":true,"href":"https:\/\/abalis-traduction.com\/de\/wp-json\/wp\/v2\/users\/17"}],"replies":[{"embeddable":true,"href":"https:\/\/abalis-traduction.com\/de\/wp-json\/wp\/v2\/comments?post=14843"}],"version-history":[{"count":0,"href":"https:\/\/abalis-traduction.com\/de\/wp-json\/wp\/v2\/pages\/14843\/revisions"}],"wp:attachment":[{"href":"https:\/\/abalis-traduction.com\/de\/wp-json\/wp\/v2\/media?parent=14843"}],"curies":[{"name":"wp","href":"https:\/\/api.w.org\/{rel}","templated":true}]}}