{"id":14847,"date":"2018-01-12T11:18:05","date_gmt":"2018-01-12T11:18:05","guid":{"rendered":"https:\/\/abalis-traduction.com\/?page_id=14847"},"modified":"2019-01-25T10:03:53","modified_gmt":"2019-01-25T10:03:53","slug":"unser-sprachangebot","status":"publish","type":"page","link":"https:\/\/abalis-traduction.com\/de\/ubersetzung\/unser-sprachangebot\/","title":{"rendered":"Unser Sprachangebot"},"content":{"rendered":"<div class=\"wpb-content-wrapper\"><p>[vc_row css=&#8221;.vc_custom_1448194157402{margin-bottom: 0px !important;}&#8221;][vc_column 0=&#8221;&#8221;]<div id=\"ultimate-heading-858569e096f531483\" class=\"uvc-heading ult-adjust-bottom-margin ultimate-heading-858569e096f531483 uvc-9948 \" data-hspacer=\"line_only\"  data-halign=\"center\" style=\"text-align:center\"><div class=\"uvc-main-heading ult-responsive\"  data-ultimate-target='.uvc-heading.ultimate-heading-858569e096f531483 h1'  data-responsive-json-new='{\"font-size\":\"desktop:26px;\",\"line-height\":\"desktop:45px;\"}' ><h1 style=\"font-family:&#039;Roboto&#039;;font-weight:500;color:#1557a3;margin-top:0px;margin-bottom:0px;\">UNSER SPRACHANGEBOT<\/h1><\/div><div class=\"uvc-heading-spacer line_only\" style=\"margin-top:20px;margin-bottom:0px;height:5px;\"><span class=\"uvc-headings-line\" style=\"border-style:solid;border-bottom-width:5px;border-color:#e85c0d;width:30px;\"><\/span><\/div><\/div>[vc_separator color=&#8221;custom&#8221; el_width=&#8221;70&#8243; css=&#8221;.vc_custom_1508419530249{margin-top: -11px !important;margin-bottom: 0px !important;}&#8221; accent_color=&#8221;#1557a3&#8243;]<div class=\"ult-spacer spacer-69e096f5314e8\" data-id=\"69e096f5314e8\" data-height=\"30\" data-height-mobile=\"30\" data-height-tab=\"30\" data-height-tab-portrait=\"\" data-height-mobile-landscape=\"\" style=\"clear:both;display:block;\"><\/div><div id=\"ultimate-heading-921869e096f53151e\" class=\"uvc-heading ult-adjust-bottom-margin ultimate-heading-921869e096f53151e uvc-8849 \" data-hspacer=\"no_spacer\"  data-halign=\"center\" style=\"text-align:center\"><div class=\"uvc-heading-spacer no_spacer\" style=\"top\"><\/div><div class=\"uvc-main-heading ult-responsive\"  data-ultimate-target='.uvc-heading.ultimate-heading-921869e096f53151e h2'  data-responsive-json-new='{\"font-size\":\"desktop:26px;\",\"line-height\":\"desktop:35px;\"}' ><h2 style=\"font-family:&#039;Roboto&#039;;font-weight:normal;font-style:normal;color:#1557a3;margin-top:0px;margin-bottom:0px;\">ABALIS \u00fcbernimmt \u00dcbersetzungen in alle Sprachen der Welt und in s\u00e4mtlichen Sprachkombinationen<\/h2><\/div><\/div><div class=\"ult-spacer spacer-69e096f531558\" data-id=\"69e096f531558\" data-height=\"30\" data-height-mobile=\"15\" data-height-tab=\"15\" data-height-tab-portrait=\"15\" data-height-mobile-landscape=\"15\" style=\"clear:both;display:block;\"><\/div>[\/vc_column][\/vc_row][vc_row css=&#8221;.vc_custom_1515488809290{margin-top: 0px !important;margin-bottom: 0px !important;}&#8221;][vc_column 0=&#8221;&#8221;][vc_row_inner 0=&#8221;&#8221;][vc_column_inner 0=&#8221;&#8221;]<div class=\"ult-spacer spacer-69e096f53157b\" data-id=\"69e096f53157b\" data-height=\"20\" data-height-mobile=\"20\" data-height-tab=\"20\" data-height-tab-portrait=\"\" data-height-mobile-landscape=\"\" style=\"clear:both;display:block;\"><\/div>[vc_column_text el_class=&#8221;p&#8221;]Eine Sprachkombination besteht naturgem\u00e4\u00df aus der <strong>Ausgangssprache<\/strong> (oder Quellsprache) und der <strong>Zielsprache<\/strong> (Sprache nach \u00dcbersetzung).\u00a0In der unten stehenden Liste finden Sie Beispiele f\u00fcr Sprachkombinationen (Ausgangssprache-Zielsprache), die h\u00e4ufig von unseren Gro\u00dfkunden nachgefragt werden (fragen Sie uns nach der gew\u00fcnschten Sprachkombination):[\/vc_column_text][\/vc_column_inner][\/vc_row_inner][vc_row_inner 0=&#8221;&#8221;][vc_column_inner 0=&#8221;&#8221;][vc_column_text el_class=&#8221;p&#8221;]Unabh\u00e4ngig von der gew\u00fcnschten Sprachkombination und dem Thema deckt <strong>ABALIS<\/strong> den gesamten Bedarf an Sprachdienstleistungen seiner Kunden in s\u00e4mtlichen bislang bekannten Fachgebieten ab.<\/p>\n<p>Unsere Fach\u00fcbersetzungen entsprechen den Anforderungen der internationalen Normen, etwa der Norm ISO 17100. Diese Norm definiert den \u00dcbersetzungsprozess, wonach die eigentliche \u00dcbersetzung lediglich einen Schritt des Prozesses darstellt, da die Qualit\u00e4t der \u00dcbersetzung ohne das Korrekturlesen einer weiteren Person nicht gew\u00e4hrleistet werden kann. Die Norm definiert au\u00dferdem die genauen Fachkompetenzen sowie die Voraussetzung der Muttersprachlichkeit jeder am \u00dcbersetzungsprozess beteiligten Person, d.h. haupts\u00e4chlich der \u00dcbersetzer, Korrektoren und Lektoren.<\/p>\n<p>F\u00fcr Dolmetscheins\u00e4tze suchen wir den am besten geeigneten Dolmetscher nach dem Prinzip der \u00fcberwiegenden Arbeitssprache aus. Werden f\u00fcr einen Dolmetscheinsatz 2 Sprachen gleicherma\u00dfen gefordert, suchen wir den Dolmetscher nicht ausschlie\u00dflich nach dem Kriterium der Muttersprachlichkeit aus.[\/vc_column_text][\/vc_column_inner][\/vc_row_inner][\/vc_column][\/vc_row][vc_row css=&#8221;.vc_custom_1518104178387{margin-bottom: 0px !important;}&#8221;][vc_column 0=&#8221;&#8221;][vc_row_inner css=&#8221;.vc_custom_1518102424230{margin-bottom: 20px !important;}&#8221;][vc_column_inner 0=&#8221;&#8221;][vc_column_text css=&#8221;.vc_custom_1545304183373{margin-bottom: 10px !important;}&#8221;]<\/p>\n<p style=\"text-align: center;\"><strong>In der unten stehenden Liste finden Sie Beispiele f\u00fcr Sprachkombinationen (Ausgangssprache-Zielsprache), die h\u00e4ufig von unseren Gro\u00dfkunden nachgefragt werden (fragen Sie uns nach der gew\u00fcnschten Sprachkombination):<\/strong><\/p>\n<p>[\/vc_column_text][\/vc_column_inner][\/vc_row_inner][vc_row_inner disable_element=&#8221;yes&#8221;][vc_column_inner width=&#8221;1\/4&#8243;][\/vc_column_inner][vc_column_inner width=&#8221;1\/2&#8243;][vc_single_image image=&#8221;15294&#8243; img_size=&#8221;full&#8221; alignment=&#8221;center&#8221;][\/vc_column_inner][vc_column_inner width=&#8221;1\/4&#8243;][\/vc_column_inner][\/vc_row_inner][\/vc_column][\/vc_row][vc_row css=&#8221;.vc_custom_1535703562123{margin-bottom: 30px !important;}&#8221; el_class=&#8221;oldaccordionContainer languesaff&#8221;][vc_column 0=&#8221;&#8221;][vc_tta_accordion style=&#8221;modern&#8221; shape=&#8221;square&#8221; color=&#8221;white&#8221; c_position=&#8221;right&#8221; active_section=&#8221;5&#8243; collapsible_all=&#8221;true&#8221; el_id=&#8221;langueLeft&#8221;][vc_tta_section title=&#8221;1. Mit Franz\u00f6sisch m\u00f6gliche Kombinationen&#8221; tab_id=&#8221;1528963631484-464fd568-c2da&#8221;][vc_row_inner 0=&#8221;&#8221;][vc_column_inner width=&#8221;1\/4&#8243;][vc_single_image image=&#8221;15915&#8243; img_size=&#8221;full&#8221; alignment=&#8221;center&#8221;][\/vc_column_inner][vc_column_inner width=&#8221;3\/4&#8243;][vc_column_text 0=&#8221;&#8221;]<\/p>\n<table>\n<tbody>\n<tr>\n<td style=\"width: 50%;\">\n<ul>\n<li style=\"list-style-type: none;\">\n<ul>\n<li>Deutsch<\/li>\n<li>Englisch (britisches Englisch, amerikanisches Englisch bzw. Englisch f\u00fcr andere L\u00e4nder: Neuseeland, Kanada, Australien, etc.)<\/li>\n<li>Bosnisch<\/li>\n<li>Bulgarisch<\/li>\n<li>Chinesisch (z.B. traditionelles Chinesisch, vereinfachtes Chinesisch, etc.)<\/li>\n<li>Kroatisch<\/li>\n<li>D\u00e4nisch<\/li>\n<li>Spanisch<\/li>\n<li>Estnisch<\/li>\n<li>Finnisch<\/li>\n<li>Japanisch<\/li>\n<li>Ungarisch<\/li>\n<li>Isl\u00e4ndisch<\/li>\n<li>Italienisch<\/li>\n<li>Lettisch<\/li>\n<li>Litauisch<\/li>\n<\/ul>\n<\/li>\n<\/ul>\n<\/td>\n<td style=\"width: 50%;\">\n<ul>\n<li>Mazedonisch<\/li>\n<li>Moldauisch<\/li>\n<li>Niederl\u00e4ndisch (bzw. Fl\u00e4misch)<\/li>\n<li>Norwegisch<\/li>\n<li>Polnisch<\/li>\n<li>Portugiesisch (bzw. brasilianisches Portugiesisch)<\/li>\n<li>Rum\u00e4nisch<\/li>\n<li>Russisch<\/li>\n<li>Slowakisch<\/li>\n<li>Slowenisch<\/li>\n<li>Schwedisch<\/li>\n<li>Tschechisch<\/li>\n<li>T\u00fcrkisch<\/li>\n<li>Griechisch<\/li>\n<li>Arabisch<\/li>\n<\/ul>\n<\/td>\n<\/tr>\n<\/tbody>\n<\/table>\n<p>[\/vc_column_text][\/vc_column_inner][\/vc_row_inner][\/vc_tta_section][vc_tta_section title=&#8221;2. Mit Englisch m\u00f6gliche Kombinationen&#8221; tab_id=&#8221;1528963631571-47a57cff-2d6f&#8221;][vc_row_inner 0=&#8221;&#8221;][vc_column_inner width=&#8221;1\/4&#8243;][vc_single_image image=&#8221;15918&#8243; img_size=&#8221;full&#8221; alignment=&#8221;center&#8221;][\/vc_column_inner][vc_column_inner width=&#8221;3\/4&#8243;][vc_column_text 0=&#8221;&#8221;]<\/p>\n<table>\n<tbody>\n<tr>\n<td style=\"width: 50%;\">\n<ul>\n<li>Deutsch<\/li>\n<li style=\"list-style-type: none;\"><\/li>\n<li>Arabisch<\/li>\n<li>Bosnisch<\/li>\n<li>Bulgarisch<\/li>\n<li>Chinesisch (z.B. traditionelles Chinesisch, vereinfachtes Chinesisch, etc.)<\/li>\n<li>Kroatisch<\/li>\n<li>D\u00e4nisch<\/li>\n<li>Spanisch<\/li>\n<li>Estnisch<\/li>\n<li>Finnisch<\/li>\n<li>Franz\u00f6sisch<\/li>\n<li>Griechisch<\/li>\n<li>Ungarisch<\/li>\n<li>Isl\u00e4ndisch<\/li>\n<li>Italienisch<\/li>\n<li>Japanisch<\/li>\n<\/ul>\n<\/td>\n<td style=\"width: 50%;\">\n<ul>\n<li>Lettisch<\/li>\n<li>Litauisch<\/li>\n<li>Mazedonisch<\/li>\n<li>Moldauisch<\/li>\n<li>Niederl\u00e4ndisch (bzw. Fl\u00e4misch)<\/li>\n<li>Norwegisch<\/li>\n<li>Polnisch<\/li>\n<li>Portugiesisch (bzw. brasilianisches Portugiesisch)<\/li>\n<li>Rum\u00e4nisch<\/li>\n<li>Russisch<\/li>\n<li>Slowakisch<\/li>\n<li>Slowenisch<\/li>\n<li>Schwedisch<\/li>\n<li>Tschechisch<\/li>\n<li>T\u00fcrkisch<\/li>\n<\/ul>\n<\/td>\n<\/tr>\n<\/tbody>\n<\/table>\n<p>[\/vc_column_text][\/vc_column_inner][\/vc_row_inner][\/vc_tta_section][vc_tta_section title=&#8221;3. Mit Deutsch m\u00f6gliche Kombinationen&#8221; tab_id=&#8221;1528971478467-9a1b0b8f-5c17&#8243;][vc_row_inner 0=&#8221;&#8221;][vc_column_inner width=&#8221;1\/4&#8243;][vc_single_image image=&#8221;15916&#8243; img_size=&#8221;full&#8221; alignment=&#8221;center&#8221;][\/vc_column_inner][vc_column_inner width=&#8221;3\/4&#8243;][vc_column_text 0=&#8221;&#8221;]<\/p>\n<table>\n<tbody>\n<tr>\n<td style=\"width: 50%;\">\n<ul>\n<li>Englisch<\/li>\n<li>Arabisch<\/li>\n<li>Bulgarisch<\/li>\n<li>Chinesisch (z.B. traditionelles Chinesisch, vereinfachtes Chinesisch, etc.)<\/li>\n<li>Kroatisch<\/li>\n<li>D\u00e4nisch<\/li>\n<li>Spanisch<\/li>\n<li>Estnisch<\/li>\n<li>Finnisch<\/li>\n<li>Franz\u00f6sisch<\/li>\n<li>Ungarisch<\/li>\n<li>Isl\u00e4ndisch<\/li>\n<li>Italienisch<\/li>\n<li>Japanisch<\/li>\n<li>Lettisch<\/li>\n<li>Moldauisch<\/li>\n<\/ul>\n<\/td>\n<td style=\"width: 50%;\">\n<ul>\n<li>Niederl\u00e4ndisch (bzw. Fl\u00e4misch)<\/li>\n<li>Norwegisch<\/li>\n<li>Polnisch<\/li>\n<li>Portugiesisch (bzw. brasilianisches Portugiesisch)<\/li>\n<li>Rum\u00e4nisch<\/li>\n<li>Russisch<\/li>\n<li>Slowakisch<\/li>\n<li>Slowenisch<\/li>\n<li>Schwedisch<\/li>\n<li>Tschechisch<\/li>\n<li>Litauisch<\/li>\n<li>Bosnisch<\/li>\n<li>Mazedonisch<\/li>\n<li>T\u00fcrkisch<\/li>\n<li>Griechisch<\/li>\n<\/ul>\n<\/td>\n<\/tr>\n<\/tbody>\n<\/table>\n<p>[\/vc_column_text][\/vc_column_inner][\/vc_row_inner][\/vc_tta_section][vc_tta_section title=&#8221;4. Mit Spanisch m\u00f6gliche Kombinationen&#8221; tab_id=&#8221;1528971547615-958abeb5-8724&#8243;][vc_row_inner 0=&#8221;&#8221;][vc_column_inner width=&#8221;1\/4&#8243;][vc_single_image image=&#8221;15917&#8243; img_size=&#8221;full&#8221; alignment=&#8221;center&#8221;][\/vc_column_inner][vc_column_inner width=&#8221;3\/4&#8243;][vc_column_text 0=&#8221;&#8221;]<\/p>\n<table>\n<tbody>\n<tr>\n<td style=\"width: 50%;\">\n<ul>\n<li>Englisch<\/li>\n<li>Deutsch<\/li>\n<li>Chinesisch (z.B. traditionelles Chinesisch, vereinfachtes Chinesisch, etc.)<\/li>\n<li>Franz\u00f6sisch<\/li>\n<li>Italienisch<\/li>\n<\/ul>\n<\/td>\n<td style=\"width: 50%;\">\n<ul>\n<li>Japanisch<\/li>\n<li>Niederl\u00e4ndisch (bzw. Fl\u00e4misch)<\/li>\n<li>Portugiesisch (bzw. brasilianisches Portugiesisch)<\/li>\n<li>Russisch<\/li>\n<\/ul>\n<\/td>\n<\/tr>\n<\/tbody>\n<\/table>\n<p>[\/vc_column_text][\/vc_column_inner][\/vc_row_inner][\/vc_tta_section][\/vc_tta_accordion][\/vc_column][\/vc_row][vc_row full_width=&#8221;stretch_row&#8221; bg_type=&#8221;image&#8221; parallax_style=&#8221;vcpb-default&#8221; bg_image_new=&#8221;id^14206|url^https:\/\/abalis-traduction.com\/wp-content\/uploads\/2018\/01\/bg_call_to_action.jpg|caption^null|alt^null|title^bg_call_to_action|description^null&#8221; bg_image_repeat=&#8221;no-repeat&#8221; bg_image_size=&#8221;initial&#8221; css=&#8221;.vc_custom_1515487807584{margin-top: 0px !important;padding-top: 5px !important;padding-bottom: 5px !important;background-color: #1557a3 !important;}&#8221;][vc_column css=&#8221;.vc_custom_1515402301992{margin-top: 0px !important;}&#8221;][vc_row_inner content_placement=&#8221;middle&#8221;][vc_column_inner width=&#8221;1\/6&#8243;][vc_single_image image=&#8221;13999&#8243; img_size=&#8221;full&#8221; alignment=&#8221;center&#8221;][\/vc_column_inner][vc_column_inner width=&#8221;2\/3&#8243;]<div id=\"ultimate-heading-873969e096f5315a0\" class=\"uvc-heading ult-adjust-bottom-margin ultimate-heading-873969e096f5315a0 uvc-5900 \" data-hspacer=\"no_spacer\"  data-halign=\"left\" style=\"text-align:left\"><div class=\"uvc-heading-spacer no_spacer\" style=\"top\"><\/div><div class=\"uvc-main-heading ult-responsive\"  data-ultimate-target='.uvc-heading.ultimate-heading-873969e096f5315a0 h3'  data-responsive-json-new='{\"font-size\":\"\",\"line-height\":\"\"}' ><h3 style=\"font-family:&#039;Roboto&#039;;font-weight:700;color:#ffffff;\">ABALIS, Ihr idealer Partner f\u00fcr internationale Unternehmenskommunikation!<\/h3><\/div><div class=\"uvc-sub-heading ult-responsive\"  data-ultimate-target='.uvc-heading.ultimate-heading-873969e096f5315a0 .uvc-sub-heading '  data-responsive-json-new='{\"font-size\":\"\",\"line-height\":\"\"}'  style=\"font-family:&#039;Roboto&#039;;font-weight:normal;color:#f2f2f2;\">Sie k\u00f6nnen uns jederzeit f\u00fcr weitere Ausk\u00fcnfte kontaktieren!<\/div><\/div>[\/vc_column_inner][vc_column_inner width=&#8221;1\/6&#8243;]<div class=\" ubtn-ctn-center \"><a class=\"ubtn-link ult-adjust-bottom-margin ubtn-center ubtn-small \"  rel='' href = \"https:\/\/abalis-traduction.com\/de\/kontakt\/\" ><button type=\"button\" id=\"ubtn-3686\" class=\"ubtn ult-adjust-bottom-margin ult-responsive ubtn-small ubtn-fade-bg  none  ubtn-center   tooltip-69e096f5315e6\"  data-hover=\"#ffffff\" data-border-color=\"\" data-bg=\"#ffffff\" data-hover-bg=\"#e85c0d\" data-border-hover=\"\" data-shadow-hover=\"\" data-shadow-click=\"none\" data-shadow=\"\" data-shd-shadow=\"\"  data-ultimate-target='#ubtn-3686'  data-responsive-json-new='{\"font-size\":\"\",\"line-height\":\"\"}'  style=\"font-weight:normal;border:none;background: #ffffff;color: #1557a3;\"><span class=\"ubtn-hover\" style=\"background-color:#e85c0d\"><\/span><span class=\"ubtn-data ubtn-text \" >KONTAKTIEREN SIE UNS<\/span><\/button><\/a><\/div>[\/vc_column_inner][\/vc_row_inner][\/vc_column][\/vc_row]<\/p>\n<\/div>","protected":false},"excerpt":{"rendered":"<p>[vc_row css=&#8221;.vc_custom_1448194157402{margin-bottom: 0px !important;}&#8221;][vc_column 0=&#8221;&#8221;][vc_separator color=&#8221;custom&#8221; el_width=&#8221;70&#8243; css=&#8221;.vc_custom_1508419530249{margin-top: -11px !important;margin-bottom: 0px !important;}&#8221; accent_color=&#8221;#1557a3&#8243;][\/vc_column][\/vc_row][vc_row css=&#8221;.vc_custom_1515488809290{margin-top: 0px !important;margin-bottom: 0px !important;}&#8221;][vc_column 0=&#8221;&#8221;][vc_row_inner 0=&#8221;&#8221;][vc_column_inner 0=&#8221;&#8221;][vc_column_text el_class=&#8221;p&#8221;]Eine Sprachkombination besteht naturgem\u00e4\u00df aus der Ausgangssprache (oder Quellsprache)&nbsp;<a href=\"https:\/\/abalis-traduction.com\/de\/ubersetzung\/unser-sprachangebot\/\">[&hellip;]<\/a><\/p>\n","protected":false},"author":17,"featured_media":0,"parent":14810,"menu_order":0,"comment_status":"closed","ping_status":"closed","template":"template-fullwidth.php","meta":{"footnotes":""},"class_list":["post-14847","page","type-page","status-publish","hentry"],"yoast_head":"<!-- This site is optimized with the Yoast SEO plugin v26.0 - https:\/\/yoast.com\/wordpress\/plugins\/seo\/ -->\n<title>Unser Sprachangebot | Abalis Traduction | \u00dcbersetzungs- und Dolmetschagentur<\/title>\n<meta name=\"description\" content=\"Um Ihren \u00dcbersetzungsbed\u00fcrfnissen gerecht zu werden, arbeitet Abalis Traduction mit allen internationalen Sprachkombinationen. | Loiret\" \/>\n<meta name=\"robots\" content=\"index, follow, max-snippet:-1, max-image-preview:large, max-video-preview:-1\" \/>\n<link rel=\"canonical\" href=\"https:\/\/abalis-traduction.com\/traduction\/nos-langues\/\" \/>\n<meta property=\"og:locale\" content=\"de_DE\" \/>\n<meta property=\"og:type\" content=\"article\" \/>\n<meta property=\"og:title\" content=\"Unser Sprachangebot | Abalis Traduction | \u00dcbersetzungs- und Dolmetschagentur\" \/>\n<meta property=\"og:description\" content=\"Um Ihren \u00dcbersetzungsbed\u00fcrfnissen gerecht zu werden, arbeitet Abalis Traduction mit allen internationalen Sprachkombinationen. | Loiret\" \/>\n<meta property=\"og:url\" content=\"https:\/\/abalis-traduction.com\/traduction\/nos-langues\/\" \/>\n<meta property=\"og:site_name\" content=\"Abalis Traduction\" \/>\n<meta property=\"article:modified_time\" content=\"2019-01-25T10:03:53+00:00\" \/>\n<meta name=\"twitter:card\" content=\"summary_large_image\" \/>\n<meta name=\"twitter:label1\" content=\"Gesch\u00e4tzte Lesezeit\" \/>\n\t<meta name=\"twitter:data1\" content=\"6\u00a0Minuten\" \/>\n<script type=\"application\/ld+json\" class=\"yoast-schema-graph\">{\"@context\":\"https:\/\/schema.org\",\"@graph\":[{\"@type\":\"WebPage\",\"@id\":\"https:\/\/abalis-traduction.com\/traduction\/nos-langues\/\",\"url\":\"https:\/\/abalis-traduction.com\/traduction\/nos-langues\/\",\"name\":\"Unser Sprachangebot | Abalis Traduction | \u00dcbersetzungs- und Dolmetschagentur\",\"isPartOf\":{\"@id\":\"https:\/\/abalis-traduction.com\/#website\"},\"datePublished\":\"2018-01-12T11:18:05+00:00\",\"dateModified\":\"2019-01-25T10:03:53+00:00\",\"description\":\"Um Ihren \u00dcbersetzungsbed\u00fcrfnissen gerecht zu werden, arbeitet Abalis Traduction mit allen internationalen Sprachkombinationen. | Loiret\",\"breadcrumb\":{\"@id\":\"https:\/\/abalis-traduction.com\/traduction\/nos-langues\/#breadcrumb\"},\"inLanguage\":\"de\",\"potentialAction\":[{\"@type\":\"ReadAction\",\"target\":[\"https:\/\/abalis-traduction.com\/traduction\/nos-langues\/\"]}]},{\"@type\":\"BreadcrumbList\",\"@id\":\"https:\/\/abalis-traduction.com\/traduction\/nos-langues\/#breadcrumb\",\"itemListElement\":[{\"@type\":\"ListItem\",\"position\":1,\"name\":\"Accueil\",\"item\":\"https:\/\/abalis-traduction.com\/de\/\"},{\"@type\":\"ListItem\",\"position\":2,\"name\":\"\u00dcbersetzung\",\"item\":\"https:\/\/abalis-traduction.com\/traduction\/\"},{\"@type\":\"ListItem\",\"position\":3,\"name\":\"Unser Sprachangebot\"}]},{\"@type\":\"WebSite\",\"@id\":\"https:\/\/abalis-traduction.com\/#website\",\"url\":\"https:\/\/abalis-traduction.com\/\",\"name\":\"Abalis Traduction\",\"description\":\"L&#039;intelligence humaine pour accompagner votre d\u00e9veloppement international\",\"potentialAction\":[{\"@type\":\"SearchAction\",\"target\":{\"@type\":\"EntryPoint\",\"urlTemplate\":\"https:\/\/abalis-traduction.com\/?s={search_term_string}\"},\"query-input\":{\"@type\":\"PropertyValueSpecification\",\"valueRequired\":true,\"valueName\":\"search_term_string\"}}],\"inLanguage\":\"de\"}]}<\/script>\n<!-- \/ Yoast SEO plugin. -->","yoast_head_json":{"title":"Unser Sprachangebot | Abalis Traduction | \u00dcbersetzungs- und Dolmetschagentur","description":"Um Ihren \u00dcbersetzungsbed\u00fcrfnissen gerecht zu werden, arbeitet Abalis Traduction mit allen internationalen Sprachkombinationen. | Loiret","robots":{"index":"index","follow":"follow","max-snippet":"max-snippet:-1","max-image-preview":"max-image-preview:large","max-video-preview":"max-video-preview:-1"},"canonical":"https:\/\/abalis-traduction.com\/traduction\/nos-langues\/","og_locale":"de_DE","og_type":"article","og_title":"Unser Sprachangebot | Abalis Traduction | \u00dcbersetzungs- und Dolmetschagentur","og_description":"Um Ihren \u00dcbersetzungsbed\u00fcrfnissen gerecht zu werden, arbeitet Abalis Traduction mit allen internationalen Sprachkombinationen. | Loiret","og_url":"https:\/\/abalis-traduction.com\/traduction\/nos-langues\/","og_site_name":"Abalis Traduction","article_modified_time":"2019-01-25T10:03:53+00:00","twitter_card":"summary_large_image","twitter_misc":{"Gesch\u00e4tzte Lesezeit":"6\u00a0Minuten"},"schema":{"@context":"https:\/\/schema.org","@graph":[{"@type":"WebPage","@id":"https:\/\/abalis-traduction.com\/traduction\/nos-langues\/","url":"https:\/\/abalis-traduction.com\/traduction\/nos-langues\/","name":"Unser Sprachangebot | Abalis Traduction | \u00dcbersetzungs- und Dolmetschagentur","isPartOf":{"@id":"https:\/\/abalis-traduction.com\/#website"},"datePublished":"2018-01-12T11:18:05+00:00","dateModified":"2019-01-25T10:03:53+00:00","description":"Um Ihren \u00dcbersetzungsbed\u00fcrfnissen gerecht zu werden, arbeitet Abalis Traduction mit allen internationalen Sprachkombinationen. | Loiret","breadcrumb":{"@id":"https:\/\/abalis-traduction.com\/traduction\/nos-langues\/#breadcrumb"},"inLanguage":"de","potentialAction":[{"@type":"ReadAction","target":["https:\/\/abalis-traduction.com\/traduction\/nos-langues\/"]}]},{"@type":"BreadcrumbList","@id":"https:\/\/abalis-traduction.com\/traduction\/nos-langues\/#breadcrumb","itemListElement":[{"@type":"ListItem","position":1,"name":"Accueil","item":"https:\/\/abalis-traduction.com\/de\/"},{"@type":"ListItem","position":2,"name":"\u00dcbersetzung","item":"https:\/\/abalis-traduction.com\/traduction\/"},{"@type":"ListItem","position":3,"name":"Unser Sprachangebot"}]},{"@type":"WebSite","@id":"https:\/\/abalis-traduction.com\/#website","url":"https:\/\/abalis-traduction.com\/","name":"Abalis Traduction","description":"L&#039;intelligence humaine pour accompagner votre d\u00e9veloppement international","potentialAction":[{"@type":"SearchAction","target":{"@type":"EntryPoint","urlTemplate":"https:\/\/abalis-traduction.com\/?s={search_term_string}"},"query-input":{"@type":"PropertyValueSpecification","valueRequired":true,"valueName":"search_term_string"}}],"inLanguage":"de"}]}},"_links":{"self":[{"href":"https:\/\/abalis-traduction.com\/de\/wp-json\/wp\/v2\/pages\/14847","targetHints":{"allow":["GET"]}}],"collection":[{"href":"https:\/\/abalis-traduction.com\/de\/wp-json\/wp\/v2\/pages"}],"about":[{"href":"https:\/\/abalis-traduction.com\/de\/wp-json\/wp\/v2\/types\/page"}],"author":[{"embeddable":true,"href":"https:\/\/abalis-traduction.com\/de\/wp-json\/wp\/v2\/users\/17"}],"replies":[{"embeddable":true,"href":"https:\/\/abalis-traduction.com\/de\/wp-json\/wp\/v2\/comments?post=14847"}],"version-history":[{"count":0,"href":"https:\/\/abalis-traduction.com\/de\/wp-json\/wp\/v2\/pages\/14847\/revisions"}],"up":[{"embeddable":true,"href":"https:\/\/abalis-traduction.com\/de\/wp-json\/wp\/v2\/pages\/14810"}],"wp:attachment":[{"href":"https:\/\/abalis-traduction.com\/de\/wp-json\/wp\/v2\/media?parent=14847"}],"curies":[{"name":"wp","href":"https:\/\/api.w.org\/{rel}","templated":true}]}}