{"id":14851,"date":"2018-01-09T15:57:30","date_gmt":"2018-01-09T15:57:30","guid":{"rendered":"https:\/\/abalis-traduction.com\/?page_id=14851"},"modified":"2019-01-18T10:12:05","modified_gmt":"2019-01-18T10:12:05","slug":"beglaubigte-ubersetzungen","status":"publish","type":"page","link":"https:\/\/abalis-traduction.com\/de\/ubersetzung\/beglaubigte-ubersetzungen\/","title":{"rendered":"Beglaubigte \u00dcbersetzungen"},"content":{"rendered":"<div class=\"wpb-content-wrapper\"><p>[vc_row css=&#8221;.vc_custom_1448194157402{margin-bottom: 0px !important;}&#8221;][vc_column]<div id=\"ultimate-heading-149169ea4938f27fa\" class=\"uvc-heading ult-adjust-bottom-margin ultimate-heading-149169ea4938f27fa uvc-9371 \" data-hspacer=\"line_only\"  data-halign=\"center\" style=\"text-align:center\"><div class=\"uvc-main-heading ult-responsive\"  data-ultimate-target='.uvc-heading.ultimate-heading-149169ea4938f27fa h1'  data-responsive-json-new='{\"font-size\":\"desktop:26px;\",\"line-height\":\"desktop:45px;\"}' ><h1 style=\"font-family:&#039;Roboto&#039;;font-weight:500;color:#1557a3;margin-top:0px;margin-bottom:0px;\">BEGLAUBIGUNGEN<\/h1><\/div><div class=\"uvc-heading-spacer line_only\" style=\"margin-top:20px;margin-bottom:0px;height:5px;\"><span class=\"uvc-headings-line\" style=\"border-style:solid;border-bottom-width:5px;border-color:#e85c0d;width:30px;\"><\/span><\/div><\/div>[vc_separator color=&#8221;custom&#8221; el_width=&#8221;70&#8243; css=&#8221;.vc_custom_1508419530249{margin-top: -11px !important;margin-bottom: 0px !important;}&#8221; accent_color=&#8221;#1557a3&#8243;]<div class=\"ult-spacer spacer-69ea4938f2860\" data-id=\"69ea4938f2860\" data-height=\"10\" data-height-mobile=\"10\" data-height-tab=\"10\" data-height-tab-portrait=\"\" data-height-mobile-landscape=\"\" style=\"clear:both;display:block;\"><\/div><div id=\"ultimate-heading-273169ea4938f2898\" class=\"uvc-heading ult-adjust-bottom-margin ultimate-heading-273169ea4938f2898 uvc-1858 \" data-hspacer=\"no_spacer\"  data-halign=\"center\" style=\"text-align:center\"><div class=\"uvc-heading-spacer no_spacer\" style=\"top\"><\/div><div class=\"uvc-main-heading ult-responsive\"  data-ultimate-target='.uvc-heading.ultimate-heading-273169ea4938f2898 h2'  data-responsive-json-new='{\"font-size\":\"desktop:26px;\",\"line-height\":\"desktop:45px;\"}' ><h2 style=\"font-family:&#039;Roboto&#039;;font-weight:normal;font-style:normal;color:#1557a3;margin-top:0px;margin-bottom:0px;\">ABALIS: Ihr Spezialist f\u00fcr beglaubigte \u00dcbersetzungen<\/h2><\/div><\/div><div class=\"ult-spacer spacer-69ea4938f28d3\" data-id=\"69ea4938f28d3\" data-height=\"30\" data-height-mobile=\"15\" data-height-tab=\"15\" data-height-tab-portrait=\"15\" data-height-mobile-landscape=\"15\" style=\"clear:both;display:block;\"><\/div>[\/vc_column][\/vc_row][vc_row css=&#8221;.vc_custom_1515488809290{margin-top: 0px !important;margin-bottom: 0px !important;}&#8221;][vc_column][vc_row_inner][vc_column_inner][vc_single_image image=&#8221;14537&#8243; img_size=&#8221;full&#8221; alignment=&#8221;center&#8221;][\/vc_column_inner][\/vc_row_inner][vc_row_inner][vc_column_inner width=&#8221;1\/2&#8243; css=&#8221;.vc_custom_1515514217534{margin-bottom: 0px !important;}&#8221;][vc_column_text el_class=&#8221;p&#8221;]F\u00fcr <strong>Beglaubigungen<\/strong> gelten strenge Regeln. Sie m\u00fcssen von vereidigten \u00dcbersetzern der Berufungsgerichte angefertigt werden. Nachweis f\u00fcr die ordnungsgem\u00e4\u00dfe Beglaubigung der \u00fcbersetzten Dokumente ist das <span style=\"color: #ff6600;\">Aufbringen des <strong>Stempels<\/strong><\/span> des vereidigten \u00dcbersetzers. Er belegt die Richtigkeit und Vollst\u00e4ndigkeit der \u00dcbersetzung im Vergleich zum Original f\u00fcr die Vorlage bei einer franz\u00f6sischen bzw. internationalen Beh\u00f6rde.<\/p>\n<div class=\"main-content\">\n<div class=\"main-content-centered main-page-interne\">\n<div id=\"tinyMCE\">\n<div class=\"main-content\">\n<div class=\"main-content-centered main-page-interne\">\n<div id=\"tinyMCE\">\n<p>&nbsp;<\/p>\n<p>F\u00fcr beglaubigte \u00dcbersetzungen ist es gegebenenfalls m\u00f6glich, mit kopierten Scans der Originale zu arbeiten. Meist ist es nat\u00fcrlich empfehlenswert, direkt mit den Originalen zu arbeiten.\u00a0Der \u00dcbersetzer muss seinen offiziellen Stempel mit seiner Unterschrift und Registriernummer sowohl auf dem Original als auch auf dem \u00fcbersetzten Dokument aufbringen. In manchen F\u00e4llen ist das Aufbringen einer Apostille (etwa zur Zertifizierung von Dokumenten einer franz\u00f6sischen oder internationalen Beh\u00f6rde) f\u00fcr die G\u00fcltigkeit des Dokuments notwendig.<\/p>\n<\/div>\n<\/div>\n<\/div>\n<\/div>\n<\/div>\n<\/div>\n<p>[\/vc_column_text][\/vc_column_inner][vc_column_inner width=&#8221;1\/2&#8243; css=&#8221;.vc_custom_1515514221256{margin-top: 0px !important;}&#8221;][vc_column_text el_class=&#8221;p&#8221; css=&#8221;.vc_custom_1545590392786{margin-bottom: 0px !important;}&#8221;]Vor Beginn des \u00dcbersetzungsprozesses ist es wichtig, die Bedingungen der Empf\u00e4ngerbeh\u00f6rde (Ministerium, Konsulat, Universit\u00e4t) genau zu kennen und die entsprechenden Einsendefristen zu ber\u00fccksichtigen.<\/p>\n<div class=\"main-content\">\n<div class=\"main-content-centered main-page-interne\">\n<div id=\"tinyMCE\">\n<p>F\u00fcr seine \u00dcbersetzungen im Fachbereich Beglaubigte \u00dcbersetzungen hat <strong>ABALIS<\/strong> eine Terminologie-Datenbank und Fachglossare erstellt, die st\u00e4ndig aktualisiert werden.<\/p>\n<div class=\"main-content\">\n<div class=\"main-content-centered main-page-interne\">\n<div id=\"tinyMCE\">\n<p>Hier einige Beispiele f\u00fcr Dokumentenarten der Kategorie &#8220;Beglaubigungen&#8221;:<\/p>\n<\/div>\n<\/div>\n<\/div>\n<\/div>\n<\/div>\n<\/div>\n<p>[\/vc_column_text]<div class=\"uavc-list-icon uavc-list-icon-wrapper ult-adjust-bottom-margin p  vc_custom_1515513360626  vc_custom_1515513360626\"><ul class=\"uavc-list\"><li><div class=\"uavc-list-content\" id=\"list-icon-wrap-8418\">\n<div class=\"uavc-list-icon bulle-orange \" data-animation=\"\" data-animation-delay=\"03\" style=\"margin-right:20px;\"><div class=\"ult-just-icon-wrapper  \"><div class=\"align-icon\" style=\"text-align:center;\">\n<div class=\"aio-icon-img \" style=\"font-size:21px;display:inline-block;\" >\n\t<img decoding=\"async\" class=\"img-icon\" alt=\"null\" src=\"https:\/\/abalis-traduction.com\/wp-content\/uploads\/2018\/01\/picto-bulle-orange.png\"\/>\n<\/div><\/div><\/div>\n<\/div><span  data-ultimate-target='#list-icon-wrap-8418 .uavc-list-desc'  data-responsive-json-new='{\"font-size\":\"\",\"line-height\":\"\"}'  class=\"uavc-list-desc ult-responsive\" style=\"\"><\/p>\n<div class=\"main-content\">\n<div class=\"main-content-centered main-page-interne\">\n<div id=\"tinyMCE\">\n<p>Handelsregisterauszug<\/p>\n<\/div>\n<\/div>\n<\/div>\n<p><\/span><\/div><\/li><li><div class=\"uavc-list-content\" id=\"list-icon-wrap-3409\">\n<div class=\"uavc-list-icon bulle-orange \" data-animation=\"\" data-animation-delay=\"03\" style=\"margin-right:20px;\"><div class=\"ult-just-icon-wrapper  \"><div class=\"align-icon\" style=\"text-align:center;\">\n<div class=\"aio-icon-img \" style=\"font-size:21px;display:inline-block;\" >\n\t<img decoding=\"async\" class=\"img-icon\" alt=\"null\" src=\"https:\/\/abalis-traduction.com\/wp-content\/uploads\/2018\/01\/picto-bulle-orange.png\"\/>\n<\/div><\/div><\/div>\n<\/div><span  data-ultimate-target='#list-icon-wrap-3409 .uavc-list-desc'  data-responsive-json-new='{\"font-size\":\"\",\"line-height\":\"\"}'  class=\"uavc-list-desc ult-responsive\" style=\"\"><\/p>\n<div class=\"main-content\">\n<div class=\"main-content-centered main-page-interne\">\n<div id=\"tinyMCE\">\n<p>Statuten<\/p>\n<\/div>\n<\/div>\n<\/div>\n<p><\/span><\/div><\/li><li><div class=\"uavc-list-content\" id=\"list-icon-wrap-6493\">\n<div class=\"uavc-list-icon bulle-orange \" data-animation=\"\" data-animation-delay=\"03\" style=\"margin-right:20px;\"><div class=\"ult-just-icon-wrapper  \"><div class=\"align-icon\" style=\"text-align:center;\">\n<div class=\"aio-icon-img \" style=\"font-size:21px;display:inline-block;\" >\n\t<img decoding=\"async\" class=\"img-icon\" alt=\"null\" src=\"https:\/\/abalis-traduction.com\/wp-content\/uploads\/2018\/01\/picto-bulle-orange.png\"\/>\n<\/div><\/div><\/div>\n<\/div><span  data-ultimate-target='#list-icon-wrap-6493 .uavc-list-desc'  data-responsive-json-new='{\"font-size\":\"\",\"line-height\":\"\"}'  class=\"uavc-list-desc ult-responsive\" style=\"\"><\/p>\n<div class=\"main-content\">\n<div class=\"main-content-centered main-page-interne\">\n<div id=\"tinyMCE\">\n<p>notarielle Urkunden<\/p>\n<\/div>\n<\/div>\n<\/div>\n<p><\/span><\/div><\/li><\/ul><\/div>[\/vc_column_inner][\/vc_row_inner][\/vc_column][\/vc_row][vc_row full_width=&#8221;stretch_row&#8221; css=&#8221;.vc_custom_1515514145573{margin-top: 30px !important;margin-bottom: 0px !important;padding-top: 30px !important;padding-bottom: 50px !important;background-color: #f7f7f7 !important;}&#8221;][vc_column][vc_row_inner css=&#8221;.vc_custom_1515514105584{padding-right: 15px !important;padding-bottom: 15px !important;padding-left: 15px !important;background-color: #e85c0d !important;}&#8221;][vc_column_inner]<div id=\"ultimate-heading-56669ea4938f3057\" class=\"uvc-heading ult-adjust-bottom-margin ultimate-heading-56669ea4938f3057 uvc-2697 \" data-hspacer=\"no_spacer\"  data-halign=\"center\" style=\"text-align:center\"><div class=\"uvc-heading-spacer no_spacer\" style=\"top\"><\/div><div class=\"uvc-main-heading ult-responsive\"  data-ultimate-target='.uvc-heading.ultimate-heading-56669ea4938f3057 h2'  data-responsive-json-new='{\"font-size\":\"\",\"line-height\":\"\"}' ><h2 style=\"font-family:&#039;Roboto&#039;;font-weight:700;color:#ffffff;margin-bottom:20px;\">SIE W\u00dcNSCHEN EIN DETAILLIERTES ANGEBOT?<\/h2><\/div><div class=\"uvc-sub-heading ult-responsive\"  data-ultimate-target='.uvc-heading.ultimate-heading-56669ea4938f3057 .uvc-sub-heading '  data-responsive-json-new='{\"font-size\":\"\",\"line-height\":\"\"}'  style=\"font-family:&#039;Roboto&#039;;font-weight:normal;color:#ffffff;\"><\/p>\n<div class=\"main-content\">\n<div class=\"main-content-centered main-page-interne\">\n<div id=\"tinyMCE\">\n<p>Schicken Sie uns Ihre Originaldokumente per Post an folgende Anschrift<strong>: <\/strong><\/p>\n<p><strong>ABALIS TRADUCTION, 4 rue Augustin Bernard Mouchot, 45000 Orl\u00e9ans, Frankreich<\/strong><\/p>\n<\/div>\n<\/div>\n<\/div>\n<p><\/div><\/div>[\/vc_column_inner][\/vc_row_inner][\/vc_column][\/vc_row][vc_row full_width=&#8221;stretch_row&#8221; bg_type=&#8221;image&#8221; parallax_style=&#8221;vcpb-default&#8221; bg_image_new=&#8221;id^14206|url^https:\/\/abalis-traduction.com\/wp-content\/uploads\/2018\/01\/bg_call_to_action.jpg|caption^null|alt^null|title^bg_call_to_action|description^null&#8221; bg_image_repeat=&#8221;no-repeat&#8221; bg_image_size=&#8221;initial&#8221; css=&#8221;.vc_custom_1515514150445{margin-top: 0px !important;padding-top: 5px !important;padding-bottom: 5px !important;background-color: #1557a3 !important;}&#8221;][vc_column css=&#8221;.vc_custom_1515402301992{margin-top: 0px !important;}&#8221;][vc_row_inner content_placement=&#8221;middle&#8221;][vc_column_inner width=&#8221;1\/6&#8243;][vc_single_image image=&#8221;13999&#8243; img_size=&#8221;full&#8221; alignment=&#8221;center&#8221;][\/vc_column_inner][vc_column_inner width=&#8221;2\/3&#8243;]<div id=\"ultimate-heading-294769ea4938f30a3\" class=\"uvc-heading ult-adjust-bottom-margin ultimate-heading-294769ea4938f30a3 uvc-2024 \" data-hspacer=\"no_spacer\"  data-halign=\"left\" style=\"text-align:left\"><div class=\"uvc-heading-spacer no_spacer\" style=\"top\"><\/div><div class=\"uvc-main-heading ult-responsive\"  data-ultimate-target='.uvc-heading.ultimate-heading-294769ea4938f30a3 h3'  data-responsive-json-new='{\"font-size\":\"\",\"line-height\":\"\"}' ><h3 style=\"font-family:&#039;Roboto&#039;;font-weight:700;color:#ffffff;\">ABALIS, Ihr idealer Partner f\u00fcr internationale Unternehmenskommunikation!<\/h3><\/div><div class=\"uvc-sub-heading ult-responsive\"  data-ultimate-target='.uvc-heading.ultimate-heading-294769ea4938f30a3 .uvc-sub-heading '  data-responsive-json-new='{\"font-size\":\"\",\"line-height\":\"\"}'  style=\"font-family:&#039;Roboto&#039;;font-weight:normal;color:#f2f2f2;\">Sie k\u00f6nnen uns jederzeit f\u00fcr weitere Ausk\u00fcnfte kontaktieren!<\/div><\/div>[\/vc_column_inner][vc_column_inner width=&#8221;1\/6&#8243;]<div class=\" ubtn-ctn-center \"><a class=\"ubtn-link ult-adjust-bottom-margin ubtn-center ubtn-small \"  rel='' href = \"https:\/\/abalis-traduction.com\/de\/kontakt\/\" ><button type=\"button\" id=\"ubtn-9279\" class=\"ubtn ult-adjust-bottom-margin ult-responsive ubtn-small ubtn-fade-bg  none  ubtn-center   tooltip-69ea4938f30e3\"  data-hover=\"#ffffff\" data-border-color=\"\" data-bg=\"#ffffff\" data-hover-bg=\"#e85c0d\" data-border-hover=\"\" data-shadow-hover=\"\" data-shadow-click=\"none\" data-shadow=\"\" data-shd-shadow=\"\"  data-ultimate-target='#ubtn-9279'  data-responsive-json-new='{\"font-size\":\"\",\"line-height\":\"\"}'  style=\"font-weight:normal;border:none;background: #ffffff;color: #1557a3;\"><span class=\"ubtn-hover\" style=\"background-color:#e85c0d\"><\/span><span class=\"ubtn-data ubtn-text \" >KONTAKTIEREN SIE UNS<\/span><\/button><\/a><\/div>[\/vc_column_inner][\/vc_row_inner][\/vc_column][\/vc_row]<\/p>\n<\/div>","protected":false},"excerpt":{"rendered":"<p>[vc_row css=&#8221;.vc_custom_1448194157402{margin-bottom: 0px !important;}&#8221;][vc_column][vc_separator color=&#8221;custom&#8221; el_width=&#8221;70&#8243; css=&#8221;.vc_custom_1508419530249{margin-top: -11px !important;margin-bottom: 0px !important;}&#8221; accent_color=&#8221;#1557a3&#8243;][\/vc_column][\/vc_row][vc_row css=&#8221;.vc_custom_1515488809290{margin-top: 0px !important;margin-bottom: 0px !important;}&#8221;][vc_column][vc_row_inner][vc_column_inner][vc_single_image image=&#8221;14537&#8243; img_size=&#8221;full&#8221; alignment=&#8221;center&#8221;][\/vc_column_inner][\/vc_row_inner][vc_row_inner][vc_column_inner width=&#8221;1\/2&#8243; css=&#8221;.vc_custom_1515514217534{margin-bottom: 0px !important;}&#8221;][vc_column_text el_class=&#8221;p&#8221;]F\u00fcr Beglaubigungen gelten strenge Regeln. Sie&nbsp;<a href=\"https:\/\/abalis-traduction.com\/de\/ubersetzung\/beglaubigte-ubersetzungen\/\">[&hellip;]<\/a><\/p>\n","protected":false},"author":17,"featured_media":0,"parent":14810,"menu_order":0,"comment_status":"closed","ping_status":"closed","template":"template-fullwidth.php","meta":{"footnotes":""},"class_list":["post-14851","page","type-page","status-publish","hentry"],"yoast_head":"<!-- This site is optimized with the Yoast SEO plugin v26.0 - https:\/\/yoast.com\/wordpress\/plugins\/seo\/ -->\n<title>Beglaubigte \u00dcbersetzungen | Abalis Traduction | \u00dcbersetzungs- und Dolmetschagentur<\/title>\n<meta name=\"description\" content=\"Abalis Traduction bietet Ihnen beglaubigte \u00dcbersetzungen. Kontaktieren Sie unsere Teams f\u00fcr zus\u00e4tzliche Informationen. | Loiret\" \/>\n<meta name=\"robots\" content=\"index, follow, max-snippet:-1, max-image-preview:large, max-video-preview:-1\" \/>\n<link rel=\"canonical\" href=\"https:\/\/abalis-traduction.com\/traduction\/traduction-assermentee\/\" \/>\n<meta property=\"og:locale\" content=\"de_DE\" \/>\n<meta property=\"og:type\" content=\"article\" \/>\n<meta property=\"og:title\" content=\"Beglaubigte \u00dcbersetzungen | Abalis Traduction | \u00dcbersetzungs- und Dolmetschagentur\" \/>\n<meta property=\"og:description\" content=\"Abalis Traduction bietet Ihnen beglaubigte \u00dcbersetzungen. Kontaktieren Sie unsere Teams f\u00fcr zus\u00e4tzliche Informationen. | Loiret\" \/>\n<meta property=\"og:url\" content=\"https:\/\/abalis-traduction.com\/traduction\/traduction-assermentee\/\" \/>\n<meta property=\"og:site_name\" content=\"Abalis Traduction\" \/>\n<meta property=\"article:modified_time\" content=\"2019-01-18T10:12:05+00:00\" \/>\n<meta name=\"twitter:card\" content=\"summary_large_image\" \/>\n<meta name=\"twitter:label1\" content=\"Gesch\u00e4tzte Lesezeit\" \/>\n\t<meta name=\"twitter:data1\" content=\"5\u00a0Minuten\" \/>\n<script type=\"application\/ld+json\" class=\"yoast-schema-graph\">{\"@context\":\"https:\/\/schema.org\",\"@graph\":[{\"@type\":\"WebPage\",\"@id\":\"https:\/\/abalis-traduction.com\/traduction\/traduction-assermentee\/\",\"url\":\"https:\/\/abalis-traduction.com\/traduction\/traduction-assermentee\/\",\"name\":\"Beglaubigte \u00dcbersetzungen | Abalis Traduction | \u00dcbersetzungs- und Dolmetschagentur\",\"isPartOf\":{\"@id\":\"https:\/\/abalis-traduction.com\/#website\"},\"datePublished\":\"2018-01-09T15:57:30+00:00\",\"dateModified\":\"2019-01-18T10:12:05+00:00\",\"description\":\"Abalis Traduction bietet Ihnen beglaubigte \u00dcbersetzungen. Kontaktieren Sie unsere Teams f\u00fcr zus\u00e4tzliche Informationen. | Loiret\",\"breadcrumb\":{\"@id\":\"https:\/\/abalis-traduction.com\/traduction\/traduction-assermentee\/#breadcrumb\"},\"inLanguage\":\"de\",\"potentialAction\":[{\"@type\":\"ReadAction\",\"target\":[\"https:\/\/abalis-traduction.com\/traduction\/traduction-assermentee\/\"]}]},{\"@type\":\"BreadcrumbList\",\"@id\":\"https:\/\/abalis-traduction.com\/traduction\/traduction-assermentee\/#breadcrumb\",\"itemListElement\":[{\"@type\":\"ListItem\",\"position\":1,\"name\":\"Accueil\",\"item\":\"https:\/\/abalis-traduction.com\/de\/\"},{\"@type\":\"ListItem\",\"position\":2,\"name\":\"\u00dcbersetzung\",\"item\":\"https:\/\/abalis-traduction.com\/traduction\/\"},{\"@type\":\"ListItem\",\"position\":3,\"name\":\"Beglaubigte \u00dcbersetzungen\"}]},{\"@type\":\"WebSite\",\"@id\":\"https:\/\/abalis-traduction.com\/#website\",\"url\":\"https:\/\/abalis-traduction.com\/\",\"name\":\"Abalis Traduction\",\"description\":\"L&#039;intelligence humaine pour accompagner votre d\u00e9veloppement international\",\"potentialAction\":[{\"@type\":\"SearchAction\",\"target\":{\"@type\":\"EntryPoint\",\"urlTemplate\":\"https:\/\/abalis-traduction.com\/?s={search_term_string}\"},\"query-input\":{\"@type\":\"PropertyValueSpecification\",\"valueRequired\":true,\"valueName\":\"search_term_string\"}}],\"inLanguage\":\"de\"}]}<\/script>\n<!-- \/ Yoast SEO plugin. -->","yoast_head_json":{"title":"Beglaubigte \u00dcbersetzungen | Abalis Traduction | \u00dcbersetzungs- und Dolmetschagentur","description":"Abalis Traduction bietet Ihnen beglaubigte \u00dcbersetzungen. Kontaktieren Sie unsere Teams f\u00fcr zus\u00e4tzliche Informationen. | Loiret","robots":{"index":"index","follow":"follow","max-snippet":"max-snippet:-1","max-image-preview":"max-image-preview:large","max-video-preview":"max-video-preview:-1"},"canonical":"https:\/\/abalis-traduction.com\/traduction\/traduction-assermentee\/","og_locale":"de_DE","og_type":"article","og_title":"Beglaubigte \u00dcbersetzungen | Abalis Traduction | \u00dcbersetzungs- und Dolmetschagentur","og_description":"Abalis Traduction bietet Ihnen beglaubigte \u00dcbersetzungen. Kontaktieren Sie unsere Teams f\u00fcr zus\u00e4tzliche Informationen. | Loiret","og_url":"https:\/\/abalis-traduction.com\/traduction\/traduction-assermentee\/","og_site_name":"Abalis Traduction","article_modified_time":"2019-01-18T10:12:05+00:00","twitter_card":"summary_large_image","twitter_misc":{"Gesch\u00e4tzte Lesezeit":"5\u00a0Minuten"},"schema":{"@context":"https:\/\/schema.org","@graph":[{"@type":"WebPage","@id":"https:\/\/abalis-traduction.com\/traduction\/traduction-assermentee\/","url":"https:\/\/abalis-traduction.com\/traduction\/traduction-assermentee\/","name":"Beglaubigte \u00dcbersetzungen | Abalis Traduction | \u00dcbersetzungs- und Dolmetschagentur","isPartOf":{"@id":"https:\/\/abalis-traduction.com\/#website"},"datePublished":"2018-01-09T15:57:30+00:00","dateModified":"2019-01-18T10:12:05+00:00","description":"Abalis Traduction bietet Ihnen beglaubigte \u00dcbersetzungen. Kontaktieren Sie unsere Teams f\u00fcr zus\u00e4tzliche Informationen. | Loiret","breadcrumb":{"@id":"https:\/\/abalis-traduction.com\/traduction\/traduction-assermentee\/#breadcrumb"},"inLanguage":"de","potentialAction":[{"@type":"ReadAction","target":["https:\/\/abalis-traduction.com\/traduction\/traduction-assermentee\/"]}]},{"@type":"BreadcrumbList","@id":"https:\/\/abalis-traduction.com\/traduction\/traduction-assermentee\/#breadcrumb","itemListElement":[{"@type":"ListItem","position":1,"name":"Accueil","item":"https:\/\/abalis-traduction.com\/de\/"},{"@type":"ListItem","position":2,"name":"\u00dcbersetzung","item":"https:\/\/abalis-traduction.com\/traduction\/"},{"@type":"ListItem","position":3,"name":"Beglaubigte \u00dcbersetzungen"}]},{"@type":"WebSite","@id":"https:\/\/abalis-traduction.com\/#website","url":"https:\/\/abalis-traduction.com\/","name":"Abalis Traduction","description":"L&#039;intelligence humaine pour accompagner votre d\u00e9veloppement international","potentialAction":[{"@type":"SearchAction","target":{"@type":"EntryPoint","urlTemplate":"https:\/\/abalis-traduction.com\/?s={search_term_string}"},"query-input":{"@type":"PropertyValueSpecification","valueRequired":true,"valueName":"search_term_string"}}],"inLanguage":"de"}]}},"_links":{"self":[{"href":"https:\/\/abalis-traduction.com\/de\/wp-json\/wp\/v2\/pages\/14851","targetHints":{"allow":["GET"]}}],"collection":[{"href":"https:\/\/abalis-traduction.com\/de\/wp-json\/wp\/v2\/pages"}],"about":[{"href":"https:\/\/abalis-traduction.com\/de\/wp-json\/wp\/v2\/types\/page"}],"author":[{"embeddable":true,"href":"https:\/\/abalis-traduction.com\/de\/wp-json\/wp\/v2\/users\/17"}],"replies":[{"embeddable":true,"href":"https:\/\/abalis-traduction.com\/de\/wp-json\/wp\/v2\/comments?post=14851"}],"version-history":[{"count":0,"href":"https:\/\/abalis-traduction.com\/de\/wp-json\/wp\/v2\/pages\/14851\/revisions"}],"up":[{"embeddable":true,"href":"https:\/\/abalis-traduction.com\/de\/wp-json\/wp\/v2\/pages\/14810"}],"wp:attachment":[{"href":"https:\/\/abalis-traduction.com\/de\/wp-json\/wp\/v2\/media?parent=14851"}],"curies":[{"name":"wp","href":"https:\/\/api.w.org\/{rel}","templated":true}]}}