{"id":14863,"date":"2018-01-16T10:37:36","date_gmt":"2018-01-16T10:37:36","guid":{"rendered":"https:\/\/abalis-traduction.com\/?page_id=14863"},"modified":"2019-01-18T10:23:53","modified_gmt":"2019-01-18T10:23:53","slug":"marketing","status":"publish","type":"page","link":"https:\/\/abalis-traduction.com\/de\/ubersetzung\/marketing\/","title":{"rendered":"\u00dcbersetzungen im Bereich Marketing"},"content":{"rendered":"<div class=\"wpb-content-wrapper\"><p>[vc_row css=&#8221;.vc_custom_1448194157402{margin-bottom: 0px !important;}&#8221;][vc_column]<div id=\"ultimate-heading-21669f5f9ddd45b7\" class=\"uvc-heading ult-adjust-bottom-margin ultimate-heading-21669f5f9ddd45b7 uvc-771 \" data-hspacer=\"line_only\"  data-halign=\"center\" style=\"text-align:center\"><div class=\"uvc-main-heading ult-responsive\"  data-ultimate-target='.uvc-heading.ultimate-heading-21669f5f9ddd45b7 h1'  data-responsive-json-new='{\"font-size\":\"desktop:26px;\",\"line-height\":\"desktop:45px;\"}' ><h1 style=\"font-family:&#039;Roboto&#039;;font-weight:500;color:#1557a3;margin-top:0px;margin-bottom:0px;\">\u00dcBERSETZUNGEN\/MARKETING UND KOMMUNIKATION<\/h1><\/div><div class=\"uvc-heading-spacer line_only\" style=\"margin-top:20px;margin-bottom:0px;height:5px;\"><span class=\"uvc-headings-line\" style=\"border-style:solid;border-bottom-width:5px;border-color:#e85c0d;width:30px;\"><\/span><\/div><\/div>[vc_separator color=&#8221;custom&#8221; el_width=&#8221;70&#8243; css=&#8221;.vc_custom_1508419530249{margin-top: -11px !important;margin-bottom: 0px !important;}&#8221; accent_color=&#8221;#1557a3&#8243;]<div class=\"ult-spacer spacer-69f5f9ddd4613\" data-id=\"69f5f9ddd4613\" data-height=\"10\" data-height-mobile=\"10\" data-height-tab=\"10\" data-height-tab-portrait=\"\" data-height-mobile-landscape=\"\" style=\"clear:both;display:block;\"><\/div><div id=\"ultimate-heading-430469f5f9ddd4643\" class=\"uvc-heading ult-adjust-bottom-margin ultimate-heading-430469f5f9ddd4643 uvc-8216 \" data-hspacer=\"no_spacer\"  data-halign=\"center\" style=\"text-align:center\"><div class=\"uvc-heading-spacer no_spacer\" style=\"top\"><\/div><div class=\"uvc-main-heading ult-responsive\"  data-ultimate-target='.uvc-heading.ultimate-heading-430469f5f9ddd4643 h2'  data-responsive-json-new='{\"font-size\":\"desktop:26px;\",\"line-height\":\"desktop:45px;\"}' ><h2 style=\"font-family:&#039;Roboto&#039;;font-weight:normal;font-style:normal;color:#1557a3;margin-top:0px;margin-bottom:0px;\">ABALIS: Exzellenz f\u00fcr Ihre internationale Kommunikation<\/h2><\/div><\/div><div class=\"ult-spacer spacer-69f5f9ddd467d\" data-id=\"69f5f9ddd467d\" data-height=\"30\" data-height-mobile=\"15\" data-height-tab=\"15\" data-height-tab-portrait=\"15\" data-height-mobile-landscape=\"15\" style=\"clear:both;display:block;\"><\/div>[\/vc_column][\/vc_row][vc_row css=&#8221;.vc_custom_1515488809290{margin-top: 0px !important;margin-bottom: 0px !important;}&#8221;][vc_column][vc_row_inner][vc_column_inner][vc_single_image image=&#8221;14556&#8243; img_size=&#8221;full&#8221; alignment=&#8221;center&#8221;]<div class=\"ult-spacer spacer-69f5f9ddd469d\" data-id=\"69f5f9ddd469d\" data-height=\"20\" data-height-mobile=\"20\" data-height-tab=\"20\" data-height-tab-portrait=\"\" data-height-mobile-landscape=\"\" style=\"clear:both;display:block;\"><\/div>[vc_column_text el_class=&#8221;p&#8221;]<strong>ABALIS<\/strong> verf\u00fcgt \u00fcber langj\u00e4hrige \u00dcbersetzungserfahrung in den Bereichen Marketing, Kommunikation und Werbung f\u00fcr <strong>Entscheidungstr\u00e4ger von Marketing-, Kommunikations- oder Au\u00dfenhandelsabteilungen<\/strong> gro\u00dfer Unternehmensgruppen.[\/vc_column_text][\/vc_column_inner][\/vc_row_inner][\/vc_column][\/vc_row][vc_row css=&#8221;.vc_custom_1515488809290{margin-top: 0px !important;margin-bottom: 0px !important;}&#8221;][vc_column][vc_row_inner][vc_column_inner width=&#8221;1\/2&#8243; css=&#8221;.vc_custom_1515514217534{margin-bottom: 0px !important;}&#8221;][vc_column_text el_class=&#8221;p&#8221;]Mit ihren zielgruppenorientierten \u00dcbersetzungen in ansprechendem Kommunikationsstil erreichen unsere <strong>professionellen \u00dcbersetzer<\/strong> Ihre potenziellen Kunden optimal. Oftmals <strong>\u00fcberarbeiten<\/strong> unsere Fach\u00fcbersetzer <strong>den gesamten Zieltext noch einmal<\/strong>, damit er den kulturellen Anforderungen der jeweiligen Leserschaft entspricht.<\/p>\n<div class=\"main-content\">\n<div class=\"main-content-centered main-page-interne\">\n<div id=\"tinyMCE\">\n<p>So wird <strong>ABALIS<\/strong> zum unverzichtbaren Glied Ihrer Kommunikationskette und gew\u00e4hrleistet durch eine effiziente Unternehmenskommunikation in allen Sprachen den Erfolg Ihrer Gesch\u00e4ftsaktivit\u00e4ten.<\/p>\n<\/div>\n<\/div>\n<\/div>\n<p>[\/vc_column_text][\/vc_column_inner][vc_column_inner width=&#8221;1\/2&#8243; css=&#8221;.vc_custom_1515514221256{margin-top: 0px !important;}&#8221;][vc_column_text el_class=&#8221;p&#8221; css=&#8221;.vc_custom_1545759519561{margin-bottom: 0px !important;}&#8221;]<\/p>\n<div class=\"main-content\">\n<div class=\"main-content-centered main-page-interne\">\n<div id=\"tinyMCE\">\n<p>F\u00fcr seine \u00dcbersetzungen in diesem Fachbereich hat <strong>ABALIS<\/strong> eine <strong>Terminologie-Datenbank<\/strong> und <strong>Fachglossare<\/strong> erstellt, die st\u00e4ndig aktualisiert werden.<\/p>\n<p>Hier einige Beispiele f\u00fcr Dokumentenarten der Kategorie &#8220;Marketing und Kommunikation&#8221;:<\/p>\n<\/div>\n<\/div>\n<\/div>\n<p>[\/vc_column_text]<div class=\"uavc-list-icon uavc-list-icon-wrapper ult-adjust-bottom-margin p  vc_custom_1515513360626  vc_custom_1515513360626\"><ul class=\"uavc-list\"><li><div class=\"uavc-list-content\" id=\"list-icon-wrap-4019\">\n<div class=\"uavc-list-icon  \" data-animation=\"\" data-animation-delay=\"03\" style=\"margin-right:20px;\"><div class=\"ult-just-icon-wrapper  \"><div class=\"align-icon\" style=\"text-align:center;\">\n<div class=\"aio-icon-img \" style=\"font-size:21px;display:inline-block;\" >\n\t<img decoding=\"async\" class=\"img-icon\" alt=\"null\" src=\"https:\/\/abalis-traduction.com\/wp-content\/uploads\/2018\/01\/picto-bulle-orange.png\"\/>\n<\/div><\/div><\/div>\n<\/div><span  data-ultimate-target='#list-icon-wrap-4019 .uavc-list-desc'  data-responsive-json-new='{\"font-size\":\"\",\"line-height\":\"\"}'  class=\"uavc-list-desc ult-responsive\" style=\"\"><\/p>\n<div class=\"main-content\">\n<div class=\"main-content-centered main-page-interne\">\n<div id=\"tinyMCE\">\n<p>Marketing- und Kommunikationsbrosch\u00fcren<\/p>\n<\/div>\n<\/div>\n<\/div>\n<p><\/span><\/div><\/li><li><div class=\"uavc-list-content\" id=\"list-icon-wrap-5483\">\n<div class=\"uavc-list-icon  \" data-animation=\"\" data-animation-delay=\"03\" style=\"margin-right:20px;\"><div class=\"ult-just-icon-wrapper  \"><div class=\"align-icon\" style=\"text-align:center;\">\n<div class=\"aio-icon-img \" style=\"font-size:21px;display:inline-block;\" >\n\t<img decoding=\"async\" class=\"img-icon\" alt=\"null\" src=\"https:\/\/abalis-traduction.com\/wp-content\/uploads\/2018\/01\/picto-bulle-orange.png\"\/>\n<\/div><\/div><\/div>\n<\/div><span  data-ultimate-target='#list-icon-wrap-5483 .uavc-list-desc'  data-responsive-json-new='{\"font-size\":\"\",\"line-height\":\"\"}'  class=\"uavc-list-desc ult-responsive\" style=\"\">Newsletters<\/span><\/div><\/li><li><div class=\"uavc-list-content\" id=\"list-icon-wrap-9591\">\n<div class=\"uavc-list-icon  \" data-animation=\"\" data-animation-delay=\"03\" style=\"margin-right:20px;\"><div class=\"ult-just-icon-wrapper  \"><div class=\"align-icon\" style=\"text-align:center;\">\n<div class=\"aio-icon-img \" style=\"font-size:21px;display:inline-block;\" >\n\t<img decoding=\"async\" class=\"img-icon\" alt=\"null\" src=\"https:\/\/abalis-traduction.com\/wp-content\/uploads\/2018\/01\/picto-bulle-orange.png\"\/>\n<\/div><\/div><\/div>\n<\/div><span  data-ultimate-target='#list-icon-wrap-9591 .uavc-list-desc'  data-responsive-json-new='{\"font-size\":\"\",\"line-height\":\"\"}'  class=\"uavc-list-desc ult-responsive\" style=\"\"><\/p>\n<div class=\"main-content\">\n<div class=\"main-content-centered main-page-interne\">\n<div id=\"tinyMCE\">\n<p>Werbeslogans<\/p>\n<\/div>\n<\/div>\n<\/div>\n<p><\/span><\/div><\/li><\/ul><\/div>[\/vc_column_inner][\/vc_row_inner][\/vc_column][\/vc_row][vc_row full_width=&#8221;stretch_row&#8221; css=&#8221;.vc_custom_1535641472972{margin-top: 30px !important;margin-bottom: 0px !important;padding-top: 15px !important;padding-bottom: 35px !important;background-color: #f7f7f7 !important;}&#8221;][vc_column]<div id=\"ultimate-heading-326069f5f9ddd4c74\" class=\"uvc-heading ult-adjust-bottom-margin ultimate-heading-326069f5f9ddd4c74 uvc-3513 \" data-hspacer=\"line_only\"  data-halign=\"center\" style=\"text-align:center\"><div class=\"uvc-main-heading ult-responsive\"  data-ultimate-target='.uvc-heading.ultimate-heading-326069f5f9ddd4c74 h2'  data-responsive-json-new='{\"font-size\":\"desktop:26px;\",\"line-height\":\"desktop:45px;\"}' ><h2 style=\"font-family:&#039;Roboto&#039;;font-weight:500;color:#1557a3;margin-top:0px;margin-bottom:0px;\">ABALIS verf\u00fcgt \u00fcber kompetente Fach\u00fcbersetzer und -\u00fcbersetzerinnen im Bereich Marketing und Kommunikation<\/h2><\/div><div class=\"uvc-heading-spacer line_only\" style=\"margin-top:20px;margin-bottom:0px;height:5px;\"><span class=\"uvc-headings-line\" style=\"border-style:solid;border-bottom-width:5px;border-color:#e85c0d;width:30px;\"><\/span><\/div><\/div>[vc_separator color=&#8221;custom&#8221; el_width=&#8221;70&#8243; css=&#8221;.vc_custom_1508419530249{margin-top: -11px !important;margin-bottom: 0px !important;}&#8221; accent_color=&#8221;#1557a3&#8243;]<div class=\"ult-spacer spacer-69f5f9ddd4cac\" data-id=\"69f5f9ddd4cac\" data-height=\"30\" data-height-mobile=\"30\" data-height-tab=\"30\" data-height-tab-portrait=\"30\" data-height-mobile-landscape=\"30\" style=\"clear:both;display:block;\"><\/div>[vc_column_text el_class=&#8221;p&#8221; css=&#8221;.vc_custom_1545759674830{margin-bottom: 0px !important;}&#8221;]<\/p>\n<div class=\"main-content\">\n<div class=\"main-content-centered main-page-interne\">\n<div id=\"tinyMCE\">\n<p>Unsere \u00dcbersetzungen im Bereich Marketing und Kommunikation werden von professionellen \u00dcbersetzern erstellt, die umfassende Erfahrung im Bereich Unternehmensmarketing und \u00d6ffentlichkeitsarbeit vorweisen k\u00f6nnen.<\/p>\n<p>Um eine optimale Qualit\u00e4t der Fach\u00fcbersetzung zu gew\u00e4hrleisten, wendet <strong>ABALIS<\/strong> folgende Regeln an:<\/p>\n<\/div>\n<\/div>\n<\/div>\n<p>[\/vc_column_text]<div class=\"ult-spacer spacer-69f5f9ddd4cc9\" data-id=\"69f5f9ddd4cc9\" data-height=\"20\" data-height-mobile=\"20\" data-height-tab=\"20\" data-height-tab-portrait=\"\" data-height-mobile-landscape=\"\" style=\"clear:both;display:block;\"><\/div>[vc_row_inner][vc_column_inner width=&#8221;1\/2&#8243; css=&#8221;.vc_custom_1515514231201{margin-bottom: 0px !important;}&#8221;]<div class=\"uavc-list-icon uavc-list-icon-wrapper ult-adjust-bottom-margin p  vc_custom_1515514196662  vc_custom_1515514196662\"><ul class=\"uavc-list\"><li><div class=\"uavc-list-content\" id=\"list-icon-wrap-8455\">\n<div class=\"uavc-list-icon bulle-orange \" data-animation=\"\" data-animation-delay=\"03\" style=\"margin-right:20px;\"><div class=\"ult-just-icon-wrapper  \"><div class=\"align-icon\" style=\"text-align:center;\">\n<div class=\"aio-icon-img \" style=\"font-size:21px;display:inline-block;\" >\n\t<img decoding=\"async\" class=\"img-icon\" alt=\"null\" src=\"https:\/\/abalis-traduction.com\/wp-content\/uploads\/2018\/01\/picto-bulle-orange.png\"\/>\n<\/div><\/div><\/div>\n<\/div><span  data-ultimate-target='#list-icon-wrap-8455 .uavc-list-desc'  data-responsive-json-new='{\"font-size\":\"\",\"line-height\":\"\"}'  class=\"uavc-list-desc ult-responsive\" style=\"\"><\/p>\n<div class=\"main-content\">\n<div class=\"main-content-centered main-page-interne\">\n<div id=\"tinyMCE\">\n<p>Die <strong>\u00dcbersetzung <\/strong>erfolgt <strong>ausschlie\u00dflich in die Muttersprache<\/strong> durch einen professionellen \u00dcbersetzer, der auf das betreffende Fachgebiet spezialisiert ist und im Land der Zielsprache lebt.<\/p>\n<\/div>\n<\/div>\n<\/div>\n<p><\/span><\/div><\/li><li><div class=\"uavc-list-content\" id=\"list-icon-wrap-1159\">\n<div class=\"uavc-list-icon bulle-orange \" data-animation=\"\" data-animation-delay=\"03\" style=\"margin-right:20px;\"><div class=\"ult-just-icon-wrapper  \"><div class=\"align-icon\" style=\"text-align:center;\">\n<div class=\"aio-icon-img \" style=\"font-size:21px;display:inline-block;\" >\n\t<img decoding=\"async\" class=\"img-icon\" alt=\"null\" src=\"https:\/\/abalis-traduction.com\/wp-content\/uploads\/2018\/01\/picto-bulle-orange.png\"\/>\n<\/div><\/div><\/div>\n<\/div><span  data-ultimate-target='#list-icon-wrap-1159 .uavc-list-desc'  data-responsive-json-new='{\"font-size\":\"\",\"line-height\":\"\"}'  class=\"uavc-list-desc ult-responsive\" style=\"\"><\/p>\n<div class=\"main-content\">\n<div class=\"main-content-centered main-page-interne\">\n<div id=\"tinyMCE\">\n<p>Das <strong>Korrektorat<\/strong> wird <strong>von einem zweiten muttersprachlichen \u00dcbersetzer<\/strong> durchgef\u00fchrt, der ebenfalls Experte in dem betreffenden Fachgebiet ist.<\/p>\n<\/div>\n<\/div>\n<\/div>\n<p><\/span><\/div><\/li><\/ul><\/div>[\/vc_column_inner][vc_column_inner width=&#8221;1\/2&#8243; css=&#8221;.vc_custom_1515514235297{margin-top: 0px !important;}&#8221;]<div class=\"uavc-list-icon uavc-list-icon-wrapper ult-adjust-bottom-margin p  \"><ul class=\"uavc-list\"><li><div class=\"uavc-list-content\" id=\"list-icon-wrap-1075\">\n<div class=\"uavc-list-icon bulle-orange \" data-animation=\"\" data-animation-delay=\"03\" style=\"margin-right:20px;\"><div class=\"ult-just-icon-wrapper  \"><div class=\"align-icon\" style=\"text-align:center;\">\n<div class=\"aio-icon-img \" style=\"font-size:21px;display:inline-block;\" >\n\t<img decoding=\"async\" class=\"img-icon\" alt=\"null\" src=\"https:\/\/abalis-traduction.com\/wp-content\/uploads\/2018\/01\/picto-bulle-orange.png\"\/>\n<\/div><\/div><\/div>\n<\/div><span  data-ultimate-target='#list-icon-wrap-1075 .uavc-list-desc'  data-responsive-json-new='{\"font-size\":\"\",\"line-height\":\"\"}'  class=\"uavc-list-desc ult-responsive\" style=\"\"><\/p>\n<div class=\"main-content\">\n<div class=\"main-content-centered main-page-interne\">\n<div id=\"tinyMCE\">\n<p>Verwendung und kontinuierliche Optimierung der <strong>Terminologie-Datenbanken<\/strong> und <strong>Fachglossare<\/strong><\/p>\n<\/div>\n<\/div>\n<\/div>\n<p><\/span><\/div><\/li><li><div class=\"uavc-list-content\" id=\"list-icon-wrap-2640\">\n<div class=\"uavc-list-icon bulle-orange \" data-animation=\"\" data-animation-delay=\"03\" style=\"margin-right:20px;\"><div class=\"ult-just-icon-wrapper  \"><div class=\"align-icon\" style=\"text-align:center;\">\n<div class=\"aio-icon-img \" style=\"font-size:21px;display:inline-block;\" >\n\t<img decoding=\"async\" class=\"img-icon\" alt=\"null\" src=\"https:\/\/abalis-traduction.com\/wp-content\/uploads\/2018\/01\/picto-bulle-orange.png\"\/>\n<\/div><\/div><\/div>\n<\/div><span  data-ultimate-target='#list-icon-wrap-2640 .uavc-list-desc'  data-responsive-json-new='{\"font-size\":\"\",\"line-height\":\"\"}'  class=\"uavc-list-desc ult-responsive\" style=\"\"><\/p>\n<div class=\"main-content\">\n<div class=\"main-content-centered main-page-interne\">\n<div id=\"tinyMCE\">\n<p><strong>Strikte Einhaltung der Vertraulichkeitsvereinbarung<\/strong> hinsichtlich der erhaltenen Ausgangs- oder Zieldokumente sowie der Referenzdokumente<\/p>\n<\/div>\n<\/div>\n<\/div>\n<p><\/span><\/div><\/li><\/ul><\/div>[\/vc_column_inner][\/vc_row_inner]<div class=\"ult-spacer spacer-69f5f9ddd501c\" data-id=\"69f5f9ddd501c\" data-height=\"30\" data-height-mobile=\"30\" data-height-tab=\"30\" data-height-tab-portrait=\"30\" data-height-mobile-landscape=\"30\" style=\"clear:both;display:block;\"><\/div>[\/vc_column][\/vc_row][vc_row full_width=&#8221;stretch_row&#8221; bg_type=&#8221;image&#8221; parallax_style=&#8221;vcpb-default&#8221; bg_image_new=&#8221;id^14206|url^https:\/\/abalis-traduction.com\/wp-content\/uploads\/2018\/01\/bg_call_to_action.jpg|caption^null|alt^null|title^bg_call_to_action|description^null&#8221; bg_image_repeat=&#8221;no-repeat&#8221; bg_image_size=&#8221;initial&#8221; css=&#8221;.vc_custom_1515487807584{margin-top: 0px !important;padding-top: 5px !important;padding-bottom: 5px !important;background-color: #1557a3 !important;}&#8221;][vc_column css=&#8221;.vc_custom_1515402301992{margin-top: 0px !important;}&#8221;][vc_row_inner content_placement=&#8221;middle&#8221;][vc_column_inner width=&#8221;1\/6&#8243;][vc_single_image image=&#8221;13999&#8243; img_size=&#8221;full&#8221; alignment=&#8221;center&#8221;][\/vc_column_inner][vc_column_inner width=&#8221;2\/3&#8243;]<div id=\"ultimate-heading-304069f5f9ddd5043\" class=\"uvc-heading ult-adjust-bottom-margin ultimate-heading-304069f5f9ddd5043 uvc-6132 \" data-hspacer=\"no_spacer\"  data-halign=\"left\" style=\"text-align:left\"><div class=\"uvc-heading-spacer no_spacer\" style=\"top\"><\/div><div class=\"uvc-main-heading ult-responsive\"  data-ultimate-target='.uvc-heading.ultimate-heading-304069f5f9ddd5043 h3'  data-responsive-json-new='{\"font-size\":\"\",\"line-height\":\"\"}' ><h3 style=\"font-family:&#039;Roboto&#039;;font-weight:700;color:#ffffff;\">ABALIS, Ihr idealer Partner f\u00fcr internationale Unternehmenskommunikation!<\/h3><\/div><div class=\"uvc-sub-heading ult-responsive\"  data-ultimate-target='.uvc-heading.ultimate-heading-304069f5f9ddd5043 .uvc-sub-heading '  data-responsive-json-new='{\"font-size\":\"\",\"line-height\":\"\"}'  style=\"font-family:&#039;Roboto&#039;;font-weight:normal;color:#f2f2f2;\">Sie k\u00f6nnen uns jederzeit f\u00fcr weitere Ausk\u00fcnfte kontaktieren!<\/div><\/div>[\/vc_column_inner][vc_column_inner width=&#8221;1\/6&#8243;]<div class=\" ubtn-ctn-center \"><a class=\"ubtn-link ult-adjust-bottom-margin ubtn-center ubtn-small \"  rel='' href = \"https:\/\/abalis-traduction.com\/de\/kontakt\/\" ><button type=\"button\" id=\"ubtn-9803\" class=\"ubtn ult-adjust-bottom-margin ult-responsive ubtn-small ubtn-fade-bg  none  ubtn-center   tooltip-69f5f9ddd508d\"  data-hover=\"#ffffff\" data-border-color=\"\" data-bg=\"#ffffff\" data-hover-bg=\"#e85c0d\" data-border-hover=\"\" data-shadow-hover=\"\" data-shadow-click=\"none\" data-shadow=\"\" data-shd-shadow=\"\"  data-ultimate-target='#ubtn-9803'  data-responsive-json-new='{\"font-size\":\"\",\"line-height\":\"\"}'  style=\"font-weight:normal;border:none;background: #ffffff;color: #1557a3;\"><span class=\"ubtn-hover\" style=\"background-color:#e85c0d\"><\/span><span class=\"ubtn-data ubtn-text \" >KONTAKTIEREN SIE UNS<\/span><\/button><\/a><\/div>[\/vc_column_inner][\/vc_row_inner][\/vc_column][\/vc_row]<\/p>\n<\/div>","protected":false},"excerpt":{"rendered":"<p>[vc_row css=&#8221;.vc_custom_1448194157402{margin-bottom: 0px !important;}&#8221;][vc_column][vc_separator color=&#8221;custom&#8221; el_width=&#8221;70&#8243; css=&#8221;.vc_custom_1508419530249{margin-top: -11px !important;margin-bottom: 0px !important;}&#8221; accent_color=&#8221;#1557a3&#8243;][\/vc_column][\/vc_row][vc_row css=&#8221;.vc_custom_1515488809290{margin-top: 0px !important;margin-bottom: 0px !important;}&#8221;][vc_column][vc_row_inner][vc_column_inner][vc_single_image image=&#8221;14556&#8243; img_size=&#8221;full&#8221; alignment=&#8221;center&#8221;][vc_column_text el_class=&#8221;p&#8221;]ABALIS verf\u00fcgt \u00fcber langj\u00e4hrige \u00dcbersetzungserfahrung in den Bereichen Marketing, Kommunikation&nbsp;<a href=\"https:\/\/abalis-traduction.com\/de\/ubersetzung\/marketing\/\">[&hellip;]<\/a><\/p>\n","protected":false},"author":17,"featured_media":0,"parent":14810,"menu_order":0,"comment_status":"closed","ping_status":"closed","template":"template-fullwidth.php","meta":{"footnotes":""},"class_list":["post-14863","page","type-page","status-publish","hentry"],"yoast_head":"<!-- This site is optimized with the Yoast SEO plugin v26.0 - https:\/\/yoast.com\/wordpress\/plugins\/seo\/ -->\n<title>\u00dcbersetzungen im Bereich Marketing | Abalis Traduction | \u00dcbersetzungs- und Dolmetschagentur<\/title>\n<meta name=\"description\" content=\"Abalis gew\u00e4hrleistet \u00dcbersetzungen im Marketingsektor und erm\u00f6glicht Ihrer Firma eine qualitativ hochwertige internationale Kommunikation! | Loiret\" \/>\n<meta name=\"robots\" content=\"index, follow, max-snippet:-1, max-image-preview:large, max-video-preview:-1\" \/>\n<link rel=\"canonical\" href=\"https:\/\/abalis-traduction.com\/traduction\/traduction-marketing\/\" \/>\n<meta property=\"og:locale\" content=\"de_DE\" \/>\n<meta property=\"og:type\" content=\"article\" \/>\n<meta property=\"og:title\" content=\"\u00dcbersetzungen im Bereich Marketing | Abalis Traduction | \u00dcbersetzungs- und Dolmetschagentur\" \/>\n<meta property=\"og:description\" content=\"Abalis gew\u00e4hrleistet \u00dcbersetzungen im Marketingsektor und erm\u00f6glicht Ihrer Firma eine qualitativ hochwertige internationale Kommunikation! | Loiret\" \/>\n<meta property=\"og:url\" content=\"https:\/\/abalis-traduction.com\/traduction\/traduction-marketing\/\" \/>\n<meta property=\"og:site_name\" content=\"Abalis Traduction\" \/>\n<meta property=\"article:modified_time\" content=\"2019-01-18T10:23:53+00:00\" \/>\n<meta name=\"twitter:card\" content=\"summary_large_image\" \/>\n<meta name=\"twitter:label1\" content=\"Gesch\u00e4tzte Lesezeit\" \/>\n\t<meta name=\"twitter:data1\" content=\"7\u00a0Minuten\" \/>\n<script type=\"application\/ld+json\" class=\"yoast-schema-graph\">{\"@context\":\"https:\/\/schema.org\",\"@graph\":[{\"@type\":\"WebPage\",\"@id\":\"https:\/\/abalis-traduction.com\/traduction\/traduction-marketing\/\",\"url\":\"https:\/\/abalis-traduction.com\/traduction\/traduction-marketing\/\",\"name\":\"\u00dcbersetzungen im Bereich Marketing | Abalis Traduction | \u00dcbersetzungs- und Dolmetschagentur\",\"isPartOf\":{\"@id\":\"https:\/\/abalis-traduction.com\/#website\"},\"datePublished\":\"2018-01-16T10:37:36+00:00\",\"dateModified\":\"2019-01-18T10:23:53+00:00\",\"description\":\"Abalis gew\u00e4hrleistet \u00dcbersetzungen im Marketingsektor und erm\u00f6glicht Ihrer Firma eine qualitativ hochwertige internationale Kommunikation! | Loiret\",\"breadcrumb\":{\"@id\":\"https:\/\/abalis-traduction.com\/traduction\/traduction-marketing\/#breadcrumb\"},\"inLanguage\":\"de\",\"potentialAction\":[{\"@type\":\"ReadAction\",\"target\":[\"https:\/\/abalis-traduction.com\/traduction\/traduction-marketing\/\"]}]},{\"@type\":\"BreadcrumbList\",\"@id\":\"https:\/\/abalis-traduction.com\/traduction\/traduction-marketing\/#breadcrumb\",\"itemListElement\":[{\"@type\":\"ListItem\",\"position\":1,\"name\":\"Accueil\",\"item\":\"https:\/\/abalis-traduction.com\/de\/\"},{\"@type\":\"ListItem\",\"position\":2,\"name\":\"\u00dcbersetzung\",\"item\":\"https:\/\/abalis-traduction.com\/traduction\/\"},{\"@type\":\"ListItem\",\"position\":3,\"name\":\"\u00dcbersetzungen im Bereich Marketing\"}]},{\"@type\":\"WebSite\",\"@id\":\"https:\/\/abalis-traduction.com\/#website\",\"url\":\"https:\/\/abalis-traduction.com\/\",\"name\":\"Abalis Traduction\",\"description\":\"L&#039;intelligence humaine pour accompagner votre d\u00e9veloppement international\",\"potentialAction\":[{\"@type\":\"SearchAction\",\"target\":{\"@type\":\"EntryPoint\",\"urlTemplate\":\"https:\/\/abalis-traduction.com\/?s={search_term_string}\"},\"query-input\":{\"@type\":\"PropertyValueSpecification\",\"valueRequired\":true,\"valueName\":\"search_term_string\"}}],\"inLanguage\":\"de\"}]}<\/script>\n<!-- \/ Yoast SEO plugin. -->","yoast_head_json":{"title":"\u00dcbersetzungen im Bereich Marketing | Abalis Traduction | \u00dcbersetzungs- und Dolmetschagentur","description":"Abalis gew\u00e4hrleistet \u00dcbersetzungen im Marketingsektor und erm\u00f6glicht Ihrer Firma eine qualitativ hochwertige internationale Kommunikation! | Loiret","robots":{"index":"index","follow":"follow","max-snippet":"max-snippet:-1","max-image-preview":"max-image-preview:large","max-video-preview":"max-video-preview:-1"},"canonical":"https:\/\/abalis-traduction.com\/traduction\/traduction-marketing\/","og_locale":"de_DE","og_type":"article","og_title":"\u00dcbersetzungen im Bereich Marketing | Abalis Traduction | \u00dcbersetzungs- und Dolmetschagentur","og_description":"Abalis gew\u00e4hrleistet \u00dcbersetzungen im Marketingsektor und erm\u00f6glicht Ihrer Firma eine qualitativ hochwertige internationale Kommunikation! | Loiret","og_url":"https:\/\/abalis-traduction.com\/traduction\/traduction-marketing\/","og_site_name":"Abalis Traduction","article_modified_time":"2019-01-18T10:23:53+00:00","twitter_card":"summary_large_image","twitter_misc":{"Gesch\u00e4tzte Lesezeit":"7\u00a0Minuten"},"schema":{"@context":"https:\/\/schema.org","@graph":[{"@type":"WebPage","@id":"https:\/\/abalis-traduction.com\/traduction\/traduction-marketing\/","url":"https:\/\/abalis-traduction.com\/traduction\/traduction-marketing\/","name":"\u00dcbersetzungen im Bereich Marketing | Abalis Traduction | \u00dcbersetzungs- und Dolmetschagentur","isPartOf":{"@id":"https:\/\/abalis-traduction.com\/#website"},"datePublished":"2018-01-16T10:37:36+00:00","dateModified":"2019-01-18T10:23:53+00:00","description":"Abalis gew\u00e4hrleistet \u00dcbersetzungen im Marketingsektor und erm\u00f6glicht Ihrer Firma eine qualitativ hochwertige internationale Kommunikation! | Loiret","breadcrumb":{"@id":"https:\/\/abalis-traduction.com\/traduction\/traduction-marketing\/#breadcrumb"},"inLanguage":"de","potentialAction":[{"@type":"ReadAction","target":["https:\/\/abalis-traduction.com\/traduction\/traduction-marketing\/"]}]},{"@type":"BreadcrumbList","@id":"https:\/\/abalis-traduction.com\/traduction\/traduction-marketing\/#breadcrumb","itemListElement":[{"@type":"ListItem","position":1,"name":"Accueil","item":"https:\/\/abalis-traduction.com\/de\/"},{"@type":"ListItem","position":2,"name":"\u00dcbersetzung","item":"https:\/\/abalis-traduction.com\/traduction\/"},{"@type":"ListItem","position":3,"name":"\u00dcbersetzungen im Bereich Marketing"}]},{"@type":"WebSite","@id":"https:\/\/abalis-traduction.com\/#website","url":"https:\/\/abalis-traduction.com\/","name":"Abalis Traduction","description":"L&#039;intelligence humaine pour accompagner votre d\u00e9veloppement international","potentialAction":[{"@type":"SearchAction","target":{"@type":"EntryPoint","urlTemplate":"https:\/\/abalis-traduction.com\/?s={search_term_string}"},"query-input":{"@type":"PropertyValueSpecification","valueRequired":true,"valueName":"search_term_string"}}],"inLanguage":"de"}]}},"_links":{"self":[{"href":"https:\/\/abalis-traduction.com\/de\/wp-json\/wp\/v2\/pages\/14863","targetHints":{"allow":["GET"]}}],"collection":[{"href":"https:\/\/abalis-traduction.com\/de\/wp-json\/wp\/v2\/pages"}],"about":[{"href":"https:\/\/abalis-traduction.com\/de\/wp-json\/wp\/v2\/types\/page"}],"author":[{"embeddable":true,"href":"https:\/\/abalis-traduction.com\/de\/wp-json\/wp\/v2\/users\/17"}],"replies":[{"embeddable":true,"href":"https:\/\/abalis-traduction.com\/de\/wp-json\/wp\/v2\/comments?post=14863"}],"version-history":[{"count":0,"href":"https:\/\/abalis-traduction.com\/de\/wp-json\/wp\/v2\/pages\/14863\/revisions"}],"up":[{"embeddable":true,"href":"https:\/\/abalis-traduction.com\/de\/wp-json\/wp\/v2\/pages\/14810"}],"wp:attachment":[{"href":"https:\/\/abalis-traduction.com\/de\/wp-json\/wp\/v2\/media?parent=14863"}],"curies":[{"name":"wp","href":"https:\/\/api.w.org\/{rel}","templated":true}]}}