{"id":14804,"date":"2018-01-09T16:49:40","date_gmt":"2018-01-09T16:49:40","guid":{"rendered":"https:\/\/abalis-traduction.com\/?page_id=14804"},"modified":"2025-10-23T15:11:30","modified_gmt":"2025-10-23T13:11:30","slug":"portail-client","status":"publish","type":"page","link":"https:\/\/abalis-traduction.com\/en\/portail-client\/","title":{"rendered":"Client Portal"},"content":{"rendered":"<div class=\"wpb-content-wrapper\"><p>[vc_row css=&#8221;.vc_custom_1448194157402{margin-bottom: 0px !important;}&#8221;][vc_column]<div id=\"ultimate-heading-378369e18dd943aae\" class=\"uvc-heading ult-adjust-bottom-margin ultimate-heading-378369e18dd943aae uvc-9640 \" data-hspacer=\"line_only\"  data-halign=\"center\" style=\"text-align:center\"><div class=\"uvc-main-heading ult-responsive\"  data-ultimate-target='.uvc-heading.ultimate-heading-378369e18dd943aae h1'  data-responsive-json-new='{\"font-size\":\"desktop:26px;\",\"line-height\":\"desktop:45px;\"}' ><h1 style=\"font-family:&#039;Roboto&#039;;font-weight:normal;font-style:normal;color:#2A474E;margin-top:0px;margin-bottom:0px;\">CLIENT PORTAL<\/h1><\/div><div class=\"uvc-heading-spacer line_only\" style=\"margin-top:20px;margin-bottom:0px;height:5px;\"><span class=\"uvc-headings-line\" style=\"border-style:solid;border-bottom-width:5px;border-color:#DD7637;width:30px;\"><\/span><\/div><\/div>[vc_separator color=&#8221;custom&#8221; el_width=&#8221;70&#8243; css=&#8221;.vc_custom_1761224825169{margin-top: -11px !important;margin-bottom: 0px !important;}&#8221; accent_color=&#8221;#2A474E&#8221;]<div class=\"ult-spacer spacer-69e18dd943b41\" data-id=\"69e18dd943b41\" data-height=\"20\" data-height-mobile=\"10\" data-height-tab=\"10\" data-height-tab-portrait=\"10\" data-height-mobile-landscape=\"10\" style=\"clear:both;display:block;\"><\/div><div id=\"ultimate-heading-797869e18dd943b74\" class=\"uvc-heading ult-adjust-bottom-margin ultimate-heading-797869e18dd943b74 uvc-3448 \" data-hspacer=\"no_spacer\"  data-halign=\"center\" style=\"text-align:center\"><div class=\"uvc-heading-spacer no_spacer\" style=\"top\"><\/div><div class=\"uvc-main-heading ult-responsive\"  data-ultimate-target='.uvc-heading.ultimate-heading-797869e18dd943b74 h2'  data-responsive-json-new='{\"font-size\":\"\",\"line-height\":\"\"}' ><h2 style=\"font-family:&#039;Roboto&#039;;font-weight:normal;font-style:normal;color:#2A474E;margin-top:0px;margin-bottom:0px;\">ABALIS provides a secure and encrypted platform for file exchange with complete peace of mind.<\/h2><\/div><\/div><div class=\"ult-spacer spacer-69e18dd943bad\" data-id=\"69e18dd943bad\" data-height=\"30\" data-height-mobile=\"15\" data-height-tab=\"15\" data-height-tab-portrait=\"15\" data-height-mobile-landscape=\"15\" style=\"clear:both;display:block;\"><\/div>[\/vc_column][\/vc_row][vc_row css=&#8221;.vc_custom_1515488809290{margin-top: 0px !important;margin-bottom: 0px !important;}&#8221;][vc_column][vc_row_inner][vc_column_inner]<div class=\"ult-spacer spacer-69e18dd943bca\" data-id=\"69e18dd943bca\" data-height=\"20\" data-height-mobile=\"20\" data-height-tab=\"20\" data-height-tab-portrait=\"\" data-height-mobile-landscape=\"\" style=\"clear:both;display:block;\"><\/div>[vc_column_text el_class=&#8221;p&#8221;]Aware of the need to provide complete confidentiality and optimal security for file exchanges, <strong>ABALIS<\/strong> offers you a secure, customized, and tailored FTP platform to meet your needs.[\/vc_column_text][\/vc_column_inner][\/vc_row_inner][\/vc_column][\/vc_row][vc_row full_width=&#8221;stretch_row&#8221; bg_type=&#8221;image&#8221; parallax_style=&#8221;vcpb-default&#8221; bg_image_new=&#8221;id^14441|url^https:\/\/abalis-traduction.com\/wp-content\/uploads\/2018\/01\/bg-espace-client.jpg|caption^null|alt^null|title^bg-espace-client|description^null&#8221; bg_image_repeat=&#8221;no-repeat&#8221; bg_image_size=&#8221;initial&#8221; css=&#8221;.vc_custom_1515668944500{padding-top: 0px !important;padding-bottom: 40px !important;background-color: #f2f2f2 !important;}&#8221;][vc_column][vc_icon icon_fontawesome=&#8221;&#8221; color=&#8221;custom&#8221; align=&#8221;center&#8221; css=&#8221;.vc_custom_1761225068673{margin-top: 0px !important;margin-bottom: 0px !important;padding-top: 0px !important;padding-bottom: 0px !important;}&#8221; custom_color=&#8221;#2A474E&#8221;]<div id=\"ultimate-heading-851269e18dd943c01\" class=\"uvc-heading ult-adjust-bottom-margin ultimate-heading-851269e18dd943c01 uvc-3523 \" data-hspacer=\"no_spacer\"  data-halign=\"center\" style=\"text-align:center\"><div class=\"uvc-heading-spacer no_spacer\" style=\"top\"><\/div><div class=\"uvc-main-heading ult-responsive\"  data-ultimate-target='.uvc-heading.ultimate-heading-851269e18dd943c01 h3'  data-responsive-json-new='{\"font-size\":\"\",\"line-height\":\"\"}' ><h3 style=\"font-family:&#039;Roboto&#039;;font-weight:500;color:#2A474E;margin-top:0px;margin-bottom:0px;\">Operating Process of the ABALIS Platform<\/h3><\/div><\/div><div class=\"ult-spacer spacer-69e18dd943c48\" data-id=\"69e18dd943c48\" data-height=\"50\" data-height-mobile=\"20\" data-height-tab=\"20\" data-height-tab-portrait=\"20\" data-height-mobile-landscape=\"20\" style=\"clear:both;display:block;\"><\/div>[vc_row_inner][vc_column_inner width=&#8221;1\/4&#8243;][vc_single_image image=&#8221;14425&#8243; img_size=&#8221;full&#8221; alignment=&#8221;center&#8221;][vc_column_text css=&#8221;.vc_custom_1713535067592{margin-bottom: 0px !important;}&#8221;]<\/p>\n<p style=\"text-align: center;\">Submit a request for access to the client area via the contact form.<\/p>\n<p>[\/vc_column_text]<div class=\"ult-spacer spacer-69e18dd943c75\" data-id=\"69e18dd943c75\" data-height=\"15\" data-height-mobile=\"10\" data-height-tab=\"10\" data-height-tab-portrait=\"10\" data-height-mobile-landscape=\"10\" style=\"clear:both;display:block;\"><\/div>[\/vc_column_inner][vc_column_inner width=&#8221;1\/4&#8243;][vc_single_image image=&#8221;14424&#8243; img_size=&#8221;full&#8221; alignment=&#8221;center&#8221;][vc_column_text]<\/p>\n<p style=\"text-align: center;\">Provide a valid email address to obtain personalized access.<\/p>\n<p>[\/vc_column_text][\/vc_column_inner][vc_column_inner width=&#8221;1\/4&#8243;][vc_single_image image=&#8221;14423&#8243; img_size=&#8221;full&#8221; alignment=&#8221;center&#8221;][vc_column_text]<\/p>\n<p style=\"text-align: center;\">Immediately receive a username and a temporary password.<\/p>\n<p>[\/vc_column_text][\/vc_column_inner][vc_column_inner width=&#8221;1\/4&#8243;][vc_single_image image=&#8221;14422&#8243; img_size=&#8221;full&#8221; alignment=&#8221;center&#8221;][vc_column_text]<\/p>\n<p style=\"text-align: center;\">Access the platform at any time and choose from a selection of 3 languages.<\/p>\n<p>[\/vc_column_text][\/vc_column_inner][\/vc_row_inner][vc_row_inner][vc_column_inner width=&#8221;1\/3&#8243;][\/vc_column_inner][vc_column_inner width=&#8221;1\/3&#8243;]<div class=\" ubtn-ctn-center \"><a class=\"ubtn-link ult-adjust-bottom-margin ubtn-center ubtn-small \"  rel='' href = \"http:\/\/portail.abalis-traduction.com\/\" ><button type=\"button\" id=\"ubtn-5588\" class=\"ubtn ult-adjust-bottom-margin ult-responsive ubtn-small ubtn-fade-bg  none  ubtn-center   tooltip-69e18dd943cae\"  data-hover=\"#ffffff\" data-border-color=\"\" data-bg=\"#DD7637\" data-hover-bg=\"#2A474E\" data-border-hover=\"\" data-shadow-hover=\"\" data-shadow-click=\"none\" data-shadow=\"\" data-shd-shadow=\"\"  data-ultimate-target='#ubtn-5588'  data-responsive-json-new='{\"font-size\":\"\",\"line-height\":\"\"}'  style=\"font-weight:normal;border:none;background: #DD7637;color: #ffffff;\"><span class=\"ubtn-hover\" style=\"background-color:#2A474E\"><\/span><span class=\"ubtn-data ubtn-text \" >REQUEST ACCESS<\/span><\/button><\/a><\/div>[\/vc_column_inner][vc_column_inner width=&#8221;1\/3&#8243;][\/vc_column_inner][\/vc_row_inner][\/vc_column][\/vc_row][vc_row css=&#8221;.vc_custom_1448194157402{margin-bottom: 0px !important;}&#8221;][vc_column]<div id=\"ultimate-heading-755969e18dd943d53\" class=\"uvc-heading ult-adjust-bottom-margin ultimate-heading-755969e18dd943d53 uvc-4136 \" data-hspacer=\"line_only\"  data-halign=\"center\" style=\"text-align:center\"><div class=\"uvc-main-heading ult-responsive\"  data-ultimate-target='.uvc-heading.ultimate-heading-755969e18dd943d53 h2'  data-responsive-json-new='{\"font-size\":\"desktop:26px;\",\"line-height\":\"desktop:45px;\"}' ><h2 style=\"font-family:&#039;Roboto&#039;;font-weight:500;color:#2A474E;margin-top:0px;margin-bottom:0px;\">In what cases should the ABALIS platform be used?<\/h2><\/div><div class=\"uvc-heading-spacer line_only\" style=\"margin-top:20px;margin-bottom:0px;height:5px;\"><span class=\"uvc-headings-line\" style=\"border-style:solid;border-bottom-width:5px;border-color:#DD7637;width:30px;\"><\/span><\/div><\/div>[vc_separator color=&#8221;custom&#8221; el_width=&#8221;70&#8243; css=&#8221;.vc_custom_1508419530249{margin-top: -11px !important;margin-bottom: 0px !important;}&#8221; accent_color=&#8221;#1557a3&#8243;]<div class=\"ult-spacer spacer-69e18dd943d83\" data-id=\"69e18dd943d83\" data-height=\"50\" data-height-mobile=\"20\" data-height-tab=\"20\" data-height-tab-portrait=\"20\" data-height-mobile-landscape=\"20\" style=\"clear:both;display:block;\"><\/div>[vc_row_inner css=&#8221;.vc_custom_1515679310897{margin-bottom: 0px !important;padding-bottom: 0px !important;}&#8221;][vc_column_inner width=&#8221;1\/2&#8243;][vc_single_image image=&#8221;14445&#8243; img_size=&#8221;114&#215;94&#8243; alignment=&#8221;center&#8221; css=&#8221;.vc_custom_1515681029029{margin-top: 10px !important;margin-bottom: 0px !important;}&#8221;]<div class=\"ult-spacer spacer-69e18dd943d9c\" data-id=\"69e18dd943d9c\" data-height=\"40\" data-height-mobile=\"40\" data-height-tab=\"40\" data-height-tab-portrait=\"\" data-height-mobile-landscape=\"\" style=\"clear:both;display:block;\"><\/div>[vc_column_text css=&#8221;.vc_custom_1713535186401{margin-top: 0px !important;}&#8221;]<\/p>\n<p style=\"text-align: center;\">When the <strong>size of attachments<\/strong> exceeds the maximum limit of 10 MB set for standard emails.<\/p>\n<p>[\/vc_column_text][\/vc_column_inner][vc_column_inner width=&#8221;1\/2&#8243;][vc_single_image image=&#8221;14446&#8243; img_size=&#8221;122&#215;92&#8243; alignment=&#8221;center&#8221; css=&#8221;.vc_custom_1515681032160{margin-top: 10px !important;margin-bottom: 0px !important;}&#8221;]<div class=\"ult-spacer spacer-69e18dd943db3\" data-id=\"69e18dd943db3\" data-height=\"40\" data-height-mobile=\"40\" data-height-tab=\"40\" data-height-tab-portrait=\"\" data-height-mobile-landscape=\"\" style=\"clear:both;display:block;\"><\/div>[vc_column_text css=&#8221;.vc_custom_1713535176470{margin-top: 0px !important;}&#8221;]<\/p>\n<p style=\"text-align: center;\">For projects <strong>involving many files<\/strong>, the platform is an easy and secure method.<\/p>\n<p>[\/vc_column_text][\/vc_column_inner][\/vc_row_inner][vc_row_inner css=&#8221;.vc_custom_1515679275109{margin-top: 0px !important;}&#8221;][vc_column_inner][vc_column_text]<\/p>\n<h4 style=\"text-align: center;\">* Ideally, we recommend preparing a single compressed file (e.g., .zip) to facilitate the transfer.<\/h4>\n<p>[\/vc_column_text][\/vc_column_inner][\/vc_row_inner][\/vc_column][\/vc_row][vc_row full_width=&#8221;stretch_row&#8221; bg_type=&#8221;image&#8221; parallax_style=&#8221;vcpb-default&#8221; bg_image_new=&#8221;id^14206|url^https:\/\/abalis-traduction.com\/wp-content\/uploads\/2018\/01\/bg_call_to_action.jpg|caption^null|alt^null|title^bg_call_to_action|description^null&#8221; bg_image_repeat=&#8221;no-repeat&#8221; bg_image_size=&#8221;initial&#8221; css=&#8221;.vc_custom_1515487807584{margin-top: 0px !important;padding-top: 5px !important;padding-bottom: 5px !important;background-color: #1557a3 !important;}&#8221;][vc_column css=&#8221;.vc_custom_1515402301992{margin-top: 0px !important;}&#8221;][vc_row_inner content_placement=&#8221;middle&#8221;][vc_column_inner width=&#8221;1\/6&#8243;][vc_single_image image=&#8221;65631&#8243; img_size=&#8221;full&#8221; alignment=&#8221;center&#8221; css=&#8221;&#8221;][\/vc_column_inner][vc_column_inner width=&#8221;2\/3&#8243;]<div id=\"ultimate-heading-748569e18dd943dd4\" class=\"uvc-heading ult-adjust-bottom-margin ultimate-heading-748569e18dd943dd4 uvc-9831 \" data-hspacer=\"no_spacer\"  data-halign=\"left\" style=\"text-align:left\"><div class=\"uvc-heading-spacer no_spacer\" style=\"top\"><\/div><div class=\"uvc-main-heading ult-responsive\"  data-ultimate-target='.uvc-heading.ultimate-heading-748569e18dd943dd4 h3'  data-responsive-json-new='{\"font-size\":\"\",\"line-height\":\"\"}' ><h3 style=\"font-family:&#039;Roboto&#039;;font-weight:700;color:#ffffff;\">ABALIS presents itself as the ideal partner for your international communication!<\/h3><\/div><div class=\"uvc-sub-heading ult-responsive\"  data-ultimate-target='.uvc-heading.ultimate-heading-748569e18dd943dd4 .uvc-sub-heading '  data-responsive-json-new='{\"font-size\":\"\",\"line-height\":\"\"}'  style=\"font-family:&#039;Roboto&#039;;font-weight:normal;color:#f2f2f2;\">So do not hesitate to contact us for more information!<\/div><\/div>[\/vc_column_inner][vc_column_inner width=&#8221;1\/6&#8243;]<div class=\" ubtn-ctn-center \"><a class=\"ubtn-link ult-adjust-bottom-margin ubtn-center ubtn-small \"  rel='' href = \"https:\/\/abalis-traduction.com\/contact\/\" ><button type=\"button\" id=\"ubtn-9935\" class=\"ubtn ult-adjust-bottom-margin ult-responsive ubtn-small ubtn-fade-bg  none  ubtn-center   tooltip-69e18dd943e0f\"  data-hover=\"#ffffff\" data-border-color=\"\" data-bg=\"#ffffff\" data-hover-bg=\"#DD7637\" data-border-hover=\"\" data-shadow-hover=\"\" data-shadow-click=\"none\" data-shadow=\"\" data-shd-shadow=\"\"  data-ultimate-target='#ubtn-9935'  data-responsive-json-new='{\"font-size\":\"\",\"line-height\":\"\"}'  style=\"font-weight:normal;border:none;background: #ffffff;color: #2A474E;\"><span class=\"ubtn-hover\" style=\"background-color:#DD7637\"><\/span><span class=\"ubtn-data ubtn-text \" >CONTACT US<\/span><\/button><\/a><\/div>[\/vc_column_inner][\/vc_row_inner][\/vc_column][\/vc_row]<\/p>\n<\/div>","protected":false},"excerpt":{"rendered":"<p>[vc_row css=&#8221;.vc_custom_1448194157402{margin-bottom: 0px !important;}&#8221;][vc_column][vc_separator color=&#8221;custom&#8221; el_width=&#8221;70&#8243; css=&#8221;.vc_custom_1761224825169{margin-top: -11px !important;margin-bottom: 0px !important;}&#8221; accent_color=&#8221;#2A474E&#8221;][\/vc_column][\/vc_row][vc_row css=&#8221;.vc_custom_1515488809290{margin-top: 0px !important;margin-bottom: 0px !important;}&#8221;][vc_column][vc_row_inner][vc_column_inner][vc_column_text el_class=&#8221;p&#8221;]Aware of the need to provide complete confidentiality and optimal security for file&nbsp;<a href=\"https:\/\/abalis-traduction.com\/en\/portail-client\/\">[&hellip;]<\/a><\/p>\n","protected":false},"author":17,"featured_media":0,"parent":0,"menu_order":0,"comment_status":"closed","ping_status":"closed","template":"template-fullwidth.php","meta":{"footnotes":""},"class_list":["post-14804","page","type-page","status-publish","hentry"],"yoast_head":"<!-- This site is optimized with the Yoast SEO plugin v26.0 - https:\/\/yoast.com\/wordpress\/plugins\/seo\/ -->\n<title>Portail client | Abalis Traduction | Traduction et interpr\u00e9tariat<\/title>\n<meta name=\"description\" content=\"Abalis Traduction met \u00e0 votre disposition un espace s\u00e9curis\u00e9 pour \u00e9changer vos fichiers en toute s\u00e9r\u00e9nit\u00e9. | Agence de traduction et interpr\u00e9tariat\" \/>\n<meta name=\"robots\" content=\"index, follow, max-snippet:-1, max-image-preview:large, max-video-preview:-1\" \/>\n<link rel=\"canonical\" href=\"https:\/\/abalis-traduction.com\/en\/portail-client\/\" \/>\n<meta property=\"og:locale\" content=\"en_US\" \/>\n<meta property=\"og:type\" content=\"article\" \/>\n<meta property=\"og:title\" content=\"Portail client | Abalis Traduction | Traduction et interpr\u00e9tariat\" \/>\n<meta property=\"og:description\" content=\"Abalis Traduction met \u00e0 votre disposition un espace s\u00e9curis\u00e9 pour \u00e9changer vos fichiers en toute s\u00e9r\u00e9nit\u00e9. | Agence de traduction et interpr\u00e9tariat\" \/>\n<meta property=\"og:url\" content=\"https:\/\/abalis-traduction.com\/en\/portail-client\/\" \/>\n<meta property=\"og:site_name\" content=\"Abalis Traduction\" \/>\n<meta property=\"article:modified_time\" content=\"2025-10-23T13:11:30+00:00\" \/>\n<meta name=\"twitter:card\" content=\"summary_large_image\" \/>\n<meta name=\"twitter:label1\" content=\"Est. reading time\" \/>\n\t<meta name=\"twitter:data1\" content=\"4 minutes\" \/>\n<script type=\"application\/ld+json\" class=\"yoast-schema-graph\">{\"@context\":\"https:\/\/schema.org\",\"@graph\":[{\"@type\":\"WebPage\",\"@id\":\"https:\/\/abalis-traduction.com\/en\/portail-client\/\",\"url\":\"https:\/\/abalis-traduction.com\/en\/portail-client\/\",\"name\":\"Portail client | Abalis Traduction | Traduction et interpr\u00e9tariat\",\"isPartOf\":{\"@id\":\"https:\/\/abalis-traduction.com\/#website\"},\"datePublished\":\"2018-01-09T16:49:40+00:00\",\"dateModified\":\"2025-10-23T13:11:30+00:00\",\"description\":\"Abalis Traduction met \u00e0 votre disposition un espace s\u00e9curis\u00e9 pour \u00e9changer vos fichiers en toute s\u00e9r\u00e9nit\u00e9. | Agence de traduction et interpr\u00e9tariat\",\"breadcrumb\":{\"@id\":\"https:\/\/abalis-traduction.com\/en\/portail-client\/#breadcrumb\"},\"inLanguage\":\"en-US\",\"potentialAction\":[{\"@type\":\"ReadAction\",\"target\":[\"https:\/\/abalis-traduction.com\/en\/portail-client\/\"]}]},{\"@type\":\"BreadcrumbList\",\"@id\":\"https:\/\/abalis-traduction.com\/en\/portail-client\/#breadcrumb\",\"itemListElement\":[{\"@type\":\"ListItem\",\"position\":1,\"name\":\"Accueil\",\"item\":\"https:\/\/abalis-traduction.com\/en\/\"},{\"@type\":\"ListItem\",\"position\":2,\"name\":\"Client Portal\"}]},{\"@type\":\"WebSite\",\"@id\":\"https:\/\/abalis-traduction.com\/#website\",\"url\":\"https:\/\/abalis-traduction.com\/\",\"name\":\"Abalis Traduction\",\"description\":\"L&#039;intelligence humaine pour accompagner votre d\u00e9veloppement international\",\"potentialAction\":[{\"@type\":\"SearchAction\",\"target\":{\"@type\":\"EntryPoint\",\"urlTemplate\":\"https:\/\/abalis-traduction.com\/?s={search_term_string}\"},\"query-input\":{\"@type\":\"PropertyValueSpecification\",\"valueRequired\":true,\"valueName\":\"search_term_string\"}}],\"inLanguage\":\"en-US\"}]}<\/script>\n<!-- \/ Yoast SEO plugin. -->","yoast_head_json":{"title":"Portail client | Abalis Traduction | Traduction et interpr\u00e9tariat","description":"Abalis Traduction met \u00e0 votre disposition un espace s\u00e9curis\u00e9 pour \u00e9changer vos fichiers en toute s\u00e9r\u00e9nit\u00e9. | Agence de traduction et interpr\u00e9tariat","robots":{"index":"index","follow":"follow","max-snippet":"max-snippet:-1","max-image-preview":"max-image-preview:large","max-video-preview":"max-video-preview:-1"},"canonical":"https:\/\/abalis-traduction.com\/en\/portail-client\/","og_locale":"en_US","og_type":"article","og_title":"Portail client | Abalis Traduction | Traduction et interpr\u00e9tariat","og_description":"Abalis Traduction met \u00e0 votre disposition un espace s\u00e9curis\u00e9 pour \u00e9changer vos fichiers en toute s\u00e9r\u00e9nit\u00e9. | Agence de traduction et interpr\u00e9tariat","og_url":"https:\/\/abalis-traduction.com\/en\/portail-client\/","og_site_name":"Abalis Traduction","article_modified_time":"2025-10-23T13:11:30+00:00","twitter_card":"summary_large_image","twitter_misc":{"Est. reading time":"4 minutes"},"schema":{"@context":"https:\/\/schema.org","@graph":[{"@type":"WebPage","@id":"https:\/\/abalis-traduction.com\/en\/portail-client\/","url":"https:\/\/abalis-traduction.com\/en\/portail-client\/","name":"Portail client | Abalis Traduction | Traduction et interpr\u00e9tariat","isPartOf":{"@id":"https:\/\/abalis-traduction.com\/#website"},"datePublished":"2018-01-09T16:49:40+00:00","dateModified":"2025-10-23T13:11:30+00:00","description":"Abalis Traduction met \u00e0 votre disposition un espace s\u00e9curis\u00e9 pour \u00e9changer vos fichiers en toute s\u00e9r\u00e9nit\u00e9. | Agence de traduction et interpr\u00e9tariat","breadcrumb":{"@id":"https:\/\/abalis-traduction.com\/en\/portail-client\/#breadcrumb"},"inLanguage":"en-US","potentialAction":[{"@type":"ReadAction","target":["https:\/\/abalis-traduction.com\/en\/portail-client\/"]}]},{"@type":"BreadcrumbList","@id":"https:\/\/abalis-traduction.com\/en\/portail-client\/#breadcrumb","itemListElement":[{"@type":"ListItem","position":1,"name":"Accueil","item":"https:\/\/abalis-traduction.com\/en\/"},{"@type":"ListItem","position":2,"name":"Client Portal"}]},{"@type":"WebSite","@id":"https:\/\/abalis-traduction.com\/#website","url":"https:\/\/abalis-traduction.com\/","name":"Abalis Traduction","description":"L&#039;intelligence humaine pour accompagner votre d\u00e9veloppement international","potentialAction":[{"@type":"SearchAction","target":{"@type":"EntryPoint","urlTemplate":"https:\/\/abalis-traduction.com\/?s={search_term_string}"},"query-input":{"@type":"PropertyValueSpecification","valueRequired":true,"valueName":"search_term_string"}}],"inLanguage":"en-US"}]}},"_links":{"self":[{"href":"https:\/\/abalis-traduction.com\/en\/wp-json\/wp\/v2\/pages\/14804","targetHints":{"allow":["GET"]}}],"collection":[{"href":"https:\/\/abalis-traduction.com\/en\/wp-json\/wp\/v2\/pages"}],"about":[{"href":"https:\/\/abalis-traduction.com\/en\/wp-json\/wp\/v2\/types\/page"}],"author":[{"embeddable":true,"href":"https:\/\/abalis-traduction.com\/en\/wp-json\/wp\/v2\/users\/17"}],"replies":[{"embeddable":true,"href":"https:\/\/abalis-traduction.com\/en\/wp-json\/wp\/v2\/comments?post=14804"}],"version-history":[{"count":2,"href":"https:\/\/abalis-traduction.com\/en\/wp-json\/wp\/v2\/pages\/14804\/revisions"}],"predecessor-version":[{"id":66069,"href":"https:\/\/abalis-traduction.com\/en\/wp-json\/wp\/v2\/pages\/14804\/revisions\/66069"}],"wp:attachment":[{"href":"https:\/\/abalis-traduction.com\/en\/wp-json\/wp\/v2\/media?parent=14804"}],"curies":[{"name":"wp","href":"https:\/\/api.w.org\/{rel}","templated":true}]}}