{"id":14890,"date":"2018-01-09T16:34:22","date_gmt":"2018-01-09T16:34:22","guid":{"rendered":"https:\/\/abalis-traduction.com\/?page_id=14890"},"modified":"2025-10-23T15:24:11","modified_gmt":"2025-10-23T13:24:11","slug":"simultaneous-interpreting","status":"publish","type":"page","link":"https:\/\/abalis-traduction.com\/en\/interpreting\/simultaneous-interpreting\/","title":{"rendered":"Simultaneous interpreting"},"content":{"rendered":"<div class=\"wpb-content-wrapper\"><p>[vc_row css=&#8221;.vc_custom_1448194157402{margin-bottom: 0px !important;}&#8221;][vc_column]<div id=\"ultimate-heading-72436a03c129c7cb3\" class=\"uvc-heading ult-adjust-bottom-margin ultimate-heading-72436a03c129c7cb3 uvc-6583 \" data-hspacer=\"line_only\"  data-halign=\"center\" style=\"text-align:center\"><div class=\"uvc-main-heading ult-responsive\"  data-ultimate-target='.uvc-heading.ultimate-heading-72436a03c129c7cb3 h1'  data-responsive-json-new='{\"font-size\":\"desktop:26px;\",\"line-height\":\"desktop:45px;\"}' ><h1 style=\"font-family:&#039;Roboto&#039;;font-weight:500;color:#2A474E;margin-top:0px;margin-bottom:0px;\">SIMULTANEOUS INTERPRETING<\/h1><\/div><div class=\"uvc-heading-spacer line_only\" style=\"margin-top:20px;margin-bottom:0px;height:5px;\"><span class=\"uvc-headings-line\" style=\"border-style:solid;border-bottom-width:5px;border-color:#DD7637;width:30px;\"><\/span><\/div><\/div>[vc_separator color=&#8221;custom&#8221; el_width=&#8221;70&#8243; css=&#8221;.vc_custom_1761225791509{margin-top: -11px !important;margin-bottom: 0px !important;}&#8221; accent_color=&#8221;#2A474E&#8221;]<div class=\"ult-spacer spacer-6a03c129c7d19\" data-id=\"6a03c129c7d19\" data-height=\"30\" data-height-mobile=\"30\" data-height-tab=\"30\" data-height-tab-portrait=\"\" data-height-mobile-landscape=\"\" style=\"clear:both;display:block;\"><\/div>[\/vc_column][\/vc_row][vc_row css=&#8221;.vc_custom_1515515758768{margin-top: 20px !important;margin-bottom: 0px !important;}&#8221;][vc_column][vc_row_inner][vc_column_inner width=&#8221;1\/2&#8243; css=&#8221;.vc_custom_1515516399536{margin-bottom: 0px !important;}&#8221;][vc_column_text el_class=&#8221;p&#8221;]<\/p>\n<div id=\"attachment_1217\" class=\"wp-caption alignright\">\n<p class=\"wp-caption-text\">\n<\/div>\n<p><strong>ABALIS<\/strong> recommends simultaneous interpreting for tours of industrial sites, conferences, plenary sessions and to accompany groups and very large gatherings. A team of 2 interpreters is usually formed, alternating with each other at regular intervals to guarantee continuity of the exchanges. A single simultaneous interpreter may be proposed in certain situations.<\/p>\n<p>The interpreter simultaneously translates the words of the speaker. The interpreter listens through a headset, which enables him\/her to directly translate the speech to participants equipped with headphones. The interpreter shall ideally have the same mother tongue as the dominant language combination of the group of participants.[\/vc_column_text][\/vc_column_inner][vc_column_inner width=&#8221;1\/2&#8243; css=&#8221;.vc_custom_1515516403676{margin-top: 0px !important;}&#8221;][vc_column_text el_class=&#8221;p&#8221;]For a group of 50 French people with an English-speaking speaker, the interpreter with in-depth knowledge of the French-English language combination will be a native French-speaker to guarantee the best possible translation quality and transmit the answers to the participants\u2019 questions.<\/p>\n<p>The interpreters may be in a soundproof booth for improved sound quality and in the event of large groups of participants.<\/p>\n<p><strong>ABALIS<\/strong> can provide simultaneous interpreting services in up to 32 languages for the same assignment.[\/vc_column_text][\/vc_column_inner][\/vc_row_inner][\/vc_column][\/vc_row][vc_row css=&#8221;.vc_custom_1516122016733{margin-top: 30px !important;}&#8221;][vc_column][vc_row_inner gap=&#8221;20&#8243;][vc_column_inner width=&#8221;1\/2&#8243; css=&#8221;.vc_custom_1515515780792{margin-top: 0px !important;margin-right: 0px !important;margin-bottom: 0px !important;margin-left: 0px !important;padding-top: 0px !important;padding-right: 0px !important;padding-bottom: 0px !important;padding-left: 0px !important;}&#8221;][vc_single_image image=&#8221;14403&#8243; img_size=&#8221;full&#8221; alignment=&#8221;center&#8221; css=&#8221;.vc_custom_1515516329206{margin-top: 0px !important;margin-right: 0px !important;margin-bottom: 0px !important;margin-left: 0px !important;padding-top: 0px !important;padding-right: 0px !important;padding-bottom: 0px !important;padding-left: 0px !important;}&#8221;][\/vc_column_inner][vc_column_inner width=&#8221;1\/2&#8243; css=&#8221;.vc_custom_1761225802656{padding-top: 30px !important;padding-right: 30px !important;padding-bottom: 80px !important;padding-left: 30px !important;background: #2A474E url(https:\/\/abalis-traduction.com\/wp-content\/uploads\/2018\/01\/coin-orange.png?id=14401) !important;}&#8221;]<div id=\"ultimate-heading-53946a03c129c7d6a\" class=\"uvc-heading ult-adjust-bottom-margin ultimate-heading-53946a03c129c7d6a uvc-8335 \" data-hspacer=\"no_spacer\"  data-halign=\"left\" style=\"text-align:left\"><div class=\"uvc-heading-spacer no_spacer\" style=\"top\"><\/div><div class=\"uvc-main-heading ult-responsive\"  data-ultimate-target='.uvc-heading.ultimate-heading-53946a03c129c7d6a h3'  data-responsive-json-new='{\"font-size\":\"desktop:35px;\",\"line-height\":\"\"}' ><h3 style=\"font-family:&#039;Roboto&#039;;font-weight:700;color:#DD7637;\">ADVANTAGES<\/h3><\/div><div class=\"uvc-sub-heading ult-responsive\"  data-ultimate-target='.uvc-heading.ultimate-heading-53946a03c129c7d6a .uvc-sub-heading '  data-responsive-json-new='{\"font-size\":\"desktop:30px;\",\"line-height\":\"\"}'  style=\"font-family:&#039;Roboto&#039;;font-weight:700;color:#ffffff;\">SIMULTANEOUS INTERPRETING:<\/div><\/div><div class=\"ult-spacer spacer-6a03c129c7daf\" data-id=\"6a03c129c7daf\" data-height=\"20\" data-height-mobile=\"0\" data-height-tab=\"\" data-height-tab-portrait=\"\" data-height-mobile-landscape=\"0\" style=\"clear:both;display:block;\"><\/div><div class=\"uavc-list-icon uavc-list-icon-wrapper ult-adjust-bottom-margin p-blanc  \"><ul class=\"uavc-list\"><li><div class=\"uavc-list-content\" id=\"list-icon-wrap-6410\">\n<div class=\"uavc-list-icon bulle-orange \" data-animation=\"\" data-animation-delay=\"03\" style=\"margin-right:20px;\"><div class=\"ult-just-icon-wrapper  \"><div class=\"align-icon\" style=\"text-align:center;\">\n<div class=\"aio-icon-img \" style=\"font-size:21px;display:inline-block;\" >\n\t<img decoding=\"async\" class=\"img-icon\" alt=\"null\" src=\"https:\/\/abalis-traduction.com\/wp-content\/uploads\/2018\/01\/picto-bulle-orange.png\"\/>\n<\/div><\/div><\/div>\n<\/div><span  data-ultimate-target='#list-icon-wrap-6410 .uavc-list-desc'  data-responsive-json-new='{\"font-size\":\"\",\"line-height\":\"\"}'  class=\"uavc-list-desc ult-responsive\" style=\"\">provision of an interpreter or team depending on the specifications of your interpreting assignment;<\/span><\/div><\/li><li><div class=\"uavc-list-content\" id=\"list-icon-wrap-2439\">\n<div class=\"uavc-list-icon bulle-orange \" data-animation=\"\" data-animation-delay=\"03\" style=\"margin-right:20px;\"><div class=\"ult-just-icon-wrapper  \"><div class=\"align-icon\" style=\"text-align:center;\">\n<div class=\"aio-icon-img \" style=\"font-size:21px;display:inline-block;\" >\n\t<img decoding=\"async\" class=\"img-icon\" alt=\"null\" src=\"https:\/\/abalis-traduction.com\/wp-content\/uploads\/2018\/01\/picto-bulle-orange.png\"\/>\n<\/div><\/div><\/div>\n<\/div><span  data-ultimate-target='#list-icon-wrap-2439 .uavc-list-desc'  data-responsive-json-new='{\"font-size\":\"\",\"line-height\":\"\"}'  class=\"uavc-list-desc ult-responsive\" style=\"\">installation and operation of one or multiple soundproof booths;<\/span><\/div><\/li><li><div class=\"uavc-list-content\" id=\"list-icon-wrap-3239\">\n<div class=\"uavc-list-icon bulle-orange \" data-animation=\"\" data-animation-delay=\"03\" style=\"margin-right:20px;\"><div class=\"ult-just-icon-wrapper  \"><div class=\"align-icon\" style=\"text-align:center;\">\n<div class=\"aio-icon-img \" style=\"font-size:21px;display:inline-block;\" >\n\t<img decoding=\"async\" class=\"img-icon\" alt=\"null\" src=\"https:\/\/abalis-traduction.com\/wp-content\/uploads\/2018\/01\/picto-bulle-orange.png\"\/>\n<\/div><\/div><\/div>\n<\/div><span  data-ultimate-target='#list-icon-wrap-3239 .uavc-list-desc'  data-responsive-json-new='{\"font-size\":\"\",\"line-height\":\"\"}'  class=\"uavc-list-desc ult-responsive\" style=\"\">public address system;<\/span><\/div><\/li><li><div class=\"uavc-list-content\" id=\"list-icon-wrap-3713\">\n<div class=\"uavc-list-icon bulle-orange \" data-animation=\"\" data-animation-delay=\"03\" style=\"margin-right:20px;\"><div class=\"ult-just-icon-wrapper  \"><div class=\"align-icon\" style=\"text-align:center;\">\n<div class=\"aio-icon-img \" style=\"font-size:21px;display:inline-block;\" >\n\t<img decoding=\"async\" class=\"img-icon\" alt=\"null\" src=\"https:\/\/abalis-traduction.com\/wp-content\/uploads\/2018\/01\/picto-bulle-orange.png\"\/>\n<\/div><\/div><\/div>\n<\/div><span  data-ultimate-target='#list-icon-wrap-3713 .uavc-list-desc'  data-responsive-json-new='{\"font-size\":\"\",\"line-height\":\"\"}'  class=\"uavc-list-desc ult-responsive\" style=\"\">on-site technical assistance from technicians throughout the duration of the assignment.<\/span><\/div><\/li><\/ul><\/div>[\/vc_column_inner][\/vc_row_inner][\/vc_column][\/vc_row][vc_row css=&#8221;.vc_custom_1515488809290{margin-top: 0px !important;margin-bottom: 0px !important;}&#8221;][vc_column]<div class=\"ult-spacer spacer-6a03c129c852b\" data-id=\"6a03c129c852b\" data-height=\"30\" data-height-mobile=\"30\" data-height-tab=\"30\" data-height-tab-portrait=\"\" data-height-mobile-landscape=\"\" style=\"clear:both;display:block;\"><\/div>[\/vc_column][\/vc_row][vc_row full_width=&#8221;stretch_row&#8221; bg_type=&#8221;image&#8221; parallax_style=&#8221;vcpb-default&#8221; bg_image_new=&#8221;id^14206|url^https:\/\/abalis-traduction.com\/wp-content\/uploads\/2018\/01\/bg_call_to_action.jpg|caption^null|alt^null|title^bg_call_to_action|description^null&#8221; bg_image_repeat=&#8221;no-repeat&#8221; bg_image_size=&#8221;initial&#8221; css=&#8221;.vc_custom_1515516372297{margin-top: 50px !important;padding-top: 5px !important;padding-bottom: 5px !important;background-color: #1557a3 !important;}&#8221;][vc_column css=&#8221;.vc_custom_1515402301992{margin-top: 0px !important;}&#8221;][vc_row_inner content_placement=&#8221;middle&#8221;][vc_column_inner width=&#8221;1\/6&#8243;][vc_single_image image=&#8221;65631&#8243; img_size=&#8221;full&#8221; alignment=&#8221;center&#8221; css=&#8221;&#8221;][\/vc_column_inner][vc_column_inner width=&#8221;2\/3&#8243;]<div id=\"ultimate-heading-42526a03c129c8557\" class=\"uvc-heading ult-adjust-bottom-margin ultimate-heading-42526a03c129c8557 uvc-8824 \" data-hspacer=\"no_spacer\"  data-halign=\"left\" style=\"text-align:left\"><div class=\"uvc-heading-spacer no_spacer\" style=\"top\"><\/div><div class=\"uvc-main-heading ult-responsive\"  data-ultimate-target='.uvc-heading.ultimate-heading-42526a03c129c8557 h3'  data-responsive-json-new='{\"font-size\":\"\",\"line-height\":\"\"}' ><h3 style=\"font-family:&#039;Roboto&#039;;font-weight:700;color:#ffffff;\">ABALIS presents itself to you as the ideal partner for your international communications!<\/h3><\/div><div class=\"uvc-sub-heading ult-responsive\"  data-ultimate-target='.uvc-heading.ultimate-heading-42526a03c129c8557 .uvc-sub-heading '  data-responsive-json-new='{\"font-size\":\"\",\"line-height\":\"\"}'  style=\"font-family:&#039;Roboto&#039;;font-weight:normal;color:#f2f2f2;\">Feel free to contact us for more information!<\/div><\/div>[\/vc_column_inner][vc_column_inner width=&#8221;1\/6&#8243;]<div class=\" ubtn-ctn-center \"><a class=\"ubtn-link ult-adjust-bottom-margin ubtn-center ubtn-small \"  rel='' href = \"https:\/\/abalis-traduction.com\/en\/contact\/\" ><button type=\"button\" id=\"ubtn-3826\" class=\"ubtn ult-adjust-bottom-margin ult-responsive ubtn-small ubtn-fade-bg  none  ubtn-center   tooltip-6a03c129c85a6\"  data-hover=\"#ffffff\" data-border-color=\"\" data-bg=\"#ffffff\" data-hover-bg=\"#DD7637\" data-border-hover=\"\" data-shadow-hover=\"\" data-shadow-click=\"none\" data-shadow=\"\" data-shd-shadow=\"\"  data-ultimate-target='#ubtn-3826'  data-responsive-json-new='{\"font-size\":\"\",\"line-height\":\"\"}'  style=\"font-weight:normal;border:none;background: #ffffff;color: #2A474E;\"><span class=\"ubtn-hover\" style=\"background-color:#DD7637\"><\/span><span class=\"ubtn-data ubtn-text \" >CONTACT US<\/span><\/button><\/a><\/div>[\/vc_column_inner][\/vc_row_inner][\/vc_column][\/vc_row]<\/p>\n<\/div>","protected":false},"excerpt":{"rendered":"<p>[vc_row css=&#8221;.vc_custom_1448194157402{margin-bottom: 0px !important;}&#8221;][vc_column][vc_separator color=&#8221;custom&#8221; el_width=&#8221;70&#8243; css=&#8221;.vc_custom_1761225791509{margin-top: -11px !important;margin-bottom: 0px !important;}&#8221; accent_color=&#8221;#2A474E&#8221;][\/vc_column][\/vc_row][vc_row css=&#8221;.vc_custom_1515515758768{margin-top: 20px !important;margin-bottom: 0px !important;}&#8221;][vc_column][vc_row_inner][vc_column_inner width=&#8221;1\/2&#8243; css=&#8221;.vc_custom_1515516399536{margin-bottom: 0px !important;}&#8221;][vc_column_text el_class=&#8221;p&#8221;] ABALIS recommends simultaneous interpreting for tours of industrial&nbsp;<a href=\"https:\/\/abalis-traduction.com\/en\/interpreting\/simultaneous-interpreting\/\">[&hellip;]<\/a><\/p>\n","protected":false},"author":17,"featured_media":0,"parent":14812,"menu_order":0,"comment_status":"closed","ping_status":"closed","template":"template-fullwidth.php","meta":{"footnotes":""},"class_list":["post-14890","page","type-page","status-publish","hentry"],"yoast_head":"<!-- This site is optimized with the Yoast SEO plugin v26.0 - https:\/\/yoast.com\/wordpress\/plugins\/seo\/ -->\n<title>Interpr\u00e9tariat simultan\u00e9 | Agence de traduction | ABALIS TRADUCTION<\/title>\n<meta name=\"description\" content=\"Abalis Traduction vous propose l&#039;interpr\u00e9tariat simultan\u00e9 pour traduire en temps r\u00e9el les discours de vos interlocuteurs lors de visite de site, conf\u00e9rences... | Agence de traduction\" \/>\n<meta name=\"robots\" content=\"index, follow, max-snippet:-1, max-image-preview:large, max-video-preview:-1\" \/>\n<link rel=\"canonical\" href=\"https:\/\/abalis-traduction.com\/en\/interpreting\/simultaneous-interpreting\/\" \/>\n<meta property=\"og:locale\" content=\"en_US\" \/>\n<meta property=\"og:type\" content=\"article\" \/>\n<meta property=\"og:title\" content=\"Interpr\u00e9tariat simultan\u00e9 | Agence de traduction | ABALIS TRADUCTION\" \/>\n<meta property=\"og:description\" content=\"Abalis Traduction vous propose l&#039;interpr\u00e9tariat simultan\u00e9 pour traduire en temps r\u00e9el les discours de vos interlocuteurs lors de visite de site, conf\u00e9rences... | Agence de traduction\" \/>\n<meta property=\"og:url\" content=\"https:\/\/abalis-traduction.com\/en\/interpreting\/simultaneous-interpreting\/\" \/>\n<meta property=\"og:site_name\" content=\"Abalis Traduction\" \/>\n<meta property=\"article:modified_time\" content=\"2025-10-23T13:24:11+00:00\" \/>\n<meta name=\"twitter:card\" content=\"summary_large_image\" \/>\n<meta name=\"twitter:label1\" content=\"Est. reading time\" \/>\n\t<meta name=\"twitter:data1\" content=\"3 minutes\" \/>\n<script type=\"application\/ld+json\" class=\"yoast-schema-graph\">{\"@context\":\"https:\/\/schema.org\",\"@graph\":[{\"@type\":\"WebPage\",\"@id\":\"https:\/\/abalis-traduction.com\/en\/interpreting\/simultaneous-interpreting\/\",\"url\":\"https:\/\/abalis-traduction.com\/en\/interpreting\/simultaneous-interpreting\/\",\"name\":\"Interpr\u00e9tariat simultan\u00e9 | Agence de traduction | ABALIS TRADUCTION\",\"isPartOf\":{\"@id\":\"https:\/\/abalis-traduction.com\/#website\"},\"datePublished\":\"2018-01-09T16:34:22+00:00\",\"dateModified\":\"2025-10-23T13:24:11+00:00\",\"description\":\"Abalis Traduction vous propose l'interpr\u00e9tariat simultan\u00e9 pour traduire en temps r\u00e9el les discours de vos interlocuteurs lors de visite de site, conf\u00e9rences... | Agence de traduction\",\"breadcrumb\":{\"@id\":\"https:\/\/abalis-traduction.com\/en\/interpreting\/simultaneous-interpreting\/#breadcrumb\"},\"inLanguage\":\"en-US\",\"potentialAction\":[{\"@type\":\"ReadAction\",\"target\":[\"https:\/\/abalis-traduction.com\/en\/interpreting\/simultaneous-interpreting\/\"]}]},{\"@type\":\"BreadcrumbList\",\"@id\":\"https:\/\/abalis-traduction.com\/en\/interpreting\/simultaneous-interpreting\/#breadcrumb\",\"itemListElement\":[{\"@type\":\"ListItem\",\"position\":1,\"name\":\"Accueil\",\"item\":\"https:\/\/abalis-traduction.com\/en\/\"},{\"@type\":\"ListItem\",\"position\":2,\"name\":\"Interpreting\",\"item\":\"https:\/\/abalis-traduction.com\/en\/interpreting\/\"},{\"@type\":\"ListItem\",\"position\":3,\"name\":\"Simultaneous interpreting\"}]},{\"@type\":\"WebSite\",\"@id\":\"https:\/\/abalis-traduction.com\/#website\",\"url\":\"https:\/\/abalis-traduction.com\/\",\"name\":\"Abalis Traduction\",\"description\":\"L&#039;intelligence humaine pour accompagner votre d\u00e9veloppement international\",\"potentialAction\":[{\"@type\":\"SearchAction\",\"target\":{\"@type\":\"EntryPoint\",\"urlTemplate\":\"https:\/\/abalis-traduction.com\/?s={search_term_string}\"},\"query-input\":{\"@type\":\"PropertyValueSpecification\",\"valueRequired\":true,\"valueName\":\"search_term_string\"}}],\"inLanguage\":\"en-US\"}]}<\/script>\n<!-- \/ Yoast SEO plugin. -->","yoast_head_json":{"title":"Interpr\u00e9tariat simultan\u00e9 | Agence de traduction | ABALIS TRADUCTION","description":"Abalis Traduction vous propose l'interpr\u00e9tariat simultan\u00e9 pour traduire en temps r\u00e9el les discours de vos interlocuteurs lors de visite de site, conf\u00e9rences... | Agence de traduction","robots":{"index":"index","follow":"follow","max-snippet":"max-snippet:-1","max-image-preview":"max-image-preview:large","max-video-preview":"max-video-preview:-1"},"canonical":"https:\/\/abalis-traduction.com\/en\/interpreting\/simultaneous-interpreting\/","og_locale":"en_US","og_type":"article","og_title":"Interpr\u00e9tariat simultan\u00e9 | Agence de traduction | ABALIS TRADUCTION","og_description":"Abalis Traduction vous propose l'interpr\u00e9tariat simultan\u00e9 pour traduire en temps r\u00e9el les discours de vos interlocuteurs lors de visite de site, conf\u00e9rences... | Agence de traduction","og_url":"https:\/\/abalis-traduction.com\/en\/interpreting\/simultaneous-interpreting\/","og_site_name":"Abalis Traduction","article_modified_time":"2025-10-23T13:24:11+00:00","twitter_card":"summary_large_image","twitter_misc":{"Est. reading time":"3 minutes"},"schema":{"@context":"https:\/\/schema.org","@graph":[{"@type":"WebPage","@id":"https:\/\/abalis-traduction.com\/en\/interpreting\/simultaneous-interpreting\/","url":"https:\/\/abalis-traduction.com\/en\/interpreting\/simultaneous-interpreting\/","name":"Interpr\u00e9tariat simultan\u00e9 | Agence de traduction | ABALIS TRADUCTION","isPartOf":{"@id":"https:\/\/abalis-traduction.com\/#website"},"datePublished":"2018-01-09T16:34:22+00:00","dateModified":"2025-10-23T13:24:11+00:00","description":"Abalis Traduction vous propose l'interpr\u00e9tariat simultan\u00e9 pour traduire en temps r\u00e9el les discours de vos interlocuteurs lors de visite de site, conf\u00e9rences... | Agence de traduction","breadcrumb":{"@id":"https:\/\/abalis-traduction.com\/en\/interpreting\/simultaneous-interpreting\/#breadcrumb"},"inLanguage":"en-US","potentialAction":[{"@type":"ReadAction","target":["https:\/\/abalis-traduction.com\/en\/interpreting\/simultaneous-interpreting\/"]}]},{"@type":"BreadcrumbList","@id":"https:\/\/abalis-traduction.com\/en\/interpreting\/simultaneous-interpreting\/#breadcrumb","itemListElement":[{"@type":"ListItem","position":1,"name":"Accueil","item":"https:\/\/abalis-traduction.com\/en\/"},{"@type":"ListItem","position":2,"name":"Interpreting","item":"https:\/\/abalis-traduction.com\/en\/interpreting\/"},{"@type":"ListItem","position":3,"name":"Simultaneous interpreting"}]},{"@type":"WebSite","@id":"https:\/\/abalis-traduction.com\/#website","url":"https:\/\/abalis-traduction.com\/","name":"Abalis Traduction","description":"L&#039;intelligence humaine pour accompagner votre d\u00e9veloppement international","potentialAction":[{"@type":"SearchAction","target":{"@type":"EntryPoint","urlTemplate":"https:\/\/abalis-traduction.com\/?s={search_term_string}"},"query-input":{"@type":"PropertyValueSpecification","valueRequired":true,"valueName":"search_term_string"}}],"inLanguage":"en-US"}]}},"_links":{"self":[{"href":"https:\/\/abalis-traduction.com\/en\/wp-json\/wp\/v2\/pages\/14890","targetHints":{"allow":["GET"]}}],"collection":[{"href":"https:\/\/abalis-traduction.com\/en\/wp-json\/wp\/v2\/pages"}],"about":[{"href":"https:\/\/abalis-traduction.com\/en\/wp-json\/wp\/v2\/types\/page"}],"author":[{"embeddable":true,"href":"https:\/\/abalis-traduction.com\/en\/wp-json\/wp\/v2\/users\/17"}],"replies":[{"embeddable":true,"href":"https:\/\/abalis-traduction.com\/en\/wp-json\/wp\/v2\/comments?post=14890"}],"version-history":[{"count":2,"href":"https:\/\/abalis-traduction.com\/en\/wp-json\/wp\/v2\/pages\/14890\/revisions"}],"predecessor-version":[{"id":66077,"href":"https:\/\/abalis-traduction.com\/en\/wp-json\/wp\/v2\/pages\/14890\/revisions\/66077"}],"up":[{"embeddable":true,"href":"https:\/\/abalis-traduction.com\/en\/wp-json\/wp\/v2\/pages\/14812"}],"wp:attachment":[{"href":"https:\/\/abalis-traduction.com\/en\/wp-json\/wp\/v2\/media?parent=14890"}],"curies":[{"name":"wp","href":"https:\/\/api.w.org\/{rel}","templated":true}]}}