{"id":14919,"date":"2018-01-16T16:21:00","date_gmt":"2018-01-16T16:21:00","guid":{"rendered":"https:\/\/abalis-traduction.com\/?page_id=14919"},"modified":"2025-10-09T17:32:02","modified_gmt":"2025-10-09T15:32:02","slug":"localisation","status":"publish","type":"page","link":"https:\/\/abalis-traduction.com\/en\/prestations-supports\/localisation\/","title":{"rendered":"Localisation"},"content":{"rendered":"<div class=\"wpb-content-wrapper\"><p>[vc_row css=&#8221;.vc_custom_1448194157402{margin-bottom: 0px !important;}&#8221;][vc_column]<div id=\"ultimate-heading-102669e09497e631b\" class=\"uvc-heading ult-adjust-bottom-margin ultimate-heading-102669e09497e631b uvc-6094 \" data-hspacer=\"line_only\"  data-halign=\"center\" style=\"text-align:center\"><div class=\"uvc-main-heading ult-responsive\"  data-ultimate-target='.uvc-heading.ultimate-heading-102669e09497e631b h1'  data-responsive-json-new='{\"font-size\":\"desktop:26px;\",\"line-height\":\"desktop:45px;\"}' ><h1 style=\"font-family:&#039;Roboto&#039;;font-weight:500;color:#2A474E;margin-top:0px;margin-bottom:0px;\">LOCALISATION<\/h1><\/div><div class=\"uvc-heading-spacer line_only\" style=\"margin-top:20px;margin-bottom:0px;height:5px;\"><span class=\"uvc-headings-line\" style=\"border-style:solid;border-bottom-width:5px;border-color:#DD7637;width:30px;\"><\/span><\/div><\/div>[vc_separator color=&#8221;custom&#8221; el_width=&#8221;70&#8243; css=&#8221;.vc_custom_1760023850170{margin-top: -11px !important;margin-bottom: 0px !important;}&#8221; accent_color=&#8221;#2A474E&#8221;]<div class=\"ult-spacer spacer-69e09497e6376\" data-id=\"69e09497e6376\" data-height=\"10\" data-height-mobile=\"10\" data-height-tab=\"10\" data-height-tab-portrait=\"\" data-height-mobile-landscape=\"\" style=\"clear:both;display:block;\"><\/div><div id=\"ultimate-heading-991069e09497e63a8\" class=\"uvc-heading ult-adjust-bottom-margin ultimate-heading-991069e09497e63a8 uvc-2598 \" data-hspacer=\"no_spacer\"  data-halign=\"center\" style=\"text-align:center\"><div class=\"uvc-heading-spacer no_spacer\" style=\"top\"><\/div><div class=\"uvc-main-heading ult-responsive\"  data-ultimate-target='.uvc-heading.ultimate-heading-991069e09497e63a8 h2'  data-responsive-json-new='{\"font-size\":\"desktop:26px;\",\"line-height\":\"desktop:45px;\"}' ><h2 style=\"font-family:&#039;Roboto&#039;;font-weight:normal;font-style:normal;color:#2A474E;margin-top:0px;margin-bottom:0px;\">ABALIS : des comp\u00e9tences m\u00e9tier adapt\u00e9es aux cultures du monde<\/h2><\/div><\/div><div class=\"ult-spacer spacer-69e09497e63dc\" data-id=\"69e09497e63dc\" data-height=\"30\" data-height-mobile=\"15\" data-height-tab=\"15\" data-height-tab-portrait=\"15\" data-height-mobile-landscape=\"15\" style=\"clear:both;display:block;\"><\/div>[\/vc_column][\/vc_row][vc_row css=&#8221;.vc_custom_1515488809290{margin-top: 0px !important;margin-bottom: 0px !important;}&#8221;][vc_column][vc_row_inner][vc_column_inner][vc_single_image image=&#8221;16065&#8243; img_size=&#8221;full&#8221; alignment=&#8221;center&#8221;][vc_column_text el_class=&#8221;p&#8221;]Nos \u00e9quipes techniques sont en mesure de vous apporter une \u00e9tude projet compl\u00e8te dans le but de localiser un produit. La prise en compte de param\u00e8tres, comme la culture du pays ou de la r\u00e9gion, est primordiale dans cette \u00e9tude.<\/p>\n<p>La<strong> localisation linguistique<\/strong> ne se limite donc pas \u00e0 une simple traduction professionnelle mais int\u00e8gre la culture du pays de la langue cible de traduction en vue de correspondre pleinement aux attentes.<\/p>\n<p>Les formats pouvant \u00eatre trait\u00e9s au sein de l\u2019agence<strong> ABALIS<\/strong> sont notamment xml, csv et html.[\/vc_column_text][\/vc_column_inner][\/vc_row_inner][\/vc_column][\/vc_row][vc_row css=&#8221;.vc_custom_1516203911109{margin-top: 0px !important;margin-bottom: 30px !important;}&#8221;][vc_column][vc_row_inner css=&#8221;.vc_custom_1760023809925{padding-right: 15px !important;padding-bottom: 15px !important;padding-left: 15px !important;background-color: #DD7637 !important;}&#8221;][vc_column_inner]<div id=\"ultimate-heading-820169e09497e6401\" class=\"uvc-heading ult-adjust-bottom-margin ultimate-heading-820169e09497e6401 uvc-7333 \" data-hspacer=\"no_spacer\"  data-halign=\"center\" style=\"text-align:center\"><div class=\"uvc-heading-spacer no_spacer\" style=\"top\"><\/div><div class=\"uvc-main-heading ult-responsive\"  data-ultimate-target='.uvc-heading.ultimate-heading-820169e09497e6401 h2'  data-responsive-json-new='{\"font-size\":\"\",\"line-height\":\"\"}' ><h2 style=\"font-family:&#039;Roboto&#039;;font-weight:700;color:#ffffff;margin-bottom:20px;\">VOUS SOUHAITEZ UN DEVIS D\u00c9TAILL\u00c9 SELON VOTRE DEMANDE ?<\/h2><\/div><div class=\"uvc-sub-heading ult-responsive\"  data-ultimate-target='.uvc-heading.ultimate-heading-820169e09497e6401 .uvc-sub-heading '  data-responsive-json-new='{\"font-size\":\"\",\"line-height\":\"\"}'  style=\"font-family:&#039;Roboto&#039;;font-weight:normal;color:#ffffff;\">Transmettez-nous les originaux par courrier \u00e0 l\u2019adresse postale suivante et n\u2019oubliez pas de pr\u00e9ciser le d\u00e9lai de livraison souhait\u00e9 :<\/p>\n<p><strong>ABALIS TRADUCTION, 4 rue Augustin Bernard Mouchot, 45000 Orl\u00e9ans<\/strong><\/div><\/div>[\/vc_column_inner][\/vc_row_inner][\/vc_column][\/vc_row][vc_row full_width=&#8221;stretch_row&#8221; bg_type=&#8221;image&#8221; parallax_style=&#8221;vcpb-default&#8221; bg_image_new=&#8221;id^14206|url^https:\/\/abalis-traduction.com\/wp-content\/uploads\/2018\/01\/bg_call_to_action.jpg|caption^null|alt^null|title^bg_call_to_action|description^null&#8221; bg_image_repeat=&#8221;no-repeat&#8221; bg_image_size=&#8221;initial&#8221; css=&#8221;.vc_custom_1760023818513{margin-top: 50px !important;padding-top: 5px !important;padding-bottom: 5px !important;background-color: #2A474E !important;}&#8221;][vc_column css=&#8221;.vc_custom_1515402301992{margin-top: 0px !important;}&#8221;][vc_row_inner content_placement=&#8221;middle&#8221;][vc_column_inner width=&#8221;1\/6&#8243;][vc_single_image image=&#8221;65630&#8243; img_size=&#8221;full&#8221; alignment=&#8221;center&#8221; css=&#8221;&#8221;][\/vc_column_inner][vc_column_inner width=&#8221;2\/3&#8243;]<div id=\"ultimate-heading-375469e09497e6445\" class=\"uvc-heading ult-adjust-bottom-margin ultimate-heading-375469e09497e6445 uvc-833 \" data-hspacer=\"no_spacer\"  data-halign=\"left\" style=\"text-align:left\"><div class=\"uvc-heading-spacer no_spacer\" style=\"top\"><\/div><div class=\"uvc-main-heading ult-responsive\"  data-ultimate-target='.uvc-heading.ultimate-heading-375469e09497e6445 h3'  data-responsive-json-new='{\"font-size\":\"\",\"line-height\":\"\"}' ><h3 style=\"font-family:&#039;Roboto&#039;;font-weight:700;color:#ffffff;\">ABALIS se pr\u00e9sente \u00e0 vous comme le partenaire id\u00e9al de votre communication \u00e0 l\u2019international !<\/h3><\/div><div class=\"uvc-sub-heading ult-responsive\"  data-ultimate-target='.uvc-heading.ultimate-heading-375469e09497e6445 .uvc-sub-heading '  data-responsive-json-new='{\"font-size\":\"\",\"line-height\":\"\"}'  style=\"font-family:&#039;Roboto&#039;;font-weight:normal;color:#f2f2f2;\">Alors n\u2019h\u00e9sitez pas \u00e0 nous contacter pour avoir plus de renseignements !<\/div><\/div>[\/vc_column_inner][vc_column_inner width=&#8221;1\/6&#8243;]<div class=\" ubtn-ctn-center \"><a class=\"ubtn-link ult-adjust-bottom-margin ubtn-center ubtn-small \"  rel='' href = \"https:\/\/abalis-traduction.com\/contact\/\" ><button type=\"button\" id=\"ubtn-5882\" class=\"ubtn ult-adjust-bottom-margin ult-responsive ubtn-small ubtn-fade-bg  none  ubtn-center   tooltip-69e09497e6484\"  data-hover=\"#ffffff\" data-border-color=\"\" data-bg=\"#ffffff\" data-hover-bg=\"#e85c0d\" data-border-hover=\"\" data-shadow-hover=\"\" data-shadow-click=\"none\" data-shadow=\"\" data-shd-shadow=\"\"  data-ultimate-target='#ubtn-5882'  data-responsive-json-new='{\"font-size\":\"\",\"line-height\":\"\"}'  style=\"font-weight:normal;border:none;background: #ffffff;color: #2A474E;\"><span class=\"ubtn-hover\" style=\"background-color:#e85c0d\"><\/span><span class=\"ubtn-data ubtn-text \" >CONTACTEZ-NOUS<\/span><\/button><\/a><\/div>[\/vc_column_inner][\/vc_row_inner][\/vc_column][\/vc_row]<\/p>\n<\/div>","protected":false},"excerpt":{"rendered":"<p>[vc_row css=&#8221;.vc_custom_1448194157402{margin-bottom: 0px !important;}&#8221;][vc_column][vc_separator color=&#8221;custom&#8221; el_width=&#8221;70&#8243; css=&#8221;.vc_custom_1760023850170{margin-top: -11px !important;margin-bottom: 0px !important;}&#8221; accent_color=&#8221;#2A474E&#8221;][\/vc_column][\/vc_row][vc_row css=&#8221;.vc_custom_1515488809290{margin-top: 0px !important;margin-bottom: 0px !important;}&#8221;][vc_column][vc_row_inner][vc_column_inner][vc_single_image image=&#8221;16065&#8243; img_size=&#8221;full&#8221; alignment=&#8221;center&#8221;][vc_column_text el_class=&#8221;p&#8221;]Nos \u00e9quipes techniques sont en mesure de vous apporter une&nbsp;<a href=\"https:\/\/abalis-traduction.com\/en\/prestations-supports\/localisation\/\">[&hellip;]<\/a><\/p>\n","protected":false},"author":17,"featured_media":0,"parent":14821,"menu_order":0,"comment_status":"closed","ping_status":"closed","template":"template-fullwidth.php","meta":{"footnotes":""},"class_list":["post-14919","page","type-page","status-publish","hentry"],"yoast_head":"<!-- This site is optimized with the Yoast SEO plugin v26.0 - https:\/\/yoast.com\/wordpress\/plugins\/seo\/ -->\n<title>Localisation | Abalis Traduction | Agence de traduction et interpr\u00e9tariat<\/title>\n<meta name=\"description\" content=\"Notre service linguistique ne se limite pas \u00e0 la traduction. Nos \u00e9quipes sont en mesure d&#039;int\u00e9grer \u00e0 vos projets la culture d&#039;un pays. | Abalis Traduction\" \/>\n<meta name=\"robots\" content=\"index, follow, max-snippet:-1, max-image-preview:large, max-video-preview:-1\" \/>\n<link rel=\"canonical\" href=\"https:\/\/abalis-traduction.com\/en\/prestations-supports\/localisation\/\" \/>\n<meta property=\"og:locale\" content=\"en_US\" \/>\n<meta property=\"og:type\" content=\"article\" \/>\n<meta property=\"og:title\" content=\"Localisation | Abalis Traduction | Agence de traduction et interpr\u00e9tariat\" \/>\n<meta property=\"og:description\" content=\"Notre service linguistique ne se limite pas \u00e0 la traduction. Nos \u00e9quipes sont en mesure d&#039;int\u00e9grer \u00e0 vos projets la culture d&#039;un pays. | Abalis Traduction\" \/>\n<meta property=\"og:url\" content=\"https:\/\/abalis-traduction.com\/en\/prestations-supports\/localisation\/\" \/>\n<meta property=\"og:site_name\" content=\"Abalis Traduction\" \/>\n<meta property=\"article:modified_time\" content=\"2025-10-09T15:32:02+00:00\" \/>\n<meta name=\"twitter:card\" content=\"summary_large_image\" \/>\n<meta name=\"twitter:label1\" content=\"Est. reading time\" \/>\n\t<meta name=\"twitter:data1\" content=\"4 minutes\" \/>\n<script type=\"application\/ld+json\" class=\"yoast-schema-graph\">{\"@context\":\"https:\/\/schema.org\",\"@graph\":[{\"@type\":\"WebPage\",\"@id\":\"https:\/\/abalis-traduction.com\/en\/prestations-supports\/localisation\/\",\"url\":\"https:\/\/abalis-traduction.com\/en\/prestations-supports\/localisation\/\",\"name\":\"Localisation | Abalis Traduction | Agence de traduction et interpr\u00e9tariat\",\"isPartOf\":{\"@id\":\"https:\/\/abalis-traduction.com\/#website\"},\"datePublished\":\"2018-01-16T16:21:00+00:00\",\"dateModified\":\"2025-10-09T15:32:02+00:00\",\"description\":\"Notre service linguistique ne se limite pas \u00e0 la traduction. Nos \u00e9quipes sont en mesure d'int\u00e9grer \u00e0 vos projets la culture d'un pays. | Abalis Traduction\",\"breadcrumb\":{\"@id\":\"https:\/\/abalis-traduction.com\/en\/prestations-supports\/localisation\/#breadcrumb\"},\"inLanguage\":\"en-US\",\"potentialAction\":[{\"@type\":\"ReadAction\",\"target\":[\"https:\/\/abalis-traduction.com\/en\/prestations-supports\/localisation\/\"]}]},{\"@type\":\"BreadcrumbList\",\"@id\":\"https:\/\/abalis-traduction.com\/en\/prestations-supports\/localisation\/#breadcrumb\",\"itemListElement\":[{\"@type\":\"ListItem\",\"position\":1,\"name\":\"Accueil\",\"item\":\"https:\/\/abalis-traduction.com\/en\/\"},{\"@type\":\"ListItem\",\"position\":2,\"name\":\"Prestations Supports\",\"item\":\"https:\/\/abalis-traduction.com\/en\/prestations-supports\/\"},{\"@type\":\"ListItem\",\"position\":3,\"name\":\"Localisation\"}]},{\"@type\":\"WebSite\",\"@id\":\"https:\/\/abalis-traduction.com\/#website\",\"url\":\"https:\/\/abalis-traduction.com\/\",\"name\":\"Abalis Traduction\",\"description\":\"L&#039;intelligence humaine pour accompagner votre d\u00e9veloppement international\",\"potentialAction\":[{\"@type\":\"SearchAction\",\"target\":{\"@type\":\"EntryPoint\",\"urlTemplate\":\"https:\/\/abalis-traduction.com\/?s={search_term_string}\"},\"query-input\":{\"@type\":\"PropertyValueSpecification\",\"valueRequired\":true,\"valueName\":\"search_term_string\"}}],\"inLanguage\":\"en-US\"}]}<\/script>\n<!-- \/ Yoast SEO plugin. -->","yoast_head_json":{"title":"Localisation | Abalis Traduction | Agence de traduction et interpr\u00e9tariat","description":"Notre service linguistique ne se limite pas \u00e0 la traduction. Nos \u00e9quipes sont en mesure d'int\u00e9grer \u00e0 vos projets la culture d'un pays. | Abalis Traduction","robots":{"index":"index","follow":"follow","max-snippet":"max-snippet:-1","max-image-preview":"max-image-preview:large","max-video-preview":"max-video-preview:-1"},"canonical":"https:\/\/abalis-traduction.com\/en\/prestations-supports\/localisation\/","og_locale":"en_US","og_type":"article","og_title":"Localisation | Abalis Traduction | Agence de traduction et interpr\u00e9tariat","og_description":"Notre service linguistique ne se limite pas \u00e0 la traduction. Nos \u00e9quipes sont en mesure d'int\u00e9grer \u00e0 vos projets la culture d'un pays. | Abalis Traduction","og_url":"https:\/\/abalis-traduction.com\/en\/prestations-supports\/localisation\/","og_site_name":"Abalis Traduction","article_modified_time":"2025-10-09T15:32:02+00:00","twitter_card":"summary_large_image","twitter_misc":{"Est. reading time":"4 minutes"},"schema":{"@context":"https:\/\/schema.org","@graph":[{"@type":"WebPage","@id":"https:\/\/abalis-traduction.com\/en\/prestations-supports\/localisation\/","url":"https:\/\/abalis-traduction.com\/en\/prestations-supports\/localisation\/","name":"Localisation | Abalis Traduction | Agence de traduction et interpr\u00e9tariat","isPartOf":{"@id":"https:\/\/abalis-traduction.com\/#website"},"datePublished":"2018-01-16T16:21:00+00:00","dateModified":"2025-10-09T15:32:02+00:00","description":"Notre service linguistique ne se limite pas \u00e0 la traduction. Nos \u00e9quipes sont en mesure d'int\u00e9grer \u00e0 vos projets la culture d'un pays. | Abalis Traduction","breadcrumb":{"@id":"https:\/\/abalis-traduction.com\/en\/prestations-supports\/localisation\/#breadcrumb"},"inLanguage":"en-US","potentialAction":[{"@type":"ReadAction","target":["https:\/\/abalis-traduction.com\/en\/prestations-supports\/localisation\/"]}]},{"@type":"BreadcrumbList","@id":"https:\/\/abalis-traduction.com\/en\/prestations-supports\/localisation\/#breadcrumb","itemListElement":[{"@type":"ListItem","position":1,"name":"Accueil","item":"https:\/\/abalis-traduction.com\/en\/"},{"@type":"ListItem","position":2,"name":"Prestations Supports","item":"https:\/\/abalis-traduction.com\/en\/prestations-supports\/"},{"@type":"ListItem","position":3,"name":"Localisation"}]},{"@type":"WebSite","@id":"https:\/\/abalis-traduction.com\/#website","url":"https:\/\/abalis-traduction.com\/","name":"Abalis Traduction","description":"L&#039;intelligence humaine pour accompagner votre d\u00e9veloppement international","potentialAction":[{"@type":"SearchAction","target":{"@type":"EntryPoint","urlTemplate":"https:\/\/abalis-traduction.com\/?s={search_term_string}"},"query-input":{"@type":"PropertyValueSpecification","valueRequired":true,"valueName":"search_term_string"}}],"inLanguage":"en-US"}]}},"_links":{"self":[{"href":"https:\/\/abalis-traduction.com\/en\/wp-json\/wp\/v2\/pages\/14919","targetHints":{"allow":["GET"]}}],"collection":[{"href":"https:\/\/abalis-traduction.com\/en\/wp-json\/wp\/v2\/pages"}],"about":[{"href":"https:\/\/abalis-traduction.com\/en\/wp-json\/wp\/v2\/types\/page"}],"author":[{"embeddable":true,"href":"https:\/\/abalis-traduction.com\/en\/wp-json\/wp\/v2\/users\/17"}],"replies":[{"embeddable":true,"href":"https:\/\/abalis-traduction.com\/en\/wp-json\/wp\/v2\/comments?post=14919"}],"version-history":[{"count":2,"href":"https:\/\/abalis-traduction.com\/en\/wp-json\/wp\/v2\/pages\/14919\/revisions"}],"predecessor-version":[{"id":65866,"href":"https:\/\/abalis-traduction.com\/en\/wp-json\/wp\/v2\/pages\/14919\/revisions\/65866"}],"up":[{"embeddable":true,"href":"https:\/\/abalis-traduction.com\/en\/wp-json\/wp\/v2\/pages\/14821"}],"wp:attachment":[{"href":"https:\/\/abalis-traduction.com\/en\/wp-json\/wp\/v2\/media?parent=14919"}],"curies":[{"name":"wp","href":"https:\/\/api.w.org\/{rel}","templated":true}]}}